{"id":47774,"date":"2021-10-27T08:23:27","date_gmt":"2021-10-27T12:23:27","guid":{"rendered":"https:\/\/ciccarellilawoffices.kinsta.cloud\/arizona\/?page_id=47774"},"modified":"2021-11-08T19:26:40","modified_gmt":"2021-11-08T23:26:40","slug":"phoenix-drug-paraphernalia-abogado","status":"publish","type":"page","link":"https:\/\/ciccarelli.com\/arizona\/phoenix-drug-paraphernalia-abogado\/","title":{"rendered":"Phoenix Drug Paraphernalia Abogado"},"content":{"rendered":"<p>Las personas en Phoenix Arizona pueden ser procesadas por parafernalia de drogas. Un cargo criminal o arresto o citaci\u00f3n por parafernalia de drogas no debe serinored. Una cosa es cierta acerca de estas situaciones: cualquier persona que enfrente un cargo de parafernalia de drogas debe buscar asesor\u00eda legal lo antes posible. Si enfrenta cargos por drogas en Phoenix, Arizona, cont\u00e1ctenos inmediatamentepara obtener asesoramiento yrepresentaci\u00f3n. En las <strong>Oficinas Legales de Ciccarelli<\/strong>,nuestro equipo tiene la experiencia y los recursosnecesarios para investigar a fondo los cargos en su contra. Sabemos que las penas por una condena por delitos de drogas son demasiado graves para ser ignoradas, as\u00ed que vamos a ponernos a trabajar para ayudar a que estos cargos se reduzcan o desestimen.<\/p>\n<p>Somos un equipo experimentado de abogados litigantes decididos a luchar por usted cuando enfrenta cargos por posesi\u00f3n o venta de una droga peligrosa. Cont\u00e1ctenos ahora ya sea que est\u00e9 bajo sospecha, o si el Estado de Arizona lo est\u00e1 atacando y acus\u00e1ndolo de entrega de medicamentos en el \u00e1rea metropolitana de Phoenix y el Valle del Sol, incluidos Tempe, Chandler, Gilbert y Scottsdale.<\/p>\n<h2>Elegir abogados experimentados que est\u00e9n listos para luchar por usted cuando se enfrenta a un arresto por drogas peligrosas en Phoenix, Arizona<\/h2>\n<ul>\n<li><strong>Lee Ciccarelli y son abogados experimentados que lideran un equipo listo para luchar por usted como si fuera su familia. Est\u00e1 en nuestro ADN tener su espalda cuando se enfrenta a cargos por drogas.<\/strong><\/li>\n<li>Comprender y mantenera nuestro cliente y su familia es tan importante como revisar y atacar el caso del fiscal y su evidencia de una violaci\u00f3n de drogas.<\/li>\n<li>Lee y son abogados respetados y temidos, reconocidoscon numerosos premios, incluidos Super <strong>Lawyers, y han asumido los casos m\u00e1s graves de drogas de<\/strong> posesi\u00f3npeligrosa de drogas, tr\u00e1fico de drogas y casos de homicidio de drogas.<\/li>\n<li>Todo nuestro equipo est\u00e1 dedicado a brindar defensa a cada cliente, y nos enfrentamos agresivamente a los fiscales y funcionarios encargados de hacer cumplir la ley.<\/li>\n<\/ul>\n<h2>Phoenix Delitos de parafernalia de drogas peligrosas<\/h2>\n<p>Ahora es el momento de actuar y el momento de hacer una diferencia cuando usted o un miembro de su familia enfrenta cargos por drogas en Phoenix Arizona. Obtenga ayuda ahora si est\u00e1 bajo sospecha por delitos de drogas o si est\u00e1 llegando a un acuerdo con un arresto o encarcelamiento pendiente de fianza. Entendemos que est\u00e1 buscando el mejor abogado penalista de Phoenix para usted y uno que sea respetado y temido por los fiscales. Cont\u00e1ctenos ahora para una evaluaci\u00f3n gratuita de sucaso.<\/p>\n<p>La adquisici\u00f3n de una droga narc\u00f3tica o marihuana, seg\u00fan A.R.S. 13-3408 (A) (6), ocurre cuando una droga narc\u00f3tica se obtiene por fraude, enga\u00f1o, tergiversaci\u00f3n o subterfugio. Normalmente vemos este caso cuando hay una afirmaci\u00f3n de que una receta fue falsificada para obtener un estupefaciente. Si enfrenta este cargo en Phoenix, Arizona, comun\u00edquese con nuestro equipo ahora.<\/p>\n<p>Entre los posibles escenarios se incluir\u00eda una tarjeta de marihuana medicinal, aunque con la legalizaci\u00f3n de la marijuana y la apertura de dispensarios puede haber una disminuci\u00f3n en las personas que son atrapadas con una tarjeta de marihuana medicinal falsificada o fraudulenta. El robo de identidad tambi\u00e9n es un cargo acompa\u00f1ante com\u00fan en el que se acusa a un individuo de hacerse pasar por una persona diferente para obtener una receta de un narc\u00f3tico \/ marihuana.<\/p>\n<h2>Sanciones por parafernalia de drogas en Phoenix<\/h2>\n<p>Si la droga que se vende es una de las drogas narc\u00f3ticas o peligrosas que califica como un delito grave de Clase 4, entonces ese ser\u00e1 el nivel de delito grave en el que se colocar\u00e1 el cargo de Adquisici\u00f3n. Si la droga es una que cae bajo un 6, como la marihuana en forma de flor, entonces coincidir\u00e1 con la designaci\u00f3n de un 6 en el cargo real. Los delitos graves de clase 4 conllevan una pena de prisi\u00f3n presunta de 2,5 a\u00f1os. El t\u00e9rmino s\u00faper mitigado es de 1 a\u00f1o de prisi\u00f3n, y el t\u00e9rmino s\u00faper agravado es de 3.75 a\u00f1os de prisi\u00f3n o, el juez puede sentenciar a un individuo a libertad condicional, que incluye una pena de c\u00e1rcel de desde cero d\u00edas en la c\u00e1rcel hasta 1 a\u00f1o de c\u00e1rcel.<\/p>\n<p>Si se acusa como un delito grave de Clase 6, como por marihuana de flor, entonces el t\u00e9rmino presuntivo en prisi\u00f3n es de 1 a\u00f1o, con un t\u00e9rmino s\u00faper mitigado de 4 meses de prisi\u00f3n y el t\u00e9rmino s\u00faper agravado de 2 a\u00f1os de prisi\u00f3n. Una vez m\u00e1s, el juez puede determinar que se justifica una sentencia de libertad condicional y sentenciar a una persona a libertad condicional con desde cero d\u00edas en la c\u00e1rcel hasta 1 a\u00f1o de c\u00e1rcel. Tenga en cuenta que la prisi\u00f3n est\u00e1 bajo custodia d\u00eda a d\u00eda, mientras que el tiempo en la c\u00e1rcel puede cumplirse con la liberaci\u00f3n laboral o la licencia laboral. Permitiendo as\u00ed que una persona sea liberada 12 horas al d\u00eda durante 5 o 6 d\u00edas durante la semana para asistir al trabajo, la escuela o ambos.<\/p>\n<h2>Los cargos de parafernalia de drogas en Phoenix requieren acci\u00f3n<\/h2>\n<p>Necesita abogados que entiendan que en una crisis, necesita un equipo legal con el coraje y la convicci\u00f3n para marcar la diferencia. Deja que Lee Ciccarelli, y su equipo est\u00e9n all\u00ed cuando m\u00e1s los necesites. Encontrar\u00e1 en nuestro equipo de abogados inteligentes y agresivos de cr\u00edmenes de drogas de Phoenix, una voluntad y un deseo de ser agresivo y razonable, reflexivo y decidido. Est\u00e1 en nuestro ADN tener la espalda.<\/p>\n<ul>\n<li>Las Oficinas Legales ciccarelli se dedican a luchar por los derechos de aquellos cuya libertad est\u00e1 en juego cuando enfrentan acusaciones penales.<\/li>\n<li>Nos esforzamos por marcar la diferencia para los clientes, independientemente de qui\u00e9nes sean, de d\u00f3nde sean o cu\u00e1nto dinero tengan.<\/li>\n<li>Hemos representado con \u00e9xito a miles de clientes en todo el pa\u00eds.<\/li>\n<\/ul>\n<h2>Es hora de un abogado con experiencia en delitos agresivos de parafernalia de drogas de Phoenix hoy<\/h2>\n<p>Si usted o alguien que ama enfrenta cargos de parafernalia de drogas en Phoenix o las \u00e1reas circundantes de Arizona, comun\u00edquese con un abogado para obtener ayuda con su caso lo antes posible. En las Oficinas Legales de Ciccarelli, nuestro equipo est\u00e1 listo para luchar por sus derechos contra los fiscales agresivos y los funcionarios encargados de hacer cumplir la ley.<\/p>\n<p>En Arizona, la &#8220;Posesi\u00f3n de Parafernalia de Drogas&#8221; se define bajo el Estatuto Revisado de Arizona 13-3415 como &#8220;ilegal para cualquier persona usar, o poseer con intenci\u00f3n de usar, parafernalia de drogas para plantar, propagar, cultivar, cultivar, cosechar, fabricar, componer, convertir, producir, procesar, preparar, probar, analizar, empacar, reempaquetar, almacenar, contener, ocultar, inyectar, ingerir, inhalar o introducir de otra manera en el cuerpo humano una droga&#8221;.<\/p>\n<p>Seg\u00fan el estatuto, tambi\u00e9n es &#8220;ilegal que cualquier persona entregue, posea con la intenci\u00f3n de entregar o fabrique con la intenci\u00f3n de entregar parafernalia de drogas, sabiendo, o en circunstancias en las que uno razonablemente deber\u00eda saber, que ser\u00e1 utilizada&#8221; por alguien para cualquiera de las cosas enumeradas anteriormente.<\/p>\n<p>La posesi\u00f3n de parafernalia de drogas se acusa como un delito grave de clase seis (6). Sin embargo, bajo la Proposici\u00f3n 200 (es decir, la &#8220;Proposici\u00f3n 200&#8221;) si es declarado culpable de un primer o segundo delito de posesi\u00f3n o uso no violento de drogas o parafernalia de drogas, no puede obtener prisi\u00f3n o c\u00e1rcel. Solo puede ser sentenciado a libertad condicional. Sin embargo, si no cumple con la libertad condicional, puede ser detenido y obligado a sentarse de 2 a 4 semanas en la c\u00e1rcel, hasta que el juez restablezca su libertad condicional y lo libere. Normalmente, podemos resolver estos cargos ya sea declar\u00e1ndolos por un delito menor (que puede conllevar hasta seis (6) meses de c\u00e1rcel si viola la libertad condicional), o a una resoluci\u00f3n &#8220;TASC&#8221;.<\/p>\n<p>TASC es un Programa de Enjuiciamiento Diferido para Adultos que tarda de 3 a 6 meses en completarse. Implicar\u00e1 una (1) prueba de orina aleatoria por mes; un (1) seminario de educaci\u00f3n sobre el abuso de drogas y alcohol de tres horas de trabajo celebrado un s\u00e1bado; y tarifas de entre $ 300 y $ 700. Las personas de admisiones de TASC son muy selectivas sobre a qui\u00e9n permiten ingresar a estos programas, y es muy importante tener un abogado con experiencia con usted para ayudar a facilitar una &#8220;oferta de TASC&#8221;. En DM Cantor, nuestros abogados de delitos de drogas han tratado muchas veces con el personal de admisiones de TASC y podemos ayudarlo f\u00e1cilmente desde la admisi\u00f3n hasta la finalizaci\u00f3n de este programa. Una vez que est\u00e9 completo, su registro reflejar\u00e1 un despido total del cargo de posesi\u00f3n de parafernalia de drogas.<\/p>\n<p>Si un acusado ya se ha sometido al programa TASC, o ha sido condenado previamente por un cargo de drogas, entonces se considera que es &#8220;TASC no elegible&#8221;. Sin embargo, una persona sigue siendo elegible para la &#8220;Proposici\u00f3n 200&#8221; si solo tiene una (1) condena previa por drogas de bajo nivel, o solo ha hecho TASC una (1) vez antes. Un acusado no es elegible para la sentencia de libertad condicional &#8220;Prop 200&#8221;, y es susceptible a la c\u00e1rcel y\/o tiempo en prisi\u00f3n si la condena previa por drogas fue por venta o transporte de drogas, promoci\u00f3n del contrabando en prisi\u00f3n o conducir bajo la influencia de drogas, o cualquier cargo relacionado con drogas de metanfetamina. Adem\u00e1s, si el fiscal encuentra que usted tiene dos condenas previas por delitos graves de drogas, independientemente del tipo, entonces no le permitir\u00e1n ser elegible para la Proposici\u00f3n 200 para una tercera ofensa.<\/p>\n<p>Si el acusado no es elegible para la Proposici\u00f3n 200, entonces ser\u00e1 sentenciado a una condena por delito grave de clase seis (6) con lo siguiente:<\/p>\n<ul>\n<li>En una primera ofensa, un delito grave de clase seis (6), el castigo puede ser libertad condicional con cero (0) d\u00edas hasta 1 a\u00f1o de c\u00e1rcel, o prisi\u00f3n de 4 meses a 2 a\u00f1os de encarcelamiento.<\/li>\n<li>Si la persona tiene una (1) condena hist\u00f3rica alegable por delito grave, entonces el rango de &#8220;solo prisi\u00f3n&#8221; es de 9 meses a 2.75 a\u00f1os de prisi\u00f3n.<\/li>\n<li>Si la persona tiene dos (2) condenas hist\u00f3ricas por delitos graves, entonces el rango de &#8220;solo prisi\u00f3n&#8221; es de 2.25 a 5.75 a\u00f1os de encarcelamiento.<\/li>\n<li>Tenga cuidado: Incluso si recibi\u00f3 libertad condicional por sus dos cargos anteriores de posesi\u00f3n de delitos graves, todav\u00eda cuentan como delitos hist\u00f3ricos anteriores, y en su tercera condena, enfrentar\u00e1 una sentencia de rango de prisi\u00f3n muy alta.<\/li>\n<\/ul>\n","protected":false},"excerpt":{"rendered":"<p>Las personas en Phoenix Arizona pueden ser procesadas por parafernalia de drogas. Un cargo criminal o arresto o citaci\u00f3n por parafernalia de drogas no debe serinored. Una cosa es cierta acerca de estas situaciones: cualquier persona que enfrente un cargo de parafernalia de drogas debe buscar asesor\u00eda legal lo antes posible. Si enfrenta cargos por drogas en Phoenix, Arizona, cont\u00e1ctenos\u2026 <a href=\"https:\/\/ciccarelli.com\/arizona\/phoenix-drug-paraphernalia-abogado\/\">READ MORE<\/a><\/p>\n","protected":false},"author":7,"featured_media":0,"parent":0,"menu_order":0,"comment_status":"closed","ping_status":"closed","template":"","meta":{"_acf_changed":false,"footnotes":"","_content_optimizer_report_url":"","_content_optimizer_report_added":"","_content_optimizer_keyword_hide_used":false,"_content_optimizer_keyword_hide_above_average":false,"_content_optimizer_entities_hide_used":false,"_content_optimizer_entities_hide_above_average":false,"_content_optimizer_headings_hide_used":false,"_content_optimizer_questions_hide_used":false,"_content_optimizer_tab_active":"","_content_optimizer_report_url_ce":"","_content_optimizer_report_added_ce":"","_content_optimizer_keyword_hide_used_ce":false,"_content_optimizer_keyword_hide_above_average_ce":false,"_content_optimizer_entities_hide_used_ce":false,"_content_optimizer_entities_hide_above_average_ce":false,"_content_optimizer_headings_hide_used_ce":false,"_content_optimizer_questions_hide_used_ce":false,"_content_optimizer_tab_active_ce":""},"class_list":["post-47774","page","type-page","status-publish","hentry"],"acf":[],"yoast_head":"<!-- This site is optimized with the Yoast SEO plugin v27.1.1 - https:\/\/yoast.com\/product\/yoast-seo-wordpress\/ -->\n<title>Phoenix Drug Paraphernalia Abogado<\/title>\n<meta name=\"robots\" content=\"index, follow, max-snippet:-1, max-image-preview:large, max-video-preview:-1\" \/>\n<link rel=\"canonical\" href=\"https:\/\/ciccarelli.com\/arizona\/phoenix-drug-paraphernalia-abogado\/\" \/>\n<meta property=\"og:locale\" content=\"en_US\" \/>\n<meta property=\"og:type\" content=\"article\" \/>\n<meta property=\"og:title\" content=\"Phoenix Drug Paraphernalia Abogado\" \/>\n<meta property=\"og:description\" content=\"Las personas en Phoenix Arizona pueden ser procesadas por parafernalia de drogas. Un cargo criminal o arresto o citaci\u00f3n por parafernalia de drogas no debe serinored. Una cosa es cierta acerca de estas situaciones: cualquier persona que enfrente un cargo de parafernalia de drogas debe buscar asesor\u00eda legal lo antes posible. Si enfrenta cargos por drogas en Phoenix, Arizona, cont\u00e1ctenos\u2026 READ MORE\" \/>\n<meta property=\"og:url\" content=\"https:\/\/ciccarelli.com\/arizona\/phoenix-drug-paraphernalia-abogado\/\" \/>\n<meta property=\"og:site_name\" content=\"Ciccarelli Law Offices - AZ\" \/>\n<meta property=\"article:modified_time\" content=\"2021-11-08T23:26:40+00:00\" \/>\n<meta name=\"twitter:card\" content=\"summary_large_image\" \/>\n<meta name=\"twitter:label1\" content=\"Est. reading time\" \/>\n\t<meta name=\"twitter:data1\" content=\"8 minutes\" \/>\n<script type=\"application\/ld+json\" class=\"yoast-schema-graph\">{\"@context\":\"https:\/\/schema.org\",\"@graph\":[{\"@type\":\"WebPage\",\"@id\":\"https:\/\/ciccarelli.com\/arizona\/phoenix-drug-paraphernalia-abogado\/\",\"url\":\"https:\/\/ciccarelli.com\/arizona\/phoenix-drug-paraphernalia-abogado\/\",\"name\":\"Phoenix Drug Paraphernalia Abogado\",\"isPartOf\":{\"@id\":\"https:\/\/ciccarelli.com\/arizona\/#website\"},\"datePublished\":\"2021-10-27T12:23:27+00:00\",\"dateModified\":\"2021-11-08T23:26:40+00:00\",\"breadcrumb\":{\"@id\":\"https:\/\/ciccarelli.com\/arizona\/phoenix-drug-paraphernalia-abogado\/#breadcrumb\"},\"inLanguage\":\"en-US\",\"potentialAction\":[{\"@type\":\"ReadAction\",\"target\":[\"https:\/\/ciccarelli.com\/arizona\/phoenix-drug-paraphernalia-abogado\/\"]}]},{\"@type\":\"BreadcrumbList\",\"@id\":\"https:\/\/ciccarelli.com\/arizona\/phoenix-drug-paraphernalia-abogado\/#breadcrumb\",\"itemListElement\":[{\"@type\":\"ListItem\",\"position\":1,\"name\":\"Home\",\"item\":\"https:\/\/ciccarelli.com\/arizona\/\"},{\"@type\":\"ListItem\",\"position\":2,\"name\":\"Phoenix Drug Paraphernalia Abogado\"}]},{\"@type\":\"WebSite\",\"@id\":\"https:\/\/ciccarelli.com\/arizona\/#website\",\"url\":\"https:\/\/ciccarelli.com\/arizona\/\",\"name\":\"Ciccarelli Law Offices - AZ\",\"description\":\"Ciccarelli Law Offices - AZ\",\"potentialAction\":[{\"@type\":\"SearchAction\",\"target\":{\"@type\":\"EntryPoint\",\"urlTemplate\":\"https:\/\/ciccarelli.com\/arizona\/?s={search_term_string}\"},\"query-input\":{\"@type\":\"PropertyValueSpecification\",\"valueRequired\":true,\"valueName\":\"search_term_string\"}}],\"inLanguage\":\"en-US\"}]}<\/script>\n<!-- \/ Yoast SEO plugin. -->","yoast_head_json":{"title":"Phoenix Drug Paraphernalia Abogado","robots":{"index":"index","follow":"follow","max-snippet":"max-snippet:-1","max-image-preview":"max-image-preview:large","max-video-preview":"max-video-preview:-1"},"canonical":"https:\/\/ciccarelli.com\/arizona\/phoenix-drug-paraphernalia-abogado\/","og_locale":"en_US","og_type":"article","og_title":"Phoenix Drug Paraphernalia Abogado","og_description":"Las personas en Phoenix Arizona pueden ser procesadas por parafernalia de drogas. Un cargo criminal o arresto o citaci\u00f3n por parafernalia de drogas no debe serinored. Una cosa es cierta acerca de estas situaciones: cualquier persona que enfrente un cargo de parafernalia de drogas debe buscar asesor\u00eda legal lo antes posible. Si enfrenta cargos por drogas en Phoenix, Arizona, cont\u00e1ctenos\u2026 READ MORE","og_url":"https:\/\/ciccarelli.com\/arizona\/phoenix-drug-paraphernalia-abogado\/","og_site_name":"Ciccarelli Law Offices - AZ","article_modified_time":"2021-11-08T23:26:40+00:00","twitter_card":"summary_large_image","twitter_misc":{"Est. reading time":"8 minutes"},"schema":{"@context":"https:\/\/schema.org","@graph":[{"@type":"WebPage","@id":"https:\/\/ciccarelli.com\/arizona\/phoenix-drug-paraphernalia-abogado\/","url":"https:\/\/ciccarelli.com\/arizona\/phoenix-drug-paraphernalia-abogado\/","name":"Phoenix Drug Paraphernalia Abogado","isPartOf":{"@id":"https:\/\/ciccarelli.com\/arizona\/#website"},"datePublished":"2021-10-27T12:23:27+00:00","dateModified":"2021-11-08T23:26:40+00:00","breadcrumb":{"@id":"https:\/\/ciccarelli.com\/arizona\/phoenix-drug-paraphernalia-abogado\/#breadcrumb"},"inLanguage":"en-US","potentialAction":[{"@type":"ReadAction","target":["https:\/\/ciccarelli.com\/arizona\/phoenix-drug-paraphernalia-abogado\/"]}]},{"@type":"BreadcrumbList","@id":"https:\/\/ciccarelli.com\/arizona\/phoenix-drug-paraphernalia-abogado\/#breadcrumb","itemListElement":[{"@type":"ListItem","position":1,"name":"Home","item":"https:\/\/ciccarelli.com\/arizona\/"},{"@type":"ListItem","position":2,"name":"Phoenix Drug Paraphernalia Abogado"}]},{"@type":"WebSite","@id":"https:\/\/ciccarelli.com\/arizona\/#website","url":"https:\/\/ciccarelli.com\/arizona\/","name":"Ciccarelli Law Offices - AZ","description":"Ciccarelli Law Offices - AZ","potentialAction":[{"@type":"SearchAction","target":{"@type":"EntryPoint","urlTemplate":"https:\/\/ciccarelli.com\/arizona\/?s={search_term_string}"},"query-input":{"@type":"PropertyValueSpecification","valueRequired":true,"valueName":"search_term_string"}}],"inLanguage":"en-US"}]}},"_links":{"self":[{"href":"https:\/\/ciccarelli.com\/arizona\/wp-json\/wp\/v2\/pages\/47774","targetHints":{"allow":["GET"]}}],"collection":[{"href":"https:\/\/ciccarelli.com\/arizona\/wp-json\/wp\/v2\/pages"}],"about":[{"href":"https:\/\/ciccarelli.com\/arizona\/wp-json\/wp\/v2\/types\/page"}],"author":[{"embeddable":true,"href":"https:\/\/ciccarelli.com\/arizona\/wp-json\/wp\/v2\/users\/7"}],"replies":[{"embeddable":true,"href":"https:\/\/ciccarelli.com\/arizona\/wp-json\/wp\/v2\/comments?post=47774"}],"version-history":[{"count":3,"href":"https:\/\/ciccarelli.com\/arizona\/wp-json\/wp\/v2\/pages\/47774\/revisions"}],"predecessor-version":[{"id":48209,"href":"https:\/\/ciccarelli.com\/arizona\/wp-json\/wp\/v2\/pages\/47774\/revisions\/48209"}],"wp:attachment":[{"href":"https:\/\/ciccarelli.com\/arizona\/wp-json\/wp\/v2\/media?parent=47774"}],"curies":[{"name":"wp","href":"https:\/\/api.w.org\/{rel}","templated":true}]}}