{"id":47770,"date":"2021-10-27T08:08:56","date_gmt":"2021-10-27T12:08:56","guid":{"rendered":"https:\/\/ciccarellilawoffices.kinsta.cloud\/arizona\/?page_id=47770"},"modified":"2022-03-20T13:12:02","modified_gmt":"2022-03-20T17:12:02","slug":"abogado-defensor-de-dui-en-phoenix","status":"publish","type":"page","link":"https:\/\/ciccarelli.com\/arizona\/abogado-defensor-de-dui-en-phoenix\/","title":{"rendered":"Abogado Defensor de DUI en Phoenix"},"content":{"rendered":"<p><img decoding=\"async\" class=\"alignright size-medium wp-image-48252\" src=\"https:\/\/ciccarellilawoffices.kinsta.cloud\/arizona\/wp-content\/uploads\/2022\/01\/Ciccarelli-Flag-300x300.jpg\" alt=\"\" width=\"300\" height=\"300\" srcset=\"https:\/\/ciccarelli.com\/arizona\/wp-content\/uploads\/2022\/01\/Ciccarelli-Flag-300x300.jpg 300w, https:\/\/ciccarelli.com\/arizona\/wp-content\/uploads\/2022\/01\/Ciccarelli-Flag-150x150.jpg 150w, https:\/\/ciccarelli.com\/arizona\/wp-content\/uploads\/2022\/01\/Ciccarelli-Flag.jpg 640w\" sizes=\"(max-width: 300px) 100vw, 300px\" \/>Operar un veh\u00edculo mientras est\u00e1 bajo los efectos del alcohol est\u00e1 en contra de la ley en Arizona, y cualquier persona acusada de conducir bajo la influencia (DUI) podr\u00eda enfrentar sanciones significativas si es condenada. En las Oficinas Legales de Ciccarelli, nuestro equipo est\u00e1 aqu\u00ed para ayudarlo sinecesita un abogado defensor de DUI de Phoenix a su lado. Tenemos los recursos necesarios para llevar a cabo una investigaci\u00f3n exhaustiva de los cargos que enfrenta. Nuestro objetivo es reducir los cargos para que se enfrente a sanciones menos severas, o incluso a un despido de los charges por completo. Nuestro equipo de DUI defiende a clientes que enfrentan cargos de DUI en Arizona en Phoenix, Chandler, Gilbert, Tempe y Scottsdale Arizona.<\/p>\n<h2>Elija las Oficinas Legales de Ciccarelli para obtener ayuda con este caso<\/h2>\n<ul>\n<li>En las Oficinas Legales de Ciccarelli, nuestros abogados son apasionados en lo que hacen y compasivos en su trato a cada cliente que entra por la puerta.<\/li>\n<li>Tenemos los recursosnecesarios para llevar a cabo investigaciones completas sobre los casos de DUI en Phoenix.<\/li>\n<li>El abogado Lee Ciccarelli ha recibido el premio Ten Best client satisfaction award por el American Institute of DUI\/DWI Attorneys y fue reconocido como uno de los 100 mejores abogados litigarios por la American Society of Legal Advocates.<\/li>\n<\/ul>\n<h2>\u00bfC\u00f3mo ayudar\u00e1 un abogado a un caso de DUI?<\/h2>\n<p>Un abogado defensor de DUI en Phoenix proporcionar\u00e1 un recurso invaluable para aquellos que enfrentan estos cargos. Un abogado puede utilizar sus recursos y experiencia legal para:<\/p>\n<ul>\n<li>Investigue a fondoel caso y descubra cualquier evidencia que se use para probar su DUI. Esto incluye im\u00e1genes de c\u00e1mara corporal o c\u00e1mara de tablero, los resultados de las pruebas de sobriedad de campo y otras pruebas utilizadas por las fuerzas del orden o los fiscales.<\/li>\n<li>Trabaje con el MVD para ayudar a garantizar que pueda continuar conduciendo mientras su caso est\u00e1 en curso para que pueda mantenerse a s\u00ed mismo y a su familia.<\/li>\n<li>Manejar las negociaciones con otras partes involucradas en un esfuerzo por reducir o desestimar los cargos por completo.<\/li>\n<\/ul>\n<h2>Leyes de DUI de Phoenix que necesita saber<\/h2>\n<p>En Arizona, el nivel legal de contenido de alcohol en la sangre es de .08%, y cualquier persona que conduzca con un BAC en o por encima de ese nivel se considerar\u00e1 intoxicada. Adem\u00e1s, queremos se\u00f1alar que el BAC legal para conducir un veh\u00edculo comercial en Arizona es de .04%.<\/p>\n<p>Hay varias penas asociadas con una persona que ha sido condenada por DUI por primera vez en Phoenix. Estas sanciones incluyen:<\/p>\n<ul>\n<li>Hasta 10 d\u00edas en la c\u00e1rcel<\/li>\n<li>Una multa base de $250 (con otras evaluaciones)<\/li>\n<li>Suspensi\u00f3n de la licencia de 90 d\u00edas<\/li>\n<li>Dispositivo de enclavamiento de encendido durante un a\u00f1o<\/li>\n<li>Programas de tratamiento y evaluaci\u00f3n del alcohol<\/li>\n<\/ul>\n<p>Si una persona recibe una condena por un segundo o subsequent delito de DUI, terminar\u00e1 enfrentando sanciones mucho m\u00e1s duras, incluyendo m\u00e1s tiempo en la c\u00e1rcel, multas m\u00e1s altas y suspensiones m\u00e1s largas de la licencia de conducir.<\/p>\n<p>En Arizona, este estado tambi\u00e9n mejorar\u00e1 el cargo de DUI que enfrenta una persona dependiendo de su BAC enel momento del arresto.<\/p>\n<ul>\n<li>Si el BAC de una persona es de .15% o m\u00e1s, se le acusar\u00e1 de &#8220;DUI extremo&#8221;<\/li>\n<li>Si el BAC de una persona es de .20% o m\u00e1s, se le cobrar\u00e1 de &#8220;DUI S\u00faper Extremo&#8221;<\/li>\n<\/ul>\n<p>Estos niveles mejorados de DUI resultar\u00e1n en que una persona enfrente sanciones significativamente mayores si es condenada.<\/p>\n<h2>Llame a un abogado defensor de DUI de Phoenix hoy<\/h2>\n<p>Si usted o alguienque ama enfrenta cargos relacionados con conducir bajo la influencia en Phoenix o sus alrededores, comun\u00edquese con nuestro equipo en las Oficinas Legales de Ciccarelli para obtener ayuda lo antes posible. Nuestro equipo tiene los recursos necesarios para llevar a cabo una investigaci\u00f3n completa de loscargos en sucontra. Podemos obtener toda la evidencia utilizada por los fiscales y los funcionarios encargados de hacer cumplir la ley, y tambi\u00e9n llevaremos a cabo una investigaci\u00f3n independiente para descubrir cualquier evidencia adicional. Perm\u00edtanos ponernos a trabajar para ayudar a que los cargos en su contra se vuelvana presentar o desestimen.<\/p>\n","protected":false},"excerpt":{"rendered":"<p>Operar un veh\u00edculo mientras est\u00e1 bajo los efectos del alcohol est\u00e1 en contra de la ley en Arizona, y cualquier persona acusada de conducir bajo la influencia (DUI) podr\u00eda enfrentar sanciones significativas si es condenada. En las Oficinas Legales de Ciccarelli, nuestro equipo est\u00e1 aqu\u00ed para ayudarlo sinecesita un abogado defensor de DUI de Phoenix a su lado. Tenemos los\u2026 <a href=\"https:\/\/ciccarelli.com\/arizona\/abogado-defensor-de-dui-en-phoenix\/\">READ MORE<\/a><\/p>\n","protected":false},"author":7,"featured_media":0,"parent":0,"menu_order":0,"comment_status":"closed","ping_status":"closed","template":"","meta":{"_acf_changed":false,"footnotes":"","_content_optimizer_report_url":"","_content_optimizer_report_added":"","_content_optimizer_keyword_hide_used":false,"_content_optimizer_keyword_hide_above_average":false,"_content_optimizer_entities_hide_used":false,"_content_optimizer_entities_hide_above_average":false,"_content_optimizer_headings_hide_used":false,"_content_optimizer_questions_hide_used":false,"_content_optimizer_tab_active":"","_content_optimizer_report_url_ce":"","_content_optimizer_report_added_ce":"","_content_optimizer_keyword_hide_used_ce":false,"_content_optimizer_keyword_hide_above_average_ce":false,"_content_optimizer_entities_hide_used_ce":false,"_content_optimizer_entities_hide_above_average_ce":false,"_content_optimizer_headings_hide_used_ce":false,"_content_optimizer_questions_hide_used_ce":false,"_content_optimizer_tab_active_ce":""},"class_list":["post-47770","page","type-page","status-publish","hentry"],"acf":[],"yoast_head":"<!-- This site is optimized with the Yoast SEO plugin v27.1.1 - https:\/\/yoast.com\/product\/yoast-seo-wordpress\/ -->\n<title>Abogado Defensor de DUI en Phoenix<\/title>\n<meta name=\"robots\" content=\"index, follow, max-snippet:-1, max-image-preview:large, max-video-preview:-1\" \/>\n<link rel=\"canonical\" href=\"https:\/\/ciccarelli.com\/arizona\/abogado-defensor-de-dui-en-phoenix\/\" \/>\n<meta property=\"og:locale\" content=\"en_US\" \/>\n<meta property=\"og:type\" content=\"article\" \/>\n<meta property=\"og:title\" content=\"Abogado Defensor de DUI en Phoenix\" \/>\n<meta property=\"og:description\" content=\"Operar un veh\u00edculo mientras est\u00e1 bajo los efectos del alcohol est\u00e1 en contra de la ley en Arizona, y cualquier persona acusada de conducir bajo la influencia (DUI) podr\u00eda enfrentar sanciones significativas si es condenada. En las Oficinas Legales de Ciccarelli, nuestro equipo est\u00e1 aqu\u00ed para ayudarlo sinecesita un abogado defensor de DUI de Phoenix a su lado. Tenemos los\u2026 READ MORE\" \/>\n<meta property=\"og:url\" content=\"https:\/\/ciccarelli.com\/arizona\/abogado-defensor-de-dui-en-phoenix\/\" \/>\n<meta property=\"og:site_name\" content=\"Ciccarelli Law Offices - AZ\" \/>\n<meta property=\"article:modified_time\" content=\"2022-03-20T17:12:02+00:00\" \/>\n<meta property=\"og:image\" content=\"https:\/\/ciccarellilawoffices.kinsta.cloud\/arizona\/wp-content\/uploads\/2022\/01\/Ciccarelli-Flag-300x300.jpg\" \/>\n<meta name=\"twitter:card\" content=\"summary_large_image\" \/>\n<meta name=\"twitter:label1\" content=\"Est. reading time\" \/>\n\t<meta name=\"twitter:data1\" content=\"4 minutes\" \/>\n<script type=\"application\/ld+json\" class=\"yoast-schema-graph\">{\"@context\":\"https:\/\/schema.org\",\"@graph\":[{\"@type\":\"WebPage\",\"@id\":\"https:\/\/ciccarelli.com\/arizona\/abogado-defensor-de-dui-en-phoenix\/\",\"url\":\"https:\/\/ciccarelli.com\/arizona\/abogado-defensor-de-dui-en-phoenix\/\",\"name\":\"Abogado Defensor de DUI en Phoenix\",\"isPartOf\":{\"@id\":\"https:\/\/ciccarelli.com\/arizona\/#website\"},\"primaryImageOfPage\":{\"@id\":\"https:\/\/ciccarelli.com\/arizona\/abogado-defensor-de-dui-en-phoenix\/#primaryimage\"},\"image\":{\"@id\":\"https:\/\/ciccarelli.com\/arizona\/abogado-defensor-de-dui-en-phoenix\/#primaryimage\"},\"thumbnailUrl\":\"https:\/\/ciccarellilawoffices.kinsta.cloud\/arizona\/wp-content\/uploads\/2022\/01\/Ciccarelli-Flag-300x300.jpg\",\"datePublished\":\"2021-10-27T12:08:56+00:00\",\"dateModified\":\"2022-03-20T17:12:02+00:00\",\"breadcrumb\":{\"@id\":\"https:\/\/ciccarelli.com\/arizona\/abogado-defensor-de-dui-en-phoenix\/#breadcrumb\"},\"inLanguage\":\"en-US\",\"potentialAction\":[{\"@type\":\"ReadAction\",\"target\":[\"https:\/\/ciccarelli.com\/arizona\/abogado-defensor-de-dui-en-phoenix\/\"]}]},{\"@type\":\"ImageObject\",\"inLanguage\":\"en-US\",\"@id\":\"https:\/\/ciccarelli.com\/arizona\/abogado-defensor-de-dui-en-phoenix\/#primaryimage\",\"url\":\"https:\/\/ciccarellilawoffices.kinsta.cloud\/arizona\/wp-content\/uploads\/2022\/01\/Ciccarelli-Flag-300x300.jpg\",\"contentUrl\":\"https:\/\/ciccarellilawoffices.kinsta.cloud\/arizona\/wp-content\/uploads\/2022\/01\/Ciccarelli-Flag-300x300.jpg\"},{\"@type\":\"BreadcrumbList\",\"@id\":\"https:\/\/ciccarelli.com\/arizona\/abogado-defensor-de-dui-en-phoenix\/#breadcrumb\",\"itemListElement\":[{\"@type\":\"ListItem\",\"position\":1,\"name\":\"Home\",\"item\":\"https:\/\/ciccarelli.com\/arizona\/\"},{\"@type\":\"ListItem\",\"position\":2,\"name\":\"Abogado Defensor de DUI en Phoenix\"}]},{\"@type\":\"WebSite\",\"@id\":\"https:\/\/ciccarelli.com\/arizona\/#website\",\"url\":\"https:\/\/ciccarelli.com\/arizona\/\",\"name\":\"Ciccarelli Law Offices - AZ\",\"description\":\"Ciccarelli Law Offices - AZ\",\"potentialAction\":[{\"@type\":\"SearchAction\",\"target\":{\"@type\":\"EntryPoint\",\"urlTemplate\":\"https:\/\/ciccarelli.com\/arizona\/?s={search_term_string}\"},\"query-input\":{\"@type\":\"PropertyValueSpecification\",\"valueRequired\":true,\"valueName\":\"search_term_string\"}}],\"inLanguage\":\"en-US\"}]}<\/script>\n<!-- \/ Yoast SEO plugin. -->","yoast_head_json":{"title":"Abogado Defensor de DUI en Phoenix","robots":{"index":"index","follow":"follow","max-snippet":"max-snippet:-1","max-image-preview":"max-image-preview:large","max-video-preview":"max-video-preview:-1"},"canonical":"https:\/\/ciccarelli.com\/arizona\/abogado-defensor-de-dui-en-phoenix\/","og_locale":"en_US","og_type":"article","og_title":"Abogado Defensor de DUI en Phoenix","og_description":"Operar un veh\u00edculo mientras est\u00e1 bajo los efectos del alcohol est\u00e1 en contra de la ley en Arizona, y cualquier persona acusada de conducir bajo la influencia (DUI) podr\u00eda enfrentar sanciones significativas si es condenada. En las Oficinas Legales de Ciccarelli, nuestro equipo est\u00e1 aqu\u00ed para ayudarlo sinecesita un abogado defensor de DUI de Phoenix a su lado. Tenemos los\u2026 READ MORE","og_url":"https:\/\/ciccarelli.com\/arizona\/abogado-defensor-de-dui-en-phoenix\/","og_site_name":"Ciccarelli Law Offices - AZ","article_modified_time":"2022-03-20T17:12:02+00:00","og_image":[{"url":"https:\/\/ciccarellilawoffices.kinsta.cloud\/arizona\/wp-content\/uploads\/2022\/01\/Ciccarelli-Flag-300x300.jpg","type":"","width":"","height":""}],"twitter_card":"summary_large_image","twitter_misc":{"Est. reading time":"4 minutes"},"schema":{"@context":"https:\/\/schema.org","@graph":[{"@type":"WebPage","@id":"https:\/\/ciccarelli.com\/arizona\/abogado-defensor-de-dui-en-phoenix\/","url":"https:\/\/ciccarelli.com\/arizona\/abogado-defensor-de-dui-en-phoenix\/","name":"Abogado Defensor de DUI en Phoenix","isPartOf":{"@id":"https:\/\/ciccarelli.com\/arizona\/#website"},"primaryImageOfPage":{"@id":"https:\/\/ciccarelli.com\/arizona\/abogado-defensor-de-dui-en-phoenix\/#primaryimage"},"image":{"@id":"https:\/\/ciccarelli.com\/arizona\/abogado-defensor-de-dui-en-phoenix\/#primaryimage"},"thumbnailUrl":"https:\/\/ciccarellilawoffices.kinsta.cloud\/arizona\/wp-content\/uploads\/2022\/01\/Ciccarelli-Flag-300x300.jpg","datePublished":"2021-10-27T12:08:56+00:00","dateModified":"2022-03-20T17:12:02+00:00","breadcrumb":{"@id":"https:\/\/ciccarelli.com\/arizona\/abogado-defensor-de-dui-en-phoenix\/#breadcrumb"},"inLanguage":"en-US","potentialAction":[{"@type":"ReadAction","target":["https:\/\/ciccarelli.com\/arizona\/abogado-defensor-de-dui-en-phoenix\/"]}]},{"@type":"ImageObject","inLanguage":"en-US","@id":"https:\/\/ciccarelli.com\/arizona\/abogado-defensor-de-dui-en-phoenix\/#primaryimage","url":"https:\/\/ciccarellilawoffices.kinsta.cloud\/arizona\/wp-content\/uploads\/2022\/01\/Ciccarelli-Flag-300x300.jpg","contentUrl":"https:\/\/ciccarellilawoffices.kinsta.cloud\/arizona\/wp-content\/uploads\/2022\/01\/Ciccarelli-Flag-300x300.jpg"},{"@type":"BreadcrumbList","@id":"https:\/\/ciccarelli.com\/arizona\/abogado-defensor-de-dui-en-phoenix\/#breadcrumb","itemListElement":[{"@type":"ListItem","position":1,"name":"Home","item":"https:\/\/ciccarelli.com\/arizona\/"},{"@type":"ListItem","position":2,"name":"Abogado Defensor de DUI en Phoenix"}]},{"@type":"WebSite","@id":"https:\/\/ciccarelli.com\/arizona\/#website","url":"https:\/\/ciccarelli.com\/arizona\/","name":"Ciccarelli Law Offices - AZ","description":"Ciccarelli Law Offices - AZ","potentialAction":[{"@type":"SearchAction","target":{"@type":"EntryPoint","urlTemplate":"https:\/\/ciccarelli.com\/arizona\/?s={search_term_string}"},"query-input":{"@type":"PropertyValueSpecification","valueRequired":true,"valueName":"search_term_string"}}],"inLanguage":"en-US"}]}},"_links":{"self":[{"href":"https:\/\/ciccarelli.com\/arizona\/wp-json\/wp\/v2\/pages\/47770","targetHints":{"allow":["GET"]}}],"collection":[{"href":"https:\/\/ciccarelli.com\/arizona\/wp-json\/wp\/v2\/pages"}],"about":[{"href":"https:\/\/ciccarelli.com\/arizona\/wp-json\/wp\/v2\/types\/page"}],"author":[{"embeddable":true,"href":"https:\/\/ciccarelli.com\/arizona\/wp-json\/wp\/v2\/users\/7"}],"replies":[{"embeddable":true,"href":"https:\/\/ciccarelli.com\/arizona\/wp-json\/wp\/v2\/comments?post=47770"}],"version-history":[{"count":5,"href":"https:\/\/ciccarelli.com\/arizona\/wp-json\/wp\/v2\/pages\/47770\/revisions"}],"predecessor-version":[{"id":48721,"href":"https:\/\/ciccarelli.com\/arizona\/wp-json\/wp\/v2\/pages\/47770\/revisions\/48721"}],"wp:attachment":[{"href":"https:\/\/ciccarelli.com\/arizona\/wp-json\/wp\/v2\/media?parent=47770"}],"curies":[{"name":"wp","href":"https:\/\/api.w.org\/{rel}","templated":true}]}}