{"id":47766,"date":"2021-10-27T07:31:59","date_gmt":"2021-10-27T11:31:59","guid":{"rendered":"https:\/\/ciccarellilawoffices.kinsta.cloud\/arizona\/?page_id=47766"},"modified":"2022-01-13T13:28:12","modified_gmt":"2022-01-13T17:28:12","slug":"abogado-de-violencia-domestica-en-phoenix-arizona","status":"publish","type":"page","link":"https:\/\/ciccarelli.com\/arizona\/abogado-de-violencia-domestica-en-phoenix-arizona\/","title":{"rendered":"Abogado de Violencia Dom\u00e9stica en Phoenix Arizona"},"content":{"rendered":"<p><img decoding=\"async\" class=\"alignright size-medium wp-image-48252\" src=\"https:\/\/ciccarellilawoffices.kinsta.cloud\/arizona\/wp-content\/uploads\/2022\/01\/Ciccarelli-Flag-300x300.jpg\" alt=\"\" width=\"300\" height=\"300\" srcset=\"https:\/\/ciccarelli.com\/arizona\/wp-content\/uploads\/2022\/01\/Ciccarelli-Flag-300x300.jpg 300w, https:\/\/ciccarelli.com\/arizona\/wp-content\/uploads\/2022\/01\/Ciccarelli-Flag-150x150.jpg 150w, https:\/\/ciccarelli.com\/arizona\/wp-content\/uploads\/2022\/01\/Ciccarelli-Flag.jpg 640w\" sizes=\"(max-width: 300px) 100vw, 300px\" \/>Si se encuentra en Phoenix y enfrenta cargos criminales derivados de la violencia dom\u00e9stica, necesita acci\u00f3n y necesita abogados de defensa criminal de Phoenix Arizona listos para luchar por usted y proteger sus intereses. Las relaciones son complicadas ysacan lo mejor y lo peor de cada uno de nosotros. Las discusiones y la acritud pueden traer desacuerdos y peleas e infidelidad y acusaciones falsas. A menudo, la polic\u00eda de Phoenix y los fiscales del condado de Maricopa tomar\u00e1n la palabra de la persona que hace el informe y presentar\u00e1n cargos, incluso sin una investigaci\u00f3n razonable o considerando que la &#8220;presunta v\u00edctima&#8221; est\u00e1 exagerando o actuando por ira, resentimiento y\/o venganza.<\/p>\n<p>Los <strong>abogados de Violencia Dom\u00e9stica<\/strong> en Ciccarelli Law Offices tienen la experiencia, la defensa y la lucha cuando m\u00e1s lo necesita. Cont\u00e1ctenos ahora ya sea que est\u00e9 bajo sospecha, o si el Estado de Arizona lo est\u00e1 atacando y acusando de delitos de violencia dom\u00e9stica en el \u00e1rea metropolitana de <strong>Phoenix<\/strong> y el Valle del Sol, incluidos <strong>Tempe, Chandler, Gilbert y Scottsdale<\/strong>.<\/p>\n<h2>Los cargos de violencia dom\u00e9stica pueden sucederle a cualquiera.<\/h2>\n<p>Un arresto criminal puede surgir de una pelea dom\u00e9stica independientemente de d\u00f3nde viva, cu\u00e1nto gana o el color de su piel. Sin embargo, eso no quiere decir que la polic\u00eda sea ciega o imparcial o menos propensa a acusar a personas de ciertas culturas o lugares de origen. En algunos casos, podr\u00eda ser un profesional que se encuentra en medio de una pelea dom\u00e9stica que involucra alcohol que resulta en una llamada a la polic\u00eda.<\/p>\n<p>Los delitos de violencia dom\u00e9stica son tomados en serio por los funcionarios encargados de hacer cumplir la ley y los fiscales en el \u00e1rea metropolitana de Phoenix. No puede asumir que los cargos ser\u00e1n desestimados o que su pareja vendr\u00e1 al rescate y convencer\u00e1 al fiscal de que no persiga los cargos despu\u00e9s de que se hayan presentado. Necesita abogados decididos y experimentados para navegar desde esta crisis; preparado para llevar el caso a una audiencia, negociar una salida o despido a la baja o facilitar la entrada en un programa de desv\u00edo. Esas ser\u00edan las Oficinas Legales Ciccarelli.<\/p>\n<p>Lee Ciccarelli y lideran un equipo que aporta m\u00e1s de cien a\u00f1os de experiencia combinada en defensa criminal nacional en tribunales estatales y federales. Reconocidos por sus pares como <strong>Super Lawyers<\/strong> y nuestros clientes con cientos de <strong>rese\u00f1as<\/strong> de cinco <strong>estrellas<\/strong>,entendemos la implicaci\u00f3n y las consecuencias de un caso y \/ o condena de violencia dom\u00e9stica en Arizona. Entendemos que est\u00e1 buscando los mejores abogados de violencia dom\u00e9stica de Phoenix que pueda pagar y un equipo que est\u00e9 disponible para usted y su familia cuando m\u00e1s los necesite. En Ciccarelli Law Offices, su \u00e9xito es nuestra misi\u00f3n.<\/p>\n<h2>Listo para luchar por ti cuando importa<\/h2>\n<ul>\n<li>En las Oficinas Legales de Ciccarelli, nos enorgullecemos de ser un equipo de abogados agresivos que trabajan juntos para construir los casos m\u00e1s s\u00f3lidos posibles para cada cliente.<\/li>\n<li>Todos nuestros abogados tienen en mente los mejores intereses de sus clientes, y no tenemos ning\u00fan problema en llevar el caso a juicio si es necesario.<\/li>\n<li>El abogado Lee Ciccarelli es reconocido como uno de los 100 mejores abogados litigantes por la Asociaci\u00f3n Nacional de Abogados Litigantes y cada abogado de nuestra firma se esfuerza por la excelencia y el profesionalismo.<\/li>\n<\/ul>\n<h2>Los cargos de violencia dom\u00e9stica en Chandler son graves<\/h2>\n<p>Al igual que en otros estados, la violencia dom\u00e9stica no es un estatuto real bajo la ley de Arizona. M\u00e1s bien, la violencia dom\u00e9stica es una mejora de otros delitos que ocurren bajo los estatutos de AZ. Para que otro tipo de cargo se potenci\u00f3 a un delito de violencia dom\u00e9stica, el presunto delito tiene que haber ocurrido entre una persona y otra persona con la que tienen (o tuvieron) una relaci\u00f3n dom\u00e9stica. Esto puede incluir a una persona que comete actos violentos contra su:<\/p>\n<ul>\n<li>C\u00f3nyuge o ex c\u00f3nyuge<\/li>\n<li>Pareja actual o anterior<\/li>\n<li>Ni\u00f1os<\/li>\n<li>Padres<\/li>\n<li>Otros padres del ni\u00f1o<\/li>\n<li>Hijastros<\/li>\n<li>Hermanos<\/li>\n<li>Familia pol\u00edtica<\/li>\n<li>Abuelos<\/li>\n<li>Compa\u00f1ero de cuarto<\/li>\n<\/ul>\n<p>Cuando observamos espec\u00edficamente el <a href=\"https:\/\/codes.findlaw.com\/az\/title-13-criminal-code\/az-rev-st-sect-13-1601.html#:~:text=%E2%80%9CDefacing%E2%80%9D%20means%20any%20unnecessary%20act,without%20permission%20from%20the%20owner.\" target=\"_blank\" rel=\"noopener\">Estatuto Revisado de Arizona \u00a7 13-1601<\/a>,vemos una lista de tipos espec\u00edficos de comportamientos abusivos que podr\u00edan resultar en una mejora de la violencia dom\u00e9stica. Esto incluye lo siguiente:<\/p>\n<ul>\n<li>Asalto<\/li>\n<li>Bater\u00eda<\/li>\n<li>Acoso<\/li>\n<li>Acechando<\/li>\n<li>Amenazador<\/li>\n<li>Intimidaci\u00f3n<\/li>\n<li>Agresi\u00f3n sexual<\/li>\n<\/ul>\n<p>Las sanciones asociadas con un cargo de violencia dom\u00e9stica generalmente siguen a los cargos asociados con cualquier delito menor o delito grave que una persona est\u00e9 enfrentando. En Arizona, los cargos de asalto por delitos menores suelen ser delitos menores de Clase 1 que podr\u00edan resultar en que una persona enfrente hasta seis meses de c\u00e1rcel y multas de hasta $ 2,500.<\/p>\n<p>Los delitos de violencia dom\u00e9stica por agresi\u00f3n agravada podr\u00edan resultar en que una persona enfrente un cargo de delito grave, que conlleva una sentencia de prisi\u00f3n significativa y una multa de hasta $ 150,000.<\/p>\n<h2>\u00bfQu\u00e9 hace un abogado defensor de violencia dom\u00e9stica?<\/h2>\n<p>Un abogado defensor de violencia dom\u00e9stica de Phoenix ser\u00e1 un activo invaluable para cualquier persona que enfrente estos cargos. Un abogado no solo manejar\u00e1 los cargos subyacentes relacionados con lo que sucedi\u00f3, sino que tambi\u00e9n manejar\u00e1 las mejoras de violencia dom\u00e9stica asociadas al cargo.<\/p>\n<p>Un abogado puede usar sus recursos y experiencia legal para construir varias defensas que podr\u00edan aplicarse al caso. Algunas de estas defensas incluyen las siguientes:<\/p>\n<ul>\n<li>Demostrando que no era razonable que la supuesta v\u00edctima se hubiera asustado o pensara que habr\u00eda sido v\u00edctima de da\u00f1o f\u00edsico en la situaci\u00f3n.<\/li>\n<li>Demostrar que la persona acusada de violencia dom\u00e9stica en realidad se estaba defendiendo de una situaci\u00f3n violenta iniciada por la presunta v\u00edctima.<\/li>\n<li>Demostrar que su cliente es v\u00edctima de acusaciones falsas.<\/li>\n<\/ul>\n<h2>Listo para servir cuando necesite un abogado de violencia dom\u00e9stica en Phoenix<\/h2>\n<p>Si usted o alguien que le importa enfrenta cargos de violencia dom\u00e9stica en Phoenix, Arizona, comun\u00edquese con el equipo de las Oficinas Legales de Ciccarelli para obtener ayuda lo antes posible. Nuestro equipo tiene los recursos necesarios para investigar a fondo los cargos en su contra, y no tenemos ning\u00fan problema en enfrentar a fiscales agresivos para garantizar que se respeten sus derechos. Cuando necesite un abogado defensor de violencia dom\u00e9stica en Phoenix, cont\u00e1ctenos hoy para que podamos trabajar en su caso de inmediato.<\/p>\n","protected":false},"excerpt":{"rendered":"<p>Si se encuentra en Phoenix y enfrenta cargos criminales derivados de la violencia dom\u00e9stica, necesita acci\u00f3n y necesita abogados de defensa criminal de Phoenix Arizona listos para luchar por usted y proteger sus intereses. Las relaciones son complicadas ysacan lo mejor y lo peor de cada uno de nosotros. Las discusiones y la acritud pueden traer desacuerdos y peleas e\u2026 <a href=\"https:\/\/ciccarelli.com\/arizona\/abogado-de-violencia-domestica-en-phoenix-arizona\/\">READ MORE<\/a><\/p>\n","protected":false},"author":7,"featured_media":0,"parent":0,"menu_order":0,"comment_status":"closed","ping_status":"closed","template":"","meta":{"_acf_changed":false,"footnotes":"","_content_optimizer_report_url":"","_content_optimizer_report_added":"","_content_optimizer_keyword_hide_used":false,"_content_optimizer_keyword_hide_above_average":false,"_content_optimizer_entities_hide_used":false,"_content_optimizer_entities_hide_above_average":false,"_content_optimizer_headings_hide_used":false,"_content_optimizer_questions_hide_used":false,"_content_optimizer_tab_active":"","_content_optimizer_report_url_ce":"","_content_optimizer_report_added_ce":"","_content_optimizer_keyword_hide_used_ce":false,"_content_optimizer_keyword_hide_above_average_ce":false,"_content_optimizer_entities_hide_used_ce":false,"_content_optimizer_entities_hide_above_average_ce":false,"_content_optimizer_headings_hide_used_ce":false,"_content_optimizer_questions_hide_used_ce":false,"_content_optimizer_tab_active_ce":""},"class_list":["post-47766","page","type-page","status-publish","hentry"],"acf":[],"yoast_head":"<!-- This site is optimized with the Yoast SEO plugin v27.1.1 - https:\/\/yoast.com\/product\/yoast-seo-wordpress\/ -->\n<title>Abogado de Violencia Dom\u00e9stica en Phoenix Arizona<\/title>\n<meta name=\"robots\" content=\"index, follow, max-snippet:-1, max-image-preview:large, max-video-preview:-1\" \/>\n<link rel=\"canonical\" href=\"https:\/\/ciccarelli.com\/arizona\/abogado-de-violencia-domestica-en-phoenix-arizona\/\" \/>\n<meta property=\"og:locale\" content=\"en_US\" \/>\n<meta property=\"og:type\" content=\"article\" \/>\n<meta property=\"og:title\" content=\"Abogado de Violencia Dom\u00e9stica en Phoenix Arizona\" \/>\n<meta property=\"og:description\" content=\"Si se encuentra en Phoenix y enfrenta cargos criminales derivados de la violencia dom\u00e9stica, necesita acci\u00f3n y necesita abogados de defensa criminal de Phoenix Arizona listos para luchar por usted y proteger sus intereses. Las relaciones son complicadas ysacan lo mejor y lo peor de cada uno de nosotros. Las discusiones y la acritud pueden traer desacuerdos y peleas e\u2026 READ MORE\" \/>\n<meta property=\"og:url\" content=\"https:\/\/ciccarelli.com\/arizona\/abogado-de-violencia-domestica-en-phoenix-arizona\/\" \/>\n<meta property=\"og:site_name\" content=\"Ciccarelli Law Offices - AZ\" \/>\n<meta property=\"article:modified_time\" content=\"2022-01-13T17:28:12+00:00\" \/>\n<meta property=\"og:image\" content=\"https:\/\/ciccarellilawoffices.kinsta.cloud\/arizona\/wp-content\/uploads\/2022\/01\/Ciccarelli-Flag-300x300.jpg\" \/>\n<meta name=\"twitter:card\" content=\"summary_large_image\" \/>\n<meta name=\"twitter:label1\" content=\"Est. reading time\" \/>\n\t<meta name=\"twitter:data1\" content=\"6 minutes\" \/>\n<script type=\"application\/ld+json\" class=\"yoast-schema-graph\">{\"@context\":\"https:\/\/schema.org\",\"@graph\":[{\"@type\":\"WebPage\",\"@id\":\"https:\/\/ciccarelli.com\/arizona\/abogado-de-violencia-domestica-en-phoenix-arizona\/\",\"url\":\"https:\/\/ciccarelli.com\/arizona\/abogado-de-violencia-domestica-en-phoenix-arizona\/\",\"name\":\"Abogado de Violencia Dom\u00e9stica en Phoenix Arizona\",\"isPartOf\":{\"@id\":\"https:\/\/ciccarelli.com\/arizona\/#website\"},\"primaryImageOfPage\":{\"@id\":\"https:\/\/ciccarelli.com\/arizona\/abogado-de-violencia-domestica-en-phoenix-arizona\/#primaryimage\"},\"image\":{\"@id\":\"https:\/\/ciccarelli.com\/arizona\/abogado-de-violencia-domestica-en-phoenix-arizona\/#primaryimage\"},\"thumbnailUrl\":\"https:\/\/ciccarellilawoffices.kinsta.cloud\/arizona\/wp-content\/uploads\/2022\/01\/Ciccarelli-Flag-300x300.jpg\",\"datePublished\":\"2021-10-27T11:31:59+00:00\",\"dateModified\":\"2022-01-13T17:28:12+00:00\",\"breadcrumb\":{\"@id\":\"https:\/\/ciccarelli.com\/arizona\/abogado-de-violencia-domestica-en-phoenix-arizona\/#breadcrumb\"},\"inLanguage\":\"en-US\",\"potentialAction\":[{\"@type\":\"ReadAction\",\"target\":[\"https:\/\/ciccarelli.com\/arizona\/abogado-de-violencia-domestica-en-phoenix-arizona\/\"]}]},{\"@type\":\"ImageObject\",\"inLanguage\":\"en-US\",\"@id\":\"https:\/\/ciccarelli.com\/arizona\/abogado-de-violencia-domestica-en-phoenix-arizona\/#primaryimage\",\"url\":\"https:\/\/ciccarellilawoffices.kinsta.cloud\/arizona\/wp-content\/uploads\/2022\/01\/Ciccarelli-Flag-300x300.jpg\",\"contentUrl\":\"https:\/\/ciccarellilawoffices.kinsta.cloud\/arizona\/wp-content\/uploads\/2022\/01\/Ciccarelli-Flag-300x300.jpg\"},{\"@type\":\"BreadcrumbList\",\"@id\":\"https:\/\/ciccarelli.com\/arizona\/abogado-de-violencia-domestica-en-phoenix-arizona\/#breadcrumb\",\"itemListElement\":[{\"@type\":\"ListItem\",\"position\":1,\"name\":\"Home\",\"item\":\"https:\/\/ciccarelli.com\/arizona\/\"},{\"@type\":\"ListItem\",\"position\":2,\"name\":\"Abogado de Violencia Dom\u00e9stica en Phoenix Arizona\"}]},{\"@type\":\"WebSite\",\"@id\":\"https:\/\/ciccarelli.com\/arizona\/#website\",\"url\":\"https:\/\/ciccarelli.com\/arizona\/\",\"name\":\"Ciccarelli Law Offices - AZ\",\"description\":\"Ciccarelli Law Offices - AZ\",\"potentialAction\":[{\"@type\":\"SearchAction\",\"target\":{\"@type\":\"EntryPoint\",\"urlTemplate\":\"https:\/\/ciccarelli.com\/arizona\/?s={search_term_string}\"},\"query-input\":{\"@type\":\"PropertyValueSpecification\",\"valueRequired\":true,\"valueName\":\"search_term_string\"}}],\"inLanguage\":\"en-US\"}]}<\/script>\n<!-- \/ Yoast SEO plugin. -->","yoast_head_json":{"title":"Abogado de Violencia Dom\u00e9stica en Phoenix Arizona","robots":{"index":"index","follow":"follow","max-snippet":"max-snippet:-1","max-image-preview":"max-image-preview:large","max-video-preview":"max-video-preview:-1"},"canonical":"https:\/\/ciccarelli.com\/arizona\/abogado-de-violencia-domestica-en-phoenix-arizona\/","og_locale":"en_US","og_type":"article","og_title":"Abogado de Violencia Dom\u00e9stica en Phoenix Arizona","og_description":"Si se encuentra en Phoenix y enfrenta cargos criminales derivados de la violencia dom\u00e9stica, necesita acci\u00f3n y necesita abogados de defensa criminal de Phoenix Arizona listos para luchar por usted y proteger sus intereses. Las relaciones son complicadas ysacan lo mejor y lo peor de cada uno de nosotros. Las discusiones y la acritud pueden traer desacuerdos y peleas e\u2026 READ MORE","og_url":"https:\/\/ciccarelli.com\/arizona\/abogado-de-violencia-domestica-en-phoenix-arizona\/","og_site_name":"Ciccarelli Law Offices - AZ","article_modified_time":"2022-01-13T17:28:12+00:00","og_image":[{"url":"https:\/\/ciccarellilawoffices.kinsta.cloud\/arizona\/wp-content\/uploads\/2022\/01\/Ciccarelli-Flag-300x300.jpg","type":"","width":"","height":""}],"twitter_card":"summary_large_image","twitter_misc":{"Est. reading time":"6 minutes"},"schema":{"@context":"https:\/\/schema.org","@graph":[{"@type":"WebPage","@id":"https:\/\/ciccarelli.com\/arizona\/abogado-de-violencia-domestica-en-phoenix-arizona\/","url":"https:\/\/ciccarelli.com\/arizona\/abogado-de-violencia-domestica-en-phoenix-arizona\/","name":"Abogado de Violencia Dom\u00e9stica en Phoenix Arizona","isPartOf":{"@id":"https:\/\/ciccarelli.com\/arizona\/#website"},"primaryImageOfPage":{"@id":"https:\/\/ciccarelli.com\/arizona\/abogado-de-violencia-domestica-en-phoenix-arizona\/#primaryimage"},"image":{"@id":"https:\/\/ciccarelli.com\/arizona\/abogado-de-violencia-domestica-en-phoenix-arizona\/#primaryimage"},"thumbnailUrl":"https:\/\/ciccarellilawoffices.kinsta.cloud\/arizona\/wp-content\/uploads\/2022\/01\/Ciccarelli-Flag-300x300.jpg","datePublished":"2021-10-27T11:31:59+00:00","dateModified":"2022-01-13T17:28:12+00:00","breadcrumb":{"@id":"https:\/\/ciccarelli.com\/arizona\/abogado-de-violencia-domestica-en-phoenix-arizona\/#breadcrumb"},"inLanguage":"en-US","potentialAction":[{"@type":"ReadAction","target":["https:\/\/ciccarelli.com\/arizona\/abogado-de-violencia-domestica-en-phoenix-arizona\/"]}]},{"@type":"ImageObject","inLanguage":"en-US","@id":"https:\/\/ciccarelli.com\/arizona\/abogado-de-violencia-domestica-en-phoenix-arizona\/#primaryimage","url":"https:\/\/ciccarellilawoffices.kinsta.cloud\/arizona\/wp-content\/uploads\/2022\/01\/Ciccarelli-Flag-300x300.jpg","contentUrl":"https:\/\/ciccarellilawoffices.kinsta.cloud\/arizona\/wp-content\/uploads\/2022\/01\/Ciccarelli-Flag-300x300.jpg"},{"@type":"BreadcrumbList","@id":"https:\/\/ciccarelli.com\/arizona\/abogado-de-violencia-domestica-en-phoenix-arizona\/#breadcrumb","itemListElement":[{"@type":"ListItem","position":1,"name":"Home","item":"https:\/\/ciccarelli.com\/arizona\/"},{"@type":"ListItem","position":2,"name":"Abogado de Violencia Dom\u00e9stica en Phoenix Arizona"}]},{"@type":"WebSite","@id":"https:\/\/ciccarelli.com\/arizona\/#website","url":"https:\/\/ciccarelli.com\/arizona\/","name":"Ciccarelli Law Offices - AZ","description":"Ciccarelli Law Offices - AZ","potentialAction":[{"@type":"SearchAction","target":{"@type":"EntryPoint","urlTemplate":"https:\/\/ciccarelli.com\/arizona\/?s={search_term_string}"},"query-input":{"@type":"PropertyValueSpecification","valueRequired":true,"valueName":"search_term_string"}}],"inLanguage":"en-US"}]}},"_links":{"self":[{"href":"https:\/\/ciccarelli.com\/arizona\/wp-json\/wp\/v2\/pages\/47766","targetHints":{"allow":["GET"]}}],"collection":[{"href":"https:\/\/ciccarelli.com\/arizona\/wp-json\/wp\/v2\/pages"}],"about":[{"href":"https:\/\/ciccarelli.com\/arizona\/wp-json\/wp\/v2\/types\/page"}],"author":[{"embeddable":true,"href":"https:\/\/ciccarelli.com\/arizona\/wp-json\/wp\/v2\/users\/7"}],"replies":[{"embeddable":true,"href":"https:\/\/ciccarelli.com\/arizona\/wp-json\/wp\/v2\/comments?post=47766"}],"version-history":[{"count":3,"href":"https:\/\/ciccarelli.com\/arizona\/wp-json\/wp\/v2\/pages\/47766\/revisions"}],"predecessor-version":[{"id":48353,"href":"https:\/\/ciccarelli.com\/arizona\/wp-json\/wp\/v2\/pages\/47766\/revisions\/48353"}],"wp:attachment":[{"href":"https:\/\/ciccarelli.com\/arizona\/wp-json\/wp\/v2\/media?parent=47766"}],"curies":[{"name":"wp","href":"https:\/\/api.w.org\/{rel}","templated":true}]}}