{"id":47764,"date":"2021-10-27T07:23:42","date_gmt":"2021-10-27T11:23:42","guid":{"rendered":"https:\/\/ciccarellilawoffices.kinsta.cloud\/arizona\/?page_id=47764"},"modified":"2022-01-13T13:27:47","modified_gmt":"2022-01-13T17:27:47","slug":"abogado-de-robo-de-phoenix","status":"publish","type":"page","link":"https:\/\/ciccarelli.com\/arizona\/abogado-de-robo-de-phoenix\/","title":{"rendered":"Abogado de Robo de Phoenix"},"content":{"rendered":"<p><img decoding=\"async\" class=\"alignright size-medium wp-image-48252\" src=\"https:\/\/ciccarellilawoffices.kinsta.cloud\/arizona\/wp-content\/uploads\/2022\/01\/Ciccarelli-Flag-300x300.jpg\" alt=\"\" width=\"300\" height=\"300\" srcset=\"https:\/\/ciccarelli.com\/arizona\/wp-content\/uploads\/2022\/01\/Ciccarelli-Flag-300x300.jpg 300w, https:\/\/ciccarelli.com\/arizona\/wp-content\/uploads\/2022\/01\/Ciccarelli-Flag-150x150.jpg 150w, https:\/\/ciccarelli.com\/arizona\/wp-content\/uploads\/2022\/01\/Ciccarelli-Flag.jpg 640w\" sizes=\"(max-width: 300px) 100vw, 300px\" \/>En Phoenix, hay varios tipos de cargos que una persona puede enfrentar relacionada con el robo. En estas situaciones, el nivel del cargo y la severidad de las sanciones dependen de los factores relacionados con cada caso. En las Oficinas Legales de Ciccarelli, nuestro equipo est\u00e1 aqu\u00ed para ayudarlo si necesita un abogado calificado en robo de Phoenix a su lado. Si enfrenta cargos de robo, nuestro equipo trabajar\u00e1 para llevar a cabo una investigaci\u00f3n completa sobre esta situaci\u00f3n en un esfuerzo por reducir o desestimar por completo los cargos en su contra. Nuestro equipo defiende a clientes de Arizona que enfrentan cargos de robo en Phoenix, Chandler, Gilbert, Scottsdale y Tempe Arizona.<\/p>\n<h2>\u00bfPor qu\u00e9 recurrir a las Oficinas Legales de Ciccarelli en busca de ayuda?<\/h2>\n<ul>\n<li>En las Oficinas Legales de Ciccarelli, nos esforzamos por proporcionar un enfoque centrado en el cliente para cada caso que tomamos. Esto significa que nos centramos en los objetivos y necesidades de cada cliente a medida que formulamos su estrategia de casopara avanzar.<\/li>\n<li>Nuestros abogados tienen un historial de \u00e9xito al enfrentarse a fiscales agresivos. Aportamos defensa y experiencia a la lucha para lograr los mejores resultados posibles.<\/li>\n<li>En las Oficinas Legales de Ciccarelli, tenemos un historial de \u00e9xito en aquellos queenfrentan cargos criminales graves en y alrededor del \u00e1rea de Phoenix.<\/li>\n<\/ul>\n<h2>\u00bfC\u00f3mo ayudar\u00e1 un abogado a un cargo por robo en Phoenix?<\/h2>\n<p>El objetivo de un abogado de robo de Phoenix ser\u00e1 manejar todos los aspectos de estos casos en nombre de su cliente. Un abogado puede usar sus recursos y experiencia legal para investigar a fondo los cargos que enfrenta su cliente. Esto incluir\u00e1 reunir toda la evidencia que los fiscales est\u00e1n utilizando para probar su caso, al tiempo que realizan una investigaci\u00f3n independiente para obtenerevidencia adicional que pueda ayudar alcliente.<\/p>\n<p>Un abogado se encargar\u00e1 de todas las negociaciones con los funcionarios encargados de hacer cumplir la ley y los fiscales. Esto incluir\u00e1 discusiones sobre cualquier posible acuerdo de culpabilidad si se justifica uno. Sin embargo, un abogado se preparar\u00e1 completamentepara llevar el caso a juicio si eso es lo necesario para garantizar que su cliente sea tratado de manera justa.<\/p>\n<h2>Entendiendo los cargos por robo en Phoenix<\/h2>\n<p>Cuando observamos el estatuto general de robo que se aplica en Arizona(<a href=\"https:\/\/codes.findlaw.com\/az\/title-13-criminal-code\/az-rev-st-sect-13-1801.html#:~:text=%E2%80%9CMaterial%20misrepresentation%E2%80%9D%20means%20a%20pretense,transfer%20of%20property%20or%20services.\" target=\"_blank\" rel=\"noopener\">Arizona Revised Statutes Title 13 Criminal Code \u00a7 13-1801<\/a>),est\u00e1 claro queno es un estatuto relacionado con el robo o elrobo. Esos son estatutos separados que no se discutir\u00e1n aqu\u00ed. En Arizona, el robo se define como:<\/p>\n<ul>\n<li>Controlar la propiedad de otra persona con la intenci\u00f3n de privarla de la propiedad.<\/li>\n<li>Controlar la propiedad mientras se sabe o tiene razones para sospechar que la propiedad ha sido robada.<\/li>\n<li>Obtener bienes o servicios por tergiversaci\u00f3n, con la intenci\u00f3n deprivar a otra persona de la propiedad o servicios.<\/li>\n<\/ul>\n<p>En Phoenix, las sanciones por robo variar\u00e1n dependiendo del valor de la propiedad o los servicios que se hayan tomado. Si la propiedad o los servicios tomados fueron valorados en menos de $ 1,000, esto se considerar\u00e1un delito menor de Clase 1 punible con hasta seis meses de c\u00e1rcel.<\/p>\n<p>Para cualquier propiedad o servicio tomado valorado en m\u00e1s de $ 1,000, esto resultar\u00e1 en una persona que enfrenta un cargo por delito grave. Una vez m\u00e1s, el nivel de delito grave variar\u00e1 dependiendo del valor de la propiedad o los servicios tomados:<\/p>\n<ul>\n<li><strong>$ 1,000 a menos de $ 2,000, un arma de fuego o un animal para ser utilizado en peleas<\/strong> &#8211; Delito grave de Clase 6, punible con 6 meses a 1.5 a\u00f1os de prisi\u00f3n.<\/li>\n<li><strong>$ 2,000 a menos de $ 3,000<\/strong> &#8211; Delito grave de Clase 5 punible con 9 mesesa2 a\u00f1os de prisi\u00f3n.<\/li>\n<li><strong>$ 3,000 a menos de $ 4,000, motor del veh\u00edculo o transmisi\u00f3n del veh\u00edculo<\/strong> &#8211; Delito grave de Clase 4 punible con 1.5 a 3 a\u00f1os de prisi\u00f3n.<\/li>\n<li><strong>$ 4,000 a menos de $ 25,000<\/strong> &#8211; Delito grave de Clase 3 punible con 2.5 a 7 a\u00f1os de prisi\u00f3n.<\/li>\n<li><strong>$ 25,000 o m\u00e1s<\/strong> &#8211; Delito grave de Clase 2 punible con 4 a 10 a\u00f1os de prisi\u00f3n.<\/li>\n<\/ul>\n<h2>Llame a un abogado de robo de Phoenix hoy<\/h2>\n<p>Si usted o alguien que ama enfrenta cargos de robo en o alrededor del \u00e1rea de Phoenix, acuda al equipo de las Oficinas Legales de Ciccarelli tan pronto como seaposible. Nuestros abogados tienen un historial de \u00e9xito en ayudar a los clientes que enfrentan una variedad de cargos penales, incluidos varios tipos de robo. Entendemos lo que se necesita para investigar estas situaciones, hacer frente a los fiscales agresivos y ayudar a garantizar queseantratados de manera justa. Cuando necesite un abogado de robo en Phoenix, comun\u00edquese con nuestro equipo hoy.<\/p>\n","protected":false},"excerpt":{"rendered":"<p>En Phoenix, hay varios tipos de cargos que una persona puede enfrentar relacionada con el robo. En estas situaciones, el nivel del cargo y la severidad de las sanciones dependen de los factores relacionados con cada caso. En las Oficinas Legales de Ciccarelli, nuestro equipo est\u00e1 aqu\u00ed para ayudarlo si necesita un abogado calificado en robo de Phoenix a su\u2026 <a href=\"https:\/\/ciccarelli.com\/arizona\/abogado-de-robo-de-phoenix\/\">READ MORE<\/a><\/p>\n","protected":false},"author":7,"featured_media":0,"parent":0,"menu_order":0,"comment_status":"closed","ping_status":"closed","template":"","meta":{"_acf_changed":false,"footnotes":"","_content_optimizer_report_url":"","_content_optimizer_report_added":"","_content_optimizer_keyword_hide_used":false,"_content_optimizer_keyword_hide_above_average":false,"_content_optimizer_entities_hide_used":false,"_content_optimizer_entities_hide_above_average":false,"_content_optimizer_headings_hide_used":false,"_content_optimizer_questions_hide_used":false,"_content_optimizer_tab_active":"","_content_optimizer_report_url_ce":"","_content_optimizer_report_added_ce":"","_content_optimizer_keyword_hide_used_ce":false,"_content_optimizer_keyword_hide_above_average_ce":false,"_content_optimizer_entities_hide_used_ce":false,"_content_optimizer_entities_hide_above_average_ce":false,"_content_optimizer_headings_hide_used_ce":false,"_content_optimizer_questions_hide_used_ce":false,"_content_optimizer_tab_active_ce":""},"class_list":["post-47764","page","type-page","status-publish","hentry"],"acf":[],"yoast_head":"<!-- This site is optimized with the Yoast SEO plugin v27.1.1 - https:\/\/yoast.com\/product\/yoast-seo-wordpress\/ -->\n<title>Abogado de Robo de Phoenix<\/title>\n<meta name=\"robots\" content=\"index, follow, max-snippet:-1, max-image-preview:large, max-video-preview:-1\" \/>\n<link rel=\"canonical\" href=\"https:\/\/ciccarelli.com\/arizona\/abogado-de-robo-de-phoenix\/\" \/>\n<meta property=\"og:locale\" content=\"en_US\" \/>\n<meta property=\"og:type\" content=\"article\" \/>\n<meta property=\"og:title\" content=\"Abogado de Robo de Phoenix\" \/>\n<meta property=\"og:description\" content=\"En Phoenix, hay varios tipos de cargos que una persona puede enfrentar relacionada con el robo. En estas situaciones, el nivel del cargo y la severidad de las sanciones dependen de los factores relacionados con cada caso. En las Oficinas Legales de Ciccarelli, nuestro equipo est\u00e1 aqu\u00ed para ayudarlo si necesita un abogado calificado en robo de Phoenix a su\u2026 READ MORE\" \/>\n<meta property=\"og:url\" content=\"https:\/\/ciccarelli.com\/arizona\/abogado-de-robo-de-phoenix\/\" \/>\n<meta property=\"og:site_name\" content=\"Ciccarelli Law Offices - AZ\" \/>\n<meta property=\"article:modified_time\" content=\"2022-01-13T17:27:47+00:00\" \/>\n<meta property=\"og:image\" content=\"https:\/\/ciccarellilawoffices.kinsta.cloud\/arizona\/wp-content\/uploads\/2022\/01\/Ciccarelli-Flag-300x300.jpg\" \/>\n<meta name=\"twitter:card\" content=\"summary_large_image\" \/>\n<meta name=\"twitter:label1\" content=\"Est. reading time\" \/>\n\t<meta name=\"twitter:data1\" content=\"4 minutes\" \/>\n<script type=\"application\/ld+json\" class=\"yoast-schema-graph\">{\"@context\":\"https:\/\/schema.org\",\"@graph\":[{\"@type\":\"WebPage\",\"@id\":\"https:\/\/ciccarelli.com\/arizona\/abogado-de-robo-de-phoenix\/\",\"url\":\"https:\/\/ciccarelli.com\/arizona\/abogado-de-robo-de-phoenix\/\",\"name\":\"Abogado de Robo de Phoenix\",\"isPartOf\":{\"@id\":\"https:\/\/ciccarelli.com\/arizona\/#website\"},\"primaryImageOfPage\":{\"@id\":\"https:\/\/ciccarelli.com\/arizona\/abogado-de-robo-de-phoenix\/#primaryimage\"},\"image\":{\"@id\":\"https:\/\/ciccarelli.com\/arizona\/abogado-de-robo-de-phoenix\/#primaryimage\"},\"thumbnailUrl\":\"https:\/\/ciccarellilawoffices.kinsta.cloud\/arizona\/wp-content\/uploads\/2022\/01\/Ciccarelli-Flag-300x300.jpg\",\"datePublished\":\"2021-10-27T11:23:42+00:00\",\"dateModified\":\"2022-01-13T17:27:47+00:00\",\"breadcrumb\":{\"@id\":\"https:\/\/ciccarelli.com\/arizona\/abogado-de-robo-de-phoenix\/#breadcrumb\"},\"inLanguage\":\"en-US\",\"potentialAction\":[{\"@type\":\"ReadAction\",\"target\":[\"https:\/\/ciccarelli.com\/arizona\/abogado-de-robo-de-phoenix\/\"]}]},{\"@type\":\"ImageObject\",\"inLanguage\":\"en-US\",\"@id\":\"https:\/\/ciccarelli.com\/arizona\/abogado-de-robo-de-phoenix\/#primaryimage\",\"url\":\"https:\/\/ciccarellilawoffices.kinsta.cloud\/arizona\/wp-content\/uploads\/2022\/01\/Ciccarelli-Flag-300x300.jpg\",\"contentUrl\":\"https:\/\/ciccarellilawoffices.kinsta.cloud\/arizona\/wp-content\/uploads\/2022\/01\/Ciccarelli-Flag-300x300.jpg\"},{\"@type\":\"BreadcrumbList\",\"@id\":\"https:\/\/ciccarelli.com\/arizona\/abogado-de-robo-de-phoenix\/#breadcrumb\",\"itemListElement\":[{\"@type\":\"ListItem\",\"position\":1,\"name\":\"Home\",\"item\":\"https:\/\/ciccarelli.com\/arizona\/\"},{\"@type\":\"ListItem\",\"position\":2,\"name\":\"Abogado de Robo de Phoenix\"}]},{\"@type\":\"WebSite\",\"@id\":\"https:\/\/ciccarelli.com\/arizona\/#website\",\"url\":\"https:\/\/ciccarelli.com\/arizona\/\",\"name\":\"Ciccarelli Law Offices - AZ\",\"description\":\"Ciccarelli Law Offices - AZ\",\"potentialAction\":[{\"@type\":\"SearchAction\",\"target\":{\"@type\":\"EntryPoint\",\"urlTemplate\":\"https:\/\/ciccarelli.com\/arizona\/?s={search_term_string}\"},\"query-input\":{\"@type\":\"PropertyValueSpecification\",\"valueRequired\":true,\"valueName\":\"search_term_string\"}}],\"inLanguage\":\"en-US\"}]}<\/script>\n<!-- \/ Yoast SEO plugin. -->","yoast_head_json":{"title":"Abogado de Robo de Phoenix","robots":{"index":"index","follow":"follow","max-snippet":"max-snippet:-1","max-image-preview":"max-image-preview:large","max-video-preview":"max-video-preview:-1"},"canonical":"https:\/\/ciccarelli.com\/arizona\/abogado-de-robo-de-phoenix\/","og_locale":"en_US","og_type":"article","og_title":"Abogado de Robo de Phoenix","og_description":"En Phoenix, hay varios tipos de cargos que una persona puede enfrentar relacionada con el robo. En estas situaciones, el nivel del cargo y la severidad de las sanciones dependen de los factores relacionados con cada caso. En las Oficinas Legales de Ciccarelli, nuestro equipo est\u00e1 aqu\u00ed para ayudarlo si necesita un abogado calificado en robo de Phoenix a su\u2026 READ MORE","og_url":"https:\/\/ciccarelli.com\/arizona\/abogado-de-robo-de-phoenix\/","og_site_name":"Ciccarelli Law Offices - AZ","article_modified_time":"2022-01-13T17:27:47+00:00","og_image":[{"url":"https:\/\/ciccarellilawoffices.kinsta.cloud\/arizona\/wp-content\/uploads\/2022\/01\/Ciccarelli-Flag-300x300.jpg","type":"","width":"","height":""}],"twitter_card":"summary_large_image","twitter_misc":{"Est. reading time":"4 minutes"},"schema":{"@context":"https:\/\/schema.org","@graph":[{"@type":"WebPage","@id":"https:\/\/ciccarelli.com\/arizona\/abogado-de-robo-de-phoenix\/","url":"https:\/\/ciccarelli.com\/arizona\/abogado-de-robo-de-phoenix\/","name":"Abogado de Robo de Phoenix","isPartOf":{"@id":"https:\/\/ciccarelli.com\/arizona\/#website"},"primaryImageOfPage":{"@id":"https:\/\/ciccarelli.com\/arizona\/abogado-de-robo-de-phoenix\/#primaryimage"},"image":{"@id":"https:\/\/ciccarelli.com\/arizona\/abogado-de-robo-de-phoenix\/#primaryimage"},"thumbnailUrl":"https:\/\/ciccarellilawoffices.kinsta.cloud\/arizona\/wp-content\/uploads\/2022\/01\/Ciccarelli-Flag-300x300.jpg","datePublished":"2021-10-27T11:23:42+00:00","dateModified":"2022-01-13T17:27:47+00:00","breadcrumb":{"@id":"https:\/\/ciccarelli.com\/arizona\/abogado-de-robo-de-phoenix\/#breadcrumb"},"inLanguage":"en-US","potentialAction":[{"@type":"ReadAction","target":["https:\/\/ciccarelli.com\/arizona\/abogado-de-robo-de-phoenix\/"]}]},{"@type":"ImageObject","inLanguage":"en-US","@id":"https:\/\/ciccarelli.com\/arizona\/abogado-de-robo-de-phoenix\/#primaryimage","url":"https:\/\/ciccarellilawoffices.kinsta.cloud\/arizona\/wp-content\/uploads\/2022\/01\/Ciccarelli-Flag-300x300.jpg","contentUrl":"https:\/\/ciccarellilawoffices.kinsta.cloud\/arizona\/wp-content\/uploads\/2022\/01\/Ciccarelli-Flag-300x300.jpg"},{"@type":"BreadcrumbList","@id":"https:\/\/ciccarelli.com\/arizona\/abogado-de-robo-de-phoenix\/#breadcrumb","itemListElement":[{"@type":"ListItem","position":1,"name":"Home","item":"https:\/\/ciccarelli.com\/arizona\/"},{"@type":"ListItem","position":2,"name":"Abogado de Robo de Phoenix"}]},{"@type":"WebSite","@id":"https:\/\/ciccarelli.com\/arizona\/#website","url":"https:\/\/ciccarelli.com\/arizona\/","name":"Ciccarelli Law Offices - AZ","description":"Ciccarelli Law Offices - AZ","potentialAction":[{"@type":"SearchAction","target":{"@type":"EntryPoint","urlTemplate":"https:\/\/ciccarelli.com\/arizona\/?s={search_term_string}"},"query-input":{"@type":"PropertyValueSpecification","valueRequired":true,"valueName":"search_term_string"}}],"inLanguage":"en-US"}]}},"_links":{"self":[{"href":"https:\/\/ciccarelli.com\/arizona\/wp-json\/wp\/v2\/pages\/47764","targetHints":{"allow":["GET"]}}],"collection":[{"href":"https:\/\/ciccarelli.com\/arizona\/wp-json\/wp\/v2\/pages"}],"about":[{"href":"https:\/\/ciccarelli.com\/arizona\/wp-json\/wp\/v2\/types\/page"}],"author":[{"embeddable":true,"href":"https:\/\/ciccarelli.com\/arizona\/wp-json\/wp\/v2\/users\/7"}],"replies":[{"embeddable":true,"href":"https:\/\/ciccarelli.com\/arizona\/wp-json\/wp\/v2\/comments?post=47764"}],"version-history":[{"count":3,"href":"https:\/\/ciccarelli.com\/arizona\/wp-json\/wp\/v2\/pages\/47764\/revisions"}],"predecessor-version":[{"id":48352,"href":"https:\/\/ciccarelli.com\/arizona\/wp-json\/wp\/v2\/pages\/47764\/revisions\/48352"}],"wp:attachment":[{"href":"https:\/\/ciccarelli.com\/arizona\/wp-json\/wp\/v2\/media?parent=47764"}],"curies":[{"name":"wp","href":"https:\/\/api.w.org\/{rel}","templated":true}]}}