{"id":47762,"date":"2021-10-27T07:12:36","date_gmt":"2021-10-27T11:12:36","guid":{"rendered":"https:\/\/ciccarellilawoffices.kinsta.cloud\/arizona\/?page_id=47762"},"modified":"2022-01-13T13:27:19","modified_gmt":"2022-01-13T17:27:19","slug":"abogado-de-infracciones-de-trafico-de-phoenix","status":"publish","type":"page","link":"https:\/\/ciccarelli.com\/arizona\/abogado-de-infracciones-de-trafico-de-phoenix\/","title":{"rendered":"Abogado de Infracciones de Tr\u00e1fico de Phoenix"},"content":{"rendered":"<p><img decoding=\"async\" class=\"alignright size-medium wp-image-48252\" src=\"https:\/\/ciccarellilawoffices.kinsta.cloud\/arizona\/wp-content\/uploads\/2022\/01\/Ciccarelli-Flag-300x300.jpg\" alt=\"\" width=\"300\" height=\"300\" srcset=\"https:\/\/ciccarelli.com\/arizona\/wp-content\/uploads\/2022\/01\/Ciccarelli-Flag-300x300.jpg 300w, https:\/\/ciccarelli.com\/arizona\/wp-content\/uploads\/2022\/01\/Ciccarelli-Flag-150x150.jpg 150w, https:\/\/ciccarelli.com\/arizona\/wp-content\/uploads\/2022\/01\/Ciccarelli-Flag.jpg 640w\" sizes=\"(max-width: 300px) 100vw, 300px\" \/>No es raro que una persona se enfrente a varios tipos de citaciones de tr\u00e1fico en y alrededor del \u00e1rea de Phoenix. Sin embargo, el hecho de que estas citas sean comunes no significa que no deban tomarse en serio. Independientemente de si una violaci\u00f3n es o no de naturaleza criminal ono, una persona podr\u00eda enfrentar multas significativas y otras consecuencias graves. En algunas circunstancias, una persona condenada por una infracci\u00f3n de tr\u00e1fico podr\u00eda terminar con una licencia suspendida, altas tasas de seguro o incluso una record penal permanente. En las Oficinas Legales de Ciccarelli, estamos aqu\u00ed para ayudarlo si necesita un abogado de infracciones de tr\u00e1fico en Phoenix. Tenemos los recursos necesarios para investigar a fondo estas situaciones, as\u00ed que trabajemos para lograr una resoluci\u00f3n positiva para su caso. Nuestro equipo defiende los cargos de tr\u00e1fico de Arizona en Phoenix, Chandler, Tempe, Scottsdale y Gilbert Arizona.<\/p>\n<h2>\u00bfPor qu\u00e9 Choose the Ciccarelli Law Offices?<\/h2>\n<ul>\n<li>En las Oficinas Legales de Ciccarelli, nuestro equipo aporta defensa, agresividad y experiencia para luchar en cada situaci\u00f3n, incluidos los casos de infracci\u00f3n de tr\u00e1fico.<\/li>\n<li>Cada abogado de nuestra firma se dedica a buscar a los mejores clientesque entran por nuestra puerta, y nos tomamos el tiempo para escuchar sus objetivos y necesidades.<\/li>\n<li>Lee Ciccarelli y el equipo legal de Ciccarelli Law Offices entienden las dificultades financieras que una persona puede estar enfrentando, por lo que trabajamos para proporcionarservicios legales a los clientes a precios razonables.<\/li>\n<\/ul>\n<h2>Tipos de infracciones de tr\u00e1fico con las que ayudamos a los clientes<\/h2>\n<p>En Phoenix, hay algunas infracciones de tr\u00e1fico que solo resultan en multas y puntos acumulados contra la licencia de conducir de una persona. Arizona opera bajo un sistema de puntos donde una persona podr\u00eda enfrentar la suspensi\u00f3n de la licencia por hasta un a\u00f1o si acumula ocho o m\u00e1s puntos durante un per\u00edodo de un a\u00f1o.<\/p>\n<p>Sin embargo, hay algunas infracciones de tr\u00e1fico que resultan en consecuencias m\u00e1s graves si una persona es condenada. As\u00ed quelas infracciones de tr\u00e1fico son delitos menores (o incluso delitos graves) que podr\u00edan terminar con una persona con antecedentes penales.<br \/>\nAlgunas de las infracciones de tr\u00e1fico m\u00e1s comunes con las que los abogados de ciccarelli Law Offices ayudan a los clientes incluyen lasiguiente:<\/p>\n<ul>\n<li>Acelerar<\/li>\n<li>Falta de rendimiento<\/li>\n<li>Arresto por DUI\/DWI (drogas o alcohol)<\/li>\n<li>DUI agravado (lesiones o muerte)<\/li>\n<li>Conducci\u00f3n temeraria<\/li>\n<li>Conducci\u00f3n agresiva<\/li>\n<li>Eludir a un oficial de polic\u00eda<\/li>\n<li>Carreras<\/li>\n<li>Conducir con una licencia suspendida<\/li>\n<li>Conducir con una licencia revocada<\/li>\n<li>Golpear y huir<\/li>\n<li>Homicidio vehicular<\/li>\n<\/ul>\n<h2>\u00bfC\u00f3mo ayudar\u00e1 un abogado a una infracci\u00f3n de tr\u00e1fico en Phoenix?<\/h2>\n<p>Hay varias razones por las que una persona debe obtener la asistencia de un abogado cuando se enfrenta a una violaci\u00f3n detr\u00e1fico. Simplemente pagar una infracci\u00f3n de tr\u00e1fico no significa que las consecuencias de esa multa hayan terminado. Pagar una multa significa que una persona admite su culpabilidad, y los puntos se evaluar\u00e1n autom\u00e1ticamente contra su licencia de conducir. Un abogado de infracciones de tr\u00e1fico de Phoenix trabajar\u00e1 para ayudarlo a reducir o desestimar esta infracci\u00f3n en un tribunal civil.<\/p>\n<p>Si una persona se enfrenta a un delito menor o un delito grave de tr\u00e1fico, ser\u00e1 necesario un abogado de defensa criminal de Phoenix. Una violaci\u00f3n de esta gravedad no solo resultar\u00e1 en sanciones relacionadas con la licencia de conducir, sino que esto tambi\u00e9n podr\u00eda resultar en tiempo de c\u00e1rcel o multas significativas tras la condena. Estas situaciones deben abordarse como cualquier otro caso penal en el que un abogado obtendr\u00e1 y revisar\u00e1 cualquier evidencia prestinadapor los fiscales. Un abogado utilizar\u00e1 sus recursos y experiencia legal para llevar a cabo una investigaci\u00f3n independiente.<\/p>\n<h2>Llame a un abogado de infracciones de tr\u00e1fico de Phoenix hoy mismo<\/h2>\n<p>Si usted o alguien que ama ha recibido una infracci\u00f3n de tr\u00e1nsito en el \u00e1rea de Phoenix, comun\u00edquese con el equipo de las Oficinas Legales de Ciccarelli para obtener ayuda hoy. Nuestros abogados tienen los recursos y la experiencia legal necesarios para investigar a fondo estas violaciones y \u00e9lpuede reducirlas o desestimarlas por completo. Ll\u00e1menos hoy y podemos comenzar de inmediato.<\/p>\n","protected":false},"excerpt":{"rendered":"<p>No es raro que una persona se enfrente a varios tipos de citaciones de tr\u00e1fico en y alrededor del \u00e1rea de Phoenix. Sin embargo, el hecho de que estas citas sean comunes no significa que no deban tomarse en serio. Independientemente de si una violaci\u00f3n es o no de naturaleza criminal ono, una persona podr\u00eda enfrentar multas significativas y otras\u2026 <a href=\"https:\/\/ciccarelli.com\/arizona\/abogado-de-infracciones-de-trafico-de-phoenix\/\">READ MORE<\/a><\/p>\n","protected":false},"author":7,"featured_media":0,"parent":0,"menu_order":0,"comment_status":"closed","ping_status":"closed","template":"","meta":{"_acf_changed":false,"footnotes":"","_content_optimizer_report_url":"","_content_optimizer_report_added":"","_content_optimizer_keyword_hide_used":false,"_content_optimizer_keyword_hide_above_average":false,"_content_optimizer_entities_hide_used":false,"_content_optimizer_entities_hide_above_average":false,"_content_optimizer_headings_hide_used":false,"_content_optimizer_questions_hide_used":false,"_content_optimizer_tab_active":"","_content_optimizer_report_url_ce":"","_content_optimizer_report_added_ce":"","_content_optimizer_keyword_hide_used_ce":false,"_content_optimizer_keyword_hide_above_average_ce":false,"_content_optimizer_entities_hide_used_ce":false,"_content_optimizer_entities_hide_above_average_ce":false,"_content_optimizer_headings_hide_used_ce":false,"_content_optimizer_questions_hide_used_ce":false,"_content_optimizer_tab_active_ce":""},"class_list":["post-47762","page","type-page","status-publish","hentry"],"acf":[],"yoast_head":"<!-- This site is optimized with the Yoast SEO plugin v27.4 - https:\/\/yoast.com\/product\/yoast-seo-wordpress\/ -->\n<title>Abogado de Infracciones de Tr\u00e1fico de Phoenix<\/title>\n<meta name=\"robots\" content=\"index, follow, max-snippet:-1, max-image-preview:large, max-video-preview:-1\" \/>\n<link rel=\"canonical\" href=\"https:\/\/ciccarelli.com\/arizona\/abogado-de-infracciones-de-trafico-de-phoenix\/\" \/>\n<meta property=\"og:locale\" content=\"en_US\" \/>\n<meta property=\"og:type\" content=\"article\" \/>\n<meta property=\"og:title\" content=\"Abogado de Infracciones de Tr\u00e1fico de Phoenix\" \/>\n<meta property=\"og:description\" content=\"No es raro que una persona se enfrente a varios tipos de citaciones de tr\u00e1fico en y alrededor del \u00e1rea de Phoenix. Sin embargo, el hecho de que estas citas sean comunes no significa que no deban tomarse en serio. Independientemente de si una violaci\u00f3n es o no de naturaleza criminal ono, una persona podr\u00eda enfrentar multas significativas y otras\u2026 READ MORE\" \/>\n<meta property=\"og:url\" content=\"https:\/\/ciccarelli.com\/arizona\/abogado-de-infracciones-de-trafico-de-phoenix\/\" \/>\n<meta property=\"og:site_name\" content=\"Ciccarelli Law Offices - AZ\" \/>\n<meta property=\"article:modified_time\" content=\"2022-01-13T17:27:19+00:00\" \/>\n<meta property=\"og:image\" content=\"https:\/\/ciccarellilawoffices.kinsta.cloud\/arizona\/wp-content\/uploads\/2022\/01\/Ciccarelli-Flag-300x300.jpg\" \/>\n<meta name=\"twitter:card\" content=\"summary_large_image\" \/>\n<meta name=\"twitter:label1\" content=\"Est. reading time\" \/>\n\t<meta name=\"twitter:data1\" content=\"4 minutes\" \/>\n<script type=\"application\/ld+json\" class=\"yoast-schema-graph\">{\"@context\":\"https:\\\/\\\/schema.org\",\"@graph\":[{\"@type\":\"WebPage\",\"@id\":\"https:\\\/\\\/ciccarelli.com\\\/arizona\\\/abogado-de-infracciones-de-trafico-de-phoenix\\\/\",\"url\":\"https:\\\/\\\/ciccarelli.com\\\/arizona\\\/abogado-de-infracciones-de-trafico-de-phoenix\\\/\",\"name\":\"Abogado de Infracciones de Tr\u00e1fico de Phoenix\",\"isPartOf\":{\"@id\":\"https:\\\/\\\/ciccarelli.com\\\/arizona\\\/#website\"},\"primaryImageOfPage\":{\"@id\":\"https:\\\/\\\/ciccarelli.com\\\/arizona\\\/abogado-de-infracciones-de-trafico-de-phoenix\\\/#primaryimage\"},\"image\":{\"@id\":\"https:\\\/\\\/ciccarelli.com\\\/arizona\\\/abogado-de-infracciones-de-trafico-de-phoenix\\\/#primaryimage\"},\"thumbnailUrl\":\"https:\\\/\\\/ciccarellilawoffices.kinsta.cloud\\\/arizona\\\/wp-content\\\/uploads\\\/2022\\\/01\\\/Ciccarelli-Flag-300x300.jpg\",\"datePublished\":\"2021-10-27T11:12:36+00:00\",\"dateModified\":\"2022-01-13T17:27:19+00:00\",\"breadcrumb\":{\"@id\":\"https:\\\/\\\/ciccarelli.com\\\/arizona\\\/abogado-de-infracciones-de-trafico-de-phoenix\\\/#breadcrumb\"},\"inLanguage\":\"en-US\",\"potentialAction\":[{\"@type\":\"ReadAction\",\"target\":[\"https:\\\/\\\/ciccarelli.com\\\/arizona\\\/abogado-de-infracciones-de-trafico-de-phoenix\\\/\"]}]},{\"@type\":\"ImageObject\",\"inLanguage\":\"en-US\",\"@id\":\"https:\\\/\\\/ciccarelli.com\\\/arizona\\\/abogado-de-infracciones-de-trafico-de-phoenix\\\/#primaryimage\",\"url\":\"https:\\\/\\\/ciccarellilawoffices.kinsta.cloud\\\/arizona\\\/wp-content\\\/uploads\\\/2022\\\/01\\\/Ciccarelli-Flag-300x300.jpg\",\"contentUrl\":\"https:\\\/\\\/ciccarellilawoffices.kinsta.cloud\\\/arizona\\\/wp-content\\\/uploads\\\/2022\\\/01\\\/Ciccarelli-Flag-300x300.jpg\"},{\"@type\":\"BreadcrumbList\",\"@id\":\"https:\\\/\\\/ciccarelli.com\\\/arizona\\\/abogado-de-infracciones-de-trafico-de-phoenix\\\/#breadcrumb\",\"itemListElement\":[{\"@type\":\"ListItem\",\"position\":1,\"name\":\"Home\",\"item\":\"https:\\\/\\\/ciccarelli.com\\\/arizona\\\/\"},{\"@type\":\"ListItem\",\"position\":2,\"name\":\"Abogado de Infracciones de Tr\u00e1fico de Phoenix\"}]},{\"@type\":\"WebSite\",\"@id\":\"https:\\\/\\\/ciccarelli.com\\\/arizona\\\/#website\",\"url\":\"https:\\\/\\\/ciccarelli.com\\\/arizona\\\/\",\"name\":\"Ciccarelli Law Offices - AZ\",\"description\":\"Ciccarelli Law Offices - AZ\",\"potentialAction\":[{\"@type\":\"SearchAction\",\"target\":{\"@type\":\"EntryPoint\",\"urlTemplate\":\"https:\\\/\\\/ciccarelli.com\\\/arizona\\\/?s={search_term_string}\"},\"query-input\":{\"@type\":\"PropertyValueSpecification\",\"valueRequired\":true,\"valueName\":\"search_term_string\"}}],\"inLanguage\":\"en-US\"}]}<\/script>\n<!-- \/ Yoast SEO plugin. -->","yoast_head_json":{"title":"Abogado de Infracciones de Tr\u00e1fico de Phoenix","robots":{"index":"index","follow":"follow","max-snippet":"max-snippet:-1","max-image-preview":"max-image-preview:large","max-video-preview":"max-video-preview:-1"},"canonical":"https:\/\/ciccarelli.com\/arizona\/abogado-de-infracciones-de-trafico-de-phoenix\/","og_locale":"en_US","og_type":"article","og_title":"Abogado de Infracciones de Tr\u00e1fico de Phoenix","og_description":"No es raro que una persona se enfrente a varios tipos de citaciones de tr\u00e1fico en y alrededor del \u00e1rea de Phoenix. Sin embargo, el hecho de que estas citas sean comunes no significa que no deban tomarse en serio. Independientemente de si una violaci\u00f3n es o no de naturaleza criminal ono, una persona podr\u00eda enfrentar multas significativas y otras\u2026 READ MORE","og_url":"https:\/\/ciccarelli.com\/arizona\/abogado-de-infracciones-de-trafico-de-phoenix\/","og_site_name":"Ciccarelli Law Offices - AZ","article_modified_time":"2022-01-13T17:27:19+00:00","og_image":[{"url":"https:\/\/ciccarellilawoffices.kinsta.cloud\/arizona\/wp-content\/uploads\/2022\/01\/Ciccarelli-Flag-300x300.jpg","type":"","width":"","height":""}],"twitter_card":"summary_large_image","twitter_misc":{"Est. reading time":"4 minutes"},"schema":{"@context":"https:\/\/schema.org","@graph":[{"@type":"WebPage","@id":"https:\/\/ciccarelli.com\/arizona\/abogado-de-infracciones-de-trafico-de-phoenix\/","url":"https:\/\/ciccarelli.com\/arizona\/abogado-de-infracciones-de-trafico-de-phoenix\/","name":"Abogado de Infracciones de Tr\u00e1fico de Phoenix","isPartOf":{"@id":"https:\/\/ciccarelli.com\/arizona\/#website"},"primaryImageOfPage":{"@id":"https:\/\/ciccarelli.com\/arizona\/abogado-de-infracciones-de-trafico-de-phoenix\/#primaryimage"},"image":{"@id":"https:\/\/ciccarelli.com\/arizona\/abogado-de-infracciones-de-trafico-de-phoenix\/#primaryimage"},"thumbnailUrl":"https:\/\/ciccarellilawoffices.kinsta.cloud\/arizona\/wp-content\/uploads\/2022\/01\/Ciccarelli-Flag-300x300.jpg","datePublished":"2021-10-27T11:12:36+00:00","dateModified":"2022-01-13T17:27:19+00:00","breadcrumb":{"@id":"https:\/\/ciccarelli.com\/arizona\/abogado-de-infracciones-de-trafico-de-phoenix\/#breadcrumb"},"inLanguage":"en-US","potentialAction":[{"@type":"ReadAction","target":["https:\/\/ciccarelli.com\/arizona\/abogado-de-infracciones-de-trafico-de-phoenix\/"]}]},{"@type":"ImageObject","inLanguage":"en-US","@id":"https:\/\/ciccarelli.com\/arizona\/abogado-de-infracciones-de-trafico-de-phoenix\/#primaryimage","url":"https:\/\/ciccarellilawoffices.kinsta.cloud\/arizona\/wp-content\/uploads\/2022\/01\/Ciccarelli-Flag-300x300.jpg","contentUrl":"https:\/\/ciccarellilawoffices.kinsta.cloud\/arizona\/wp-content\/uploads\/2022\/01\/Ciccarelli-Flag-300x300.jpg"},{"@type":"BreadcrumbList","@id":"https:\/\/ciccarelli.com\/arizona\/abogado-de-infracciones-de-trafico-de-phoenix\/#breadcrumb","itemListElement":[{"@type":"ListItem","position":1,"name":"Home","item":"https:\/\/ciccarelli.com\/arizona\/"},{"@type":"ListItem","position":2,"name":"Abogado de Infracciones de Tr\u00e1fico de Phoenix"}]},{"@type":"WebSite","@id":"https:\/\/ciccarelli.com\/arizona\/#website","url":"https:\/\/ciccarelli.com\/arizona\/","name":"Ciccarelli Law Offices - AZ","description":"Ciccarelli Law Offices - AZ","potentialAction":[{"@type":"SearchAction","target":{"@type":"EntryPoint","urlTemplate":"https:\/\/ciccarelli.com\/arizona\/?s={search_term_string}"},"query-input":{"@type":"PropertyValueSpecification","valueRequired":true,"valueName":"search_term_string"}}],"inLanguage":"en-US"}]}},"_links":{"self":[{"href":"https:\/\/ciccarelli.com\/arizona\/wp-json\/wp\/v2\/pages\/47762","targetHints":{"allow":["GET"]}}],"collection":[{"href":"https:\/\/ciccarelli.com\/arizona\/wp-json\/wp\/v2\/pages"}],"about":[{"href":"https:\/\/ciccarelli.com\/arizona\/wp-json\/wp\/v2\/types\/page"}],"author":[{"embeddable":true,"href":"https:\/\/ciccarelli.com\/arizona\/wp-json\/wp\/v2\/users\/7"}],"replies":[{"embeddable":true,"href":"https:\/\/ciccarelli.com\/arizona\/wp-json\/wp\/v2\/comments?post=47762"}],"version-history":[{"count":4,"href":"https:\/\/ciccarelli.com\/arizona\/wp-json\/wp\/v2\/pages\/47762\/revisions"}],"predecessor-version":[{"id":48354,"href":"https:\/\/ciccarelli.com\/arizona\/wp-json\/wp\/v2\/pages\/47762\/revisions\/48354"}],"wp:attachment":[{"href":"https:\/\/ciccarelli.com\/arizona\/wp-json\/wp\/v2\/media?parent=47762"}],"curies":[{"name":"wp","href":"https:\/\/api.w.org\/{rel}","templated":true}]}}