{"id":47760,"date":"2021-10-27T07:05:34","date_gmt":"2021-10-27T11:05:34","guid":{"rendered":"https:\/\/ciccarellilawoffices.kinsta.cloud\/arizona\/?page_id=47760"},"modified":"2022-01-13T13:27:04","modified_gmt":"2022-01-13T17:27:04","slug":"abogado-de-eliminacion-de-phoenix","status":"publish","type":"page","link":"https:\/\/ciccarelli.com\/arizona\/abogado-de-eliminacion-de-phoenix\/","title":{"rendered":"Abogado de Eliminaci\u00f3n de Phoenix"},"content":{"rendered":"<p><img decoding=\"async\" class=\"alignright size-medium wp-image-48252\" src=\"https:\/\/ciccarellilawoffices.kinsta.cloud\/arizona\/wp-content\/uploads\/2022\/01\/Ciccarelli-Flag-300x300.jpg\" alt=\"\" width=\"300\" height=\"300\" srcset=\"https:\/\/ciccarelli.com\/arizona\/wp-content\/uploads\/2022\/01\/Ciccarelli-Flag-300x300.jpg 300w, https:\/\/ciccarelli.com\/arizona\/wp-content\/uploads\/2022\/01\/Ciccarelli-Flag-150x150.jpg 150w, https:\/\/ciccarelli.com\/arizona\/wp-content\/uploads\/2022\/01\/Ciccarelli-Flag.jpg 640w\" sizes=\"(max-width: 300px) 100vw, 300px\" \/>Cualquier persona condenada por un delito sabe que la condena generalmente tiene consecuencias de por vida. Los antecedentes penales pueden impedir que una persona vote, encuentre un trabajo, posea un arma de fuego, obtenga una vivienda adecuada y m\u00e1s. En las Oficinas Legales de Ciccarelli, estamos aqu\u00ed para ayudarlo si necesita un abogado de eliminaci\u00f3n de Phoenix a su lado. El estado de Arizona proporciona una manera para que las personas reconstruyan y limp\u00fcen sus registros de ofensas pasadas. Desafortunadamente, el proceso de eliminaci\u00f3n es complejo. Ah\u00ed es donde nuestros abogadoscomen. Podemos ayudar a los clientes que buscan borrar o dejar de lado su registro en casos en Phoenix, Chandler, Gilbert, Tempe y Scottsdale, Arizona.<\/p>\n<h2>Elija Ciccarelli Law Offices para obtener ayuda con su caso<\/h2>\n<ul>\n<li>En las Oficinas Legales de Ciccarelli, tenemos un equipo de abogados que tienen un amplio conocimiento de la ley penal de Arizona y el proceso de eliminaci\u00f3n.<\/li>\n<li>Tenemos un historial de \u00e9xito porque nos enfocamos en proporcionarun enfoque centrado en el cliente para cada caso que tomamos.<\/li>\n<li>Ofrecemos tarifas razonables para que aquellos en Phoenix y sus alrededores tengan la mejor oportunidad de obtener una eliminaci\u00f3n de sus antecedentes penales.<\/li>\n<\/ul>\n<h2>\u00bfPor qu\u00e9 necesita un abogado de eliminaci\u00f3n?<\/h2>\n<p>El proceso de eliminaci\u00f3n puede ser incre\u00edblemente complicado en Arizona, y una persona no debe tratar de hacer esto sin un abogado a su lado. Un abogado experto en eliminaci\u00f3n de Phoenix tendr\u00e1 un conocimiento profundo de la documentaci\u00f3n que debe recopilarse y loscanales de pr oper con losque trabajar para obtener la eliminaci\u00f3n. Un abogado utilizar\u00e1 su conocimiento de la terminolog\u00eda y los procedimientos legales para desarrollar una propuesta efectiva para presentar al tribunal. Adem\u00e1s, un abogado trabajar\u00e1 con otras partes involucradas que formanparte de la sentencia original o el t\u00e9rmino de libertad condicional.<\/p>\n<h2>El proceso de eliminaci\u00f3n en Phoenix<\/h2>\n<p>Las eliminaciones en Arizona tambi\u00e9n se llaman &#8220;apartamientos&#8221;, y est\u00e1n disponibles para cualquier residente que haya completado con \u00e9xito los t\u00e9rminos de su libertad condicional o sentencia. Cuando una persona solicita la eliminaci\u00f3n, trabajar\u00e1 a trav\u00e9s del tribunal que emiti\u00f3 su sentencia original en un esfuerzo por obtener su registro de cualquier condena.<br \/>\nEsta reserva de un registro es posible para aquellos condenados por ciertosoffens en Arizona. Sin embargo, queremos se\u00f1alar que hay ciertas ofensas que no son elegibles para la eliminaci\u00f3n(<a href=\"https:\/\/law.justia.com\/codes\/arizona\/2015\/title-13\/section-13-907\/\" target=\"_blank\" rel=\"noopener\">Estatutos Revisados de Arizona, Secci\u00f3n 13-907<\/a>). Esto puede incluir casos en los que una persona:<\/p>\n<ul>\n<li>Fue culpable de un delito peligroso que involucra lesiones graves o armas mortales<\/li>\n<li>Tuvo una v\u00edctima menor de 15 a\u00f1os<\/li>\n<li>Fue acusado de un conjunto espec\u00edfico de delitos de conducci\u00f3n<\/li>\n<li>Fue presentado con una motivaci\u00f3n sexual u ordenado por la corte de conformidad con<\/li>\n<\/ul>\n<p>Si una persona es capaz de borrar con \u00e9xito su registro en Phoenix, esto le ayudar\u00e1 significativamente cuando se trata de seguir adelante con lavida. Esto podr\u00eda abrir mejores oportunidades de trabajo, ayudar a una persona a recuperar su derecho a poseer un arma de fuego, abrir la capacidad de asistir a universidades y m\u00e1s.<\/p>\n<h2>Llame a un abogado de phoenix expungement hoy<\/h2>\n<p>Si ha tenido problemas legales en el pasado, entonces sabemosque esto puede hacer que retroceda a medida que intenta seguir adelante con su vida. Afortunadamente, Arizona ofrece una manera para que las personas previamente condenadas por delitos borre sus registros. Sin embargo, este proceso es complejo, y el equipo de las Oficinas Legales de Ciccarelli est\u00e1 listo para intervenir y ayudarlo hoy. Nuestros abogados de eliminaci\u00f3n de Phoenix tienen una amplia experiencia ayudando a los clientes con este proceso, y sabemos lo que se necesita para obtener su registro aprobado para que pueda avanzar con m\u00e1s facilidad.<\/p>\n","protected":false},"excerpt":{"rendered":"<p>Cualquier persona condenada por un delito sabe que la condena generalmente tiene consecuencias de por vida. Los antecedentes penales pueden impedir que una persona vote, encuentre un trabajo, posea un arma de fuego, obtenga una vivienda adecuada y m\u00e1s. En las Oficinas Legales de Ciccarelli, estamos aqu\u00ed para ayudarlo si necesita un abogado de eliminaci\u00f3n de Phoenix a su lado.\u2026 <a href=\"https:\/\/ciccarelli.com\/arizona\/abogado-de-eliminacion-de-phoenix\/\">READ MORE<\/a><\/p>\n","protected":false},"author":7,"featured_media":0,"parent":0,"menu_order":0,"comment_status":"closed","ping_status":"closed","template":"","meta":{"_acf_changed":false,"footnotes":"","_content_optimizer_report_url":"","_content_optimizer_report_added":"","_content_optimizer_keyword_hide_used":false,"_content_optimizer_keyword_hide_above_average":false,"_content_optimizer_entities_hide_used":false,"_content_optimizer_entities_hide_above_average":false,"_content_optimizer_headings_hide_used":false,"_content_optimizer_questions_hide_used":false,"_content_optimizer_tab_active":"","_content_optimizer_report_url_ce":"","_content_optimizer_report_added_ce":"","_content_optimizer_keyword_hide_used_ce":false,"_content_optimizer_keyword_hide_above_average_ce":false,"_content_optimizer_entities_hide_used_ce":false,"_content_optimizer_entities_hide_above_average_ce":false,"_content_optimizer_headings_hide_used_ce":false,"_content_optimizer_questions_hide_used_ce":false,"_content_optimizer_tab_active_ce":""},"class_list":["post-47760","page","type-page","status-publish","hentry"],"acf":[],"yoast_head":"<!-- This site is optimized with the Yoast SEO plugin v27.1.1 - https:\/\/yoast.com\/product\/yoast-seo-wordpress\/ -->\n<title>Abogado de Eliminaci\u00f3n de Phoenix<\/title>\n<meta name=\"robots\" content=\"index, follow, max-snippet:-1, max-image-preview:large, max-video-preview:-1\" \/>\n<link rel=\"canonical\" href=\"https:\/\/ciccarelli.com\/arizona\/abogado-de-eliminacion-de-phoenix\/\" \/>\n<meta property=\"og:locale\" content=\"en_US\" \/>\n<meta property=\"og:type\" content=\"article\" \/>\n<meta property=\"og:title\" content=\"Abogado de Eliminaci\u00f3n de Phoenix\" \/>\n<meta property=\"og:description\" content=\"Cualquier persona condenada por un delito sabe que la condena generalmente tiene consecuencias de por vida. Los antecedentes penales pueden impedir que una persona vote, encuentre un trabajo, posea un arma de fuego, obtenga una vivienda adecuada y m\u00e1s. En las Oficinas Legales de Ciccarelli, estamos aqu\u00ed para ayudarlo si necesita un abogado de eliminaci\u00f3n de Phoenix a su lado.\u2026 READ MORE\" \/>\n<meta property=\"og:url\" content=\"https:\/\/ciccarelli.com\/arizona\/abogado-de-eliminacion-de-phoenix\/\" \/>\n<meta property=\"og:site_name\" content=\"Ciccarelli Law Offices - AZ\" \/>\n<meta property=\"article:modified_time\" content=\"2022-01-13T17:27:04+00:00\" \/>\n<meta property=\"og:image\" content=\"https:\/\/ciccarellilawoffices.kinsta.cloud\/arizona\/wp-content\/uploads\/2022\/01\/Ciccarelli-Flag-300x300.jpg\" \/>\n<meta name=\"twitter:card\" content=\"summary_large_image\" \/>\n<meta name=\"twitter:label1\" content=\"Est. reading time\" \/>\n\t<meta name=\"twitter:data1\" content=\"3 minutes\" \/>\n<script type=\"application\/ld+json\" class=\"yoast-schema-graph\">{\"@context\":\"https:\/\/schema.org\",\"@graph\":[{\"@type\":\"WebPage\",\"@id\":\"https:\/\/ciccarelli.com\/arizona\/abogado-de-eliminacion-de-phoenix\/\",\"url\":\"https:\/\/ciccarelli.com\/arizona\/abogado-de-eliminacion-de-phoenix\/\",\"name\":\"Abogado de Eliminaci\u00f3n de Phoenix\",\"isPartOf\":{\"@id\":\"https:\/\/ciccarelli.com\/arizona\/#website\"},\"primaryImageOfPage\":{\"@id\":\"https:\/\/ciccarelli.com\/arizona\/abogado-de-eliminacion-de-phoenix\/#primaryimage\"},\"image\":{\"@id\":\"https:\/\/ciccarelli.com\/arizona\/abogado-de-eliminacion-de-phoenix\/#primaryimage\"},\"thumbnailUrl\":\"https:\/\/ciccarellilawoffices.kinsta.cloud\/arizona\/wp-content\/uploads\/2022\/01\/Ciccarelli-Flag-300x300.jpg\",\"datePublished\":\"2021-10-27T11:05:34+00:00\",\"dateModified\":\"2022-01-13T17:27:04+00:00\",\"breadcrumb\":{\"@id\":\"https:\/\/ciccarelli.com\/arizona\/abogado-de-eliminacion-de-phoenix\/#breadcrumb\"},\"inLanguage\":\"en-US\",\"potentialAction\":[{\"@type\":\"ReadAction\",\"target\":[\"https:\/\/ciccarelli.com\/arizona\/abogado-de-eliminacion-de-phoenix\/\"]}]},{\"@type\":\"ImageObject\",\"inLanguage\":\"en-US\",\"@id\":\"https:\/\/ciccarelli.com\/arizona\/abogado-de-eliminacion-de-phoenix\/#primaryimage\",\"url\":\"https:\/\/ciccarellilawoffices.kinsta.cloud\/arizona\/wp-content\/uploads\/2022\/01\/Ciccarelli-Flag-300x300.jpg\",\"contentUrl\":\"https:\/\/ciccarellilawoffices.kinsta.cloud\/arizona\/wp-content\/uploads\/2022\/01\/Ciccarelli-Flag-300x300.jpg\"},{\"@type\":\"BreadcrumbList\",\"@id\":\"https:\/\/ciccarelli.com\/arizona\/abogado-de-eliminacion-de-phoenix\/#breadcrumb\",\"itemListElement\":[{\"@type\":\"ListItem\",\"position\":1,\"name\":\"Home\",\"item\":\"https:\/\/ciccarelli.com\/arizona\/\"},{\"@type\":\"ListItem\",\"position\":2,\"name\":\"Abogado de Eliminaci\u00f3n de Phoenix\"}]},{\"@type\":\"WebSite\",\"@id\":\"https:\/\/ciccarelli.com\/arizona\/#website\",\"url\":\"https:\/\/ciccarelli.com\/arizona\/\",\"name\":\"Ciccarelli Law Offices - AZ\",\"description\":\"Ciccarelli Law Offices - AZ\",\"potentialAction\":[{\"@type\":\"SearchAction\",\"target\":{\"@type\":\"EntryPoint\",\"urlTemplate\":\"https:\/\/ciccarelli.com\/arizona\/?s={search_term_string}\"},\"query-input\":{\"@type\":\"PropertyValueSpecification\",\"valueRequired\":true,\"valueName\":\"search_term_string\"}}],\"inLanguage\":\"en-US\"}]}<\/script>\n<!-- \/ Yoast SEO plugin. -->","yoast_head_json":{"title":"Abogado de Eliminaci\u00f3n de Phoenix","robots":{"index":"index","follow":"follow","max-snippet":"max-snippet:-1","max-image-preview":"max-image-preview:large","max-video-preview":"max-video-preview:-1"},"canonical":"https:\/\/ciccarelli.com\/arizona\/abogado-de-eliminacion-de-phoenix\/","og_locale":"en_US","og_type":"article","og_title":"Abogado de Eliminaci\u00f3n de Phoenix","og_description":"Cualquier persona condenada por un delito sabe que la condena generalmente tiene consecuencias de por vida. Los antecedentes penales pueden impedir que una persona vote, encuentre un trabajo, posea un arma de fuego, obtenga una vivienda adecuada y m\u00e1s. En las Oficinas Legales de Ciccarelli, estamos aqu\u00ed para ayudarlo si necesita un abogado de eliminaci\u00f3n de Phoenix a su lado.\u2026 READ MORE","og_url":"https:\/\/ciccarelli.com\/arizona\/abogado-de-eliminacion-de-phoenix\/","og_site_name":"Ciccarelli Law Offices - AZ","article_modified_time":"2022-01-13T17:27:04+00:00","og_image":[{"url":"https:\/\/ciccarellilawoffices.kinsta.cloud\/arizona\/wp-content\/uploads\/2022\/01\/Ciccarelli-Flag-300x300.jpg","type":"","width":"","height":""}],"twitter_card":"summary_large_image","twitter_misc":{"Est. reading time":"3 minutes"},"schema":{"@context":"https:\/\/schema.org","@graph":[{"@type":"WebPage","@id":"https:\/\/ciccarelli.com\/arizona\/abogado-de-eliminacion-de-phoenix\/","url":"https:\/\/ciccarelli.com\/arizona\/abogado-de-eliminacion-de-phoenix\/","name":"Abogado de Eliminaci\u00f3n de Phoenix","isPartOf":{"@id":"https:\/\/ciccarelli.com\/arizona\/#website"},"primaryImageOfPage":{"@id":"https:\/\/ciccarelli.com\/arizona\/abogado-de-eliminacion-de-phoenix\/#primaryimage"},"image":{"@id":"https:\/\/ciccarelli.com\/arizona\/abogado-de-eliminacion-de-phoenix\/#primaryimage"},"thumbnailUrl":"https:\/\/ciccarellilawoffices.kinsta.cloud\/arizona\/wp-content\/uploads\/2022\/01\/Ciccarelli-Flag-300x300.jpg","datePublished":"2021-10-27T11:05:34+00:00","dateModified":"2022-01-13T17:27:04+00:00","breadcrumb":{"@id":"https:\/\/ciccarelli.com\/arizona\/abogado-de-eliminacion-de-phoenix\/#breadcrumb"},"inLanguage":"en-US","potentialAction":[{"@type":"ReadAction","target":["https:\/\/ciccarelli.com\/arizona\/abogado-de-eliminacion-de-phoenix\/"]}]},{"@type":"ImageObject","inLanguage":"en-US","@id":"https:\/\/ciccarelli.com\/arizona\/abogado-de-eliminacion-de-phoenix\/#primaryimage","url":"https:\/\/ciccarellilawoffices.kinsta.cloud\/arizona\/wp-content\/uploads\/2022\/01\/Ciccarelli-Flag-300x300.jpg","contentUrl":"https:\/\/ciccarellilawoffices.kinsta.cloud\/arizona\/wp-content\/uploads\/2022\/01\/Ciccarelli-Flag-300x300.jpg"},{"@type":"BreadcrumbList","@id":"https:\/\/ciccarelli.com\/arizona\/abogado-de-eliminacion-de-phoenix\/#breadcrumb","itemListElement":[{"@type":"ListItem","position":1,"name":"Home","item":"https:\/\/ciccarelli.com\/arizona\/"},{"@type":"ListItem","position":2,"name":"Abogado de Eliminaci\u00f3n de Phoenix"}]},{"@type":"WebSite","@id":"https:\/\/ciccarelli.com\/arizona\/#website","url":"https:\/\/ciccarelli.com\/arizona\/","name":"Ciccarelli Law Offices - AZ","description":"Ciccarelli Law Offices - AZ","potentialAction":[{"@type":"SearchAction","target":{"@type":"EntryPoint","urlTemplate":"https:\/\/ciccarelli.com\/arizona\/?s={search_term_string}"},"query-input":{"@type":"PropertyValueSpecification","valueRequired":true,"valueName":"search_term_string"}}],"inLanguage":"en-US"}]}},"_links":{"self":[{"href":"https:\/\/ciccarelli.com\/arizona\/wp-json\/wp\/v2\/pages\/47760","targetHints":{"allow":["GET"]}}],"collection":[{"href":"https:\/\/ciccarelli.com\/arizona\/wp-json\/wp\/v2\/pages"}],"about":[{"href":"https:\/\/ciccarelli.com\/arizona\/wp-json\/wp\/v2\/types\/page"}],"author":[{"embeddable":true,"href":"https:\/\/ciccarelli.com\/arizona\/wp-json\/wp\/v2\/users\/7"}],"replies":[{"embeddable":true,"href":"https:\/\/ciccarelli.com\/arizona\/wp-json\/wp\/v2\/comments?post=47760"}],"version-history":[{"count":3,"href":"https:\/\/ciccarelli.com\/arizona\/wp-json\/wp\/v2\/pages\/47760\/revisions"}],"predecessor-version":[{"id":48350,"href":"https:\/\/ciccarelli.com\/arizona\/wp-json\/wp\/v2\/pages\/47760\/revisions\/48350"}],"wp:attachment":[{"href":"https:\/\/ciccarelli.com\/arizona\/wp-json\/wp\/v2\/media?parent=47760"}],"curies":[{"name":"wp","href":"https:\/\/api.w.org\/{rel}","templated":true}]}}