{"id":47758,"date":"2021-10-27T06:53:20","date_gmt":"2021-10-27T10:53:20","guid":{"rendered":"https:\/\/ciccarellilawoffices.kinsta.cloud\/arizona\/?page_id=47758"},"modified":"2022-01-13T13:26:18","modified_gmt":"2022-01-13T17:26:18","slug":"abogado-de-delitos-sexuales-en-phoenix","status":"publish","type":"page","link":"https:\/\/ciccarelli.com\/arizona\/abogado-de-delitos-sexuales-en-phoenix\/","title":{"rendered":"Abogado de Delitos Sexuales en Phoenix"},"content":{"rendered":"<p><img decoding=\"async\" class=\"alignright size-medium wp-image-48252\" src=\"https:\/\/ciccarellilawoffices.kinsta.cloud\/arizona\/wp-content\/uploads\/2022\/01\/Ciccarelli-Flag-300x300.jpg\" alt=\"\" width=\"300\" height=\"300\" srcset=\"https:\/\/ciccarelli.com\/arizona\/wp-content\/uploads\/2022\/01\/Ciccarelli-Flag-300x300.jpg 300w, https:\/\/ciccarelli.com\/arizona\/wp-content\/uploads\/2022\/01\/Ciccarelli-Flag-150x150.jpg 150w, https:\/\/ciccarelli.com\/arizona\/wp-content\/uploads\/2022\/01\/Ciccarelli-Flag.jpg 640w\" sizes=\"(max-width: 300px) 100vw, 300px\" \/>Los cargos de delitos sexuales graves en Phoenix pueden comenzar con falsas acusaciones, llamadasde venganza de un ex compa\u00f1ero, una&#8221;solicitud&#8221; de entrevista de un detective o el golpe en la puerta que conduce a la presentaci\u00f3n de una orden de registro o arresto. Un arresto por delitos sexuales en Phoenix Arizona altera la vida y lassecuencias de estafa no pueden ser subestimadas. P\u00f3ngase en contacto con el equipo legal de Ciccarelli ahora, ya sea que est\u00e9 bajo sospecha o que el Estado de Arizona lo est\u00e9 atacando y acusando de delitos en el <strong>\u00e1rea metropolitana<\/strong> de Phoenix y el Valle <strong>del Sol, incluidos Tempe, Chandler, Gilbert y Scottsdale<\/strong>.<\/p>\n<h2>Te respaldamos cuando eres acusado.<\/h2>\n<p>Debe actuar ahora para contratar a abogados con experiencia en delitos sexuales de Phoenix Arizona para que le brinden asesoramiento y representaci\u00f3n. Lee Ciccarelli y son defensores experimentados de los acusados de delitos sexuales graves y lideran un equipo con m\u00e1s de cien a\u00f1os deexperiencia en defensa criminal nacional entribunales estatales y federales, incluida una amplia defensa y un historial comprobado en delitos sexuales.<\/p>\n<p>Lee y Julihan sido reconocidos por Super Lawyers y la firma Ciccarelli tiene cientos de rese\u00f1as de cinco estrellas. Entendemos el significado y el impacto de una acusaci\u00f3n de delitos sexuales en Arizona, la angustia de ser investigado y el trauma de ser acusado y procesado. Sabemosque est\u00e1 buscando los mejores abogados de delitos sexuales en Phoenix y un equipo que est\u00e9 disponible para usted cuando usted y su familia m\u00e1s nos necesitan. Su \u00e9xito es nuestra misi\u00f3n cuando enfrenta cargos por delitos sexuales.<\/p>\n<p>Los delitos sexuales en Phoenix son tomados muy en serio tanto por los fiscales como por los funcionarios encargados de hacer cumplir la ley. Las investigaciones o un arresto por un presunto delito sexual pueden da\u00f1ar significativamente la reputaci\u00f3n de una persona, y las consecuencias de una condena por delito sexual son graves. En las Oficinas Legales de Ciccarelli, nuestro equipo est\u00e1 aqu\u00ed para ayudarlo si necesita un abogado de delitos sexuales en Phoenix. Tenemos los recursos y la experiencia necesarios para investigar a fondo estos reclamos mientras trabajamos para ayudar a reducir o incluso desestimar los cargos en su contra.<\/p>\n<h2>\u00bfPor qu\u00e9 elegir las Oficinas Legales Ciccarelli?<\/h2>\n<p>Ahora es el momento de actuar. Ahora es el momento de marcar la diferencia. Ya sea que usted o un miembro de su familia tengan razones para creer que est\u00e1 bajo sospecha por un cargo de delitos sexuales en Phoenix o aceptar un arresto o encarcelamiento pendiente de fianza, se requiere acci\u00f3n. Entendemos que est\u00e1 buscando el mejor abogado de delitos sexuales de Phoenix para usted y uno que sea respetado y temido por los fiscales. Cont\u00e1ctenos ahora para una evaluaci\u00f3n gratuita de sucaso.<\/p>\n<p>Necesita abogados de delitos sexuales que entiendan que en una crisis, necesita un equipo legal con el coraje y la convicci\u00f3n para marcar la diferencia. Deja que Lee Ciccarelli, y su equipo est\u00e9n all\u00ed cuando m\u00e1s los necesites. Encontrar\u00e1 en nuestro equipo de abogados de delitos sexuales inteligentes y agresivos de Phoenix, una voluntad y un deseo de ser agresivo y razonable, reflexivo y determinado. Est\u00e1 en nuestro ADN tener la espalda.<\/p>\n<ul>\n<li>Aportamos experiencia en defensa criminal en grandes ciudades defendiendo casos de delitos graves de alto perfil, incluidos asesinato, triple homicidio, intento de homicidio, agresi\u00f3n sexual, imagen ilegal, delitos sexuales y malversaci\u00f3n de fondos multimillonaria.<\/li>\n<li>Tambi\u00e9n servimos a nuestros clientes que necesitan la delicadeza de sus abogados de defensa criminal de Arizona para desactivar silenciosamente posibles investigaciones criminales sensibles antes de que se conviertan en cargos criminales.<\/li>\n<li>Aportamos nuestros m\u00e1s de 100 a\u00f1os de experiencia nacional a clientes profesionales y comerciales de Phoenix Arizona que necesitan abogados con experiencia en representar sus intereses o los intereses de un miembro de la familia de una manera cari\u00f1osa, agresiva y decidida.<\/li>\n<li>Las Oficinas Legales ciccarelli se dedican a luchar por los derechos de aquellos cuya libertad est\u00e1 en juego cuando enfrentan acusaciones penales.<\/li>\n<li>Nos esforzamos por marcar la diferencia para los clientes, independientemente de qui\u00e9nes sean, de d\u00f3nde sean o cu\u00e1nto dinero tengan.<\/li>\n<li>Hemos representado con \u00e9xito a miles de clientes en todo el pa\u00eds.<\/li>\n<li>Tenemos cientos de rese\u00f1as de cinco estrellas de clientes.<\/li>\n<li>Lee Ciccarelli y han sido reconocidos como Super Lawyers y Lee tambi\u00e9n ha sido calificado por AVVO con su calificaci\u00f3n m\u00e1s alta (10. 0) y como uno de los 100 mejores abogados litigantes de la Asociaci\u00f3n Nacional de Abogados Litigantes, el premio TEN Best Client Satisfaction por el American Institute of DUI \/ DWI Attorneys y como uno de los 100 mejores abogados litigantes por la Sociedad Americana de Abogados Legales.<\/li>\n<li>En las Oficinas Legales de Ciccarelli, ofrecemos un equipo de abogados que se hacen frente vigorosamente a los fiscales agresivos y a los funcionarios encargados de hacer cumplir la ley en el estado de Arizona.<\/li>\n<li>Proporcionamos un enfoque centrado en el cliente para cada caso que tomamos, lo que significa que nos enfocamos en escuchar la historia de cada cliente a medida que nos enfocamos en construir una estrategia de caso en el futuro.<\/li>\n<li>Sabemos lo severas que pueden ser las penas de condena por delitos sexuales, por lo que trabajamos para reducir loscargos y estar al lado de nuestros clientes en cada paso del camino.<\/li>\n<\/ul>\n<h2>\u00bfC\u00f3mo ayudar\u00e1 un abogado a un caso de delitos sexuales?<\/h2>\n<p>Un abogado experto en defensa de delitos sexuales de Phoenix ser\u00e1 un activo invaluable en estas situaciones. Cuando una persona se enfrenta a un cargo de delito sexual, puede contar con su abogado para:<\/p>\n<ul>\n<li>Revisar a fondo todas las pruebas que han sido reunidas por los fiscales.<\/li>\n<li>Llevar a cabo una investigaci\u00f3n independiente para reunir cualquier evidencia adicional que pueda usarse en el caso.<\/li>\n<li>Trabaje con expertos de confianza para analizar toda la evidencia en un esfuerzo por reforzar la defensa.<\/li>\n<li>Revise todos los cargos y comun\u00edquese con su cliente sobre el mejor camino para avanzar.<\/li>\n<li>Maneje cualquier negociaci\u00f3n de acuerdo de culpabilidad con los fiscales mientras prepara el caso para el juicio.<\/li>\n<\/ul>\n<h2>Entendiendo los cargos de delitos sexuales de Phoenix<\/h2>\n<p>Como abogados expertos en defensa de delitos sexuales en Phoenix, el equipo de las Oficinas Legales de Ciccarelli tiene experiencia ayudando a clientes que enfrentan una variedad de delitos. Esto incluye, pero no se limita a, lo siguiente:<\/p>\n<ul>\n<li>Pornograf\u00eda infantil<\/li>\n<li>Conducta sexual con un menor<\/li>\n<li>Falta de registro como delincuente sexual<\/li>\n<li>Delitos cibern\u00e9ticos<\/li>\n<li>Agresi\u00f3n sexual<\/li>\n<li>Abuso<\/li>\n<li>Exhibicionismo<\/li>\n<li>Abuso sexual<\/li>\n<li>Conducta sexual inapropiada<\/li>\n<li>Atraer a un menor<\/li>\n<li>Abuso de menores<\/li>\n<li>Prostituci\u00f3n\/solicitaci\u00f3n<\/li>\n<\/ul>\n<p>Los cargos por delitos sexuales en Phoenix y en todo el estado de Arizona podr\u00edan resultar en una variedad de sanciones dependiendo de si una persona fue acusada o no de un delito menor o un delito grave. Esto podr\u00eda incluir a una persona que enfrenta c\u00e1rcel o tiempo en prisi\u00f3n, libertad condicional y multas significativas. Adem\u00e1s, cualquier persona condenada por un delito sexual generalmente tendr\u00e1 que registrarse como delincuente sexual por el resto de su vida. Las leyes de delincuentes sexuales son incre\u00edblemente duras. Cualquier persona que deba registrarse como delincuente sexual tendr\u00e1 que consultar continuamente con los funcionarios encargados de hacer cumplir la ley, y gran parte de su informaci\u00f3n se har\u00e1 p\u00fablica, incluida su fotograf\u00eda, nombre, direcci\u00f3n, lugar de empleo y m\u00e1s.<\/p>\n<h2>Llame a un abogado de delitos sexuales de Phoenix hoy<\/h2>\n<p>Si usted o alguien que ama ha sido acusado de un delito sexual en o alrededor del \u00e1rea de Phoenix, comun\u00edquese con el equipo de las Oficinas Legales de Ciccarelli para obtener ayuda lo antes posible. Nuestros abogados tienen los recursos necesarios para investigar a fondo su situaci\u00f3n. No nos basaremos \u00fanicamente en las pruebas proporcionadas por los fiscales y los funcionarios encargados de hacer cumplir la ley.<\/p>\n<p>Nuestro equipo tiene el historial de \u00e9xito en la toma de casos complejos de defensa criminal. Cobramos tarifas razonables y trabajamos con usted cuando necesita nuestra ayuda. Tenemos los recursos necesarios para investigar estos casos y asegurarnos de que usted sea tratado de manera justa durante todo el proceso. Nuestro objetivo es reducir o desestimar los cargos en su contra para que pueda volver a vivir su vida y mantenerse a s\u00ed mismo y a su familia. Su \u00e9xito es nuestra misi\u00f3n.<\/p>\n","protected":false},"excerpt":{"rendered":"<p>Los cargos de delitos sexuales graves en Phoenix pueden comenzar con falsas acusaciones, llamadasde venganza de un ex compa\u00f1ero, una&#8221;solicitud&#8221; de entrevista de un detective o el golpe en la puerta que conduce a la presentaci\u00f3n de una orden de registro o arresto. Un arresto por delitos sexuales en Phoenix Arizona altera la vida y lassecuencias de estafa no pueden\u2026 <a href=\"https:\/\/ciccarelli.com\/arizona\/abogado-de-delitos-sexuales-en-phoenix\/\">READ MORE<\/a><\/p>\n","protected":false},"author":7,"featured_media":0,"parent":0,"menu_order":0,"comment_status":"closed","ping_status":"closed","template":"","meta":{"_acf_changed":false,"footnotes":"","_content_optimizer_report_url":"","_content_optimizer_report_added":"","_content_optimizer_keyword_hide_used":false,"_content_optimizer_keyword_hide_above_average":false,"_content_optimizer_entities_hide_used":false,"_content_optimizer_entities_hide_above_average":false,"_content_optimizer_headings_hide_used":false,"_content_optimizer_questions_hide_used":false,"_content_optimizer_tab_active":"","_content_optimizer_report_url_ce":"","_content_optimizer_report_added_ce":"","_content_optimizer_keyword_hide_used_ce":false,"_content_optimizer_keyword_hide_above_average_ce":false,"_content_optimizer_entities_hide_used_ce":false,"_content_optimizer_entities_hide_above_average_ce":false,"_content_optimizer_headings_hide_used_ce":false,"_content_optimizer_questions_hide_used_ce":false,"_content_optimizer_tab_active_ce":""},"class_list":["post-47758","page","type-page","status-publish","hentry"],"acf":[],"yoast_head":"<!-- This site is optimized with the Yoast SEO plugin v27.1.1 - https:\/\/yoast.com\/product\/yoast-seo-wordpress\/ -->\n<title>Abogado de Delitos Sexuales en Phoenix<\/title>\n<meta name=\"robots\" content=\"index, follow, max-snippet:-1, max-image-preview:large, max-video-preview:-1\" \/>\n<link rel=\"canonical\" href=\"https:\/\/ciccarelli.com\/arizona\/abogado-de-delitos-sexuales-en-phoenix\/\" \/>\n<meta property=\"og:locale\" content=\"en_US\" \/>\n<meta property=\"og:type\" content=\"article\" \/>\n<meta property=\"og:title\" content=\"Abogado de Delitos Sexuales en Phoenix\" \/>\n<meta property=\"og:description\" content=\"Los cargos de delitos sexuales graves en Phoenix pueden comenzar con falsas acusaciones, llamadasde venganza de un ex compa\u00f1ero, una&#8221;solicitud&#8221; de entrevista de un detective o el golpe en la puerta que conduce a la presentaci\u00f3n de una orden de registro o arresto. Un arresto por delitos sexuales en Phoenix Arizona altera la vida y lassecuencias de estafa no pueden\u2026 READ MORE\" \/>\n<meta property=\"og:url\" content=\"https:\/\/ciccarelli.com\/arizona\/abogado-de-delitos-sexuales-en-phoenix\/\" \/>\n<meta property=\"og:site_name\" content=\"Ciccarelli Law Offices - AZ\" \/>\n<meta property=\"article:modified_time\" content=\"2022-01-13T17:26:18+00:00\" \/>\n<meta property=\"og:image\" content=\"https:\/\/ciccarellilawoffices.kinsta.cloud\/arizona\/wp-content\/uploads\/2022\/01\/Ciccarelli-Flag-300x300.jpg\" \/>\n<meta name=\"twitter:card\" content=\"summary_large_image\" \/>\n<meta name=\"twitter:label1\" content=\"Est. reading time\" \/>\n\t<meta name=\"twitter:data1\" content=\"7 minutes\" \/>\n<script type=\"application\/ld+json\" class=\"yoast-schema-graph\">{\"@context\":\"https:\/\/schema.org\",\"@graph\":[{\"@type\":\"WebPage\",\"@id\":\"https:\/\/ciccarelli.com\/arizona\/abogado-de-delitos-sexuales-en-phoenix\/\",\"url\":\"https:\/\/ciccarelli.com\/arizona\/abogado-de-delitos-sexuales-en-phoenix\/\",\"name\":\"Abogado de Delitos Sexuales en Phoenix\",\"isPartOf\":{\"@id\":\"https:\/\/ciccarelli.com\/arizona\/#website\"},\"primaryImageOfPage\":{\"@id\":\"https:\/\/ciccarelli.com\/arizona\/abogado-de-delitos-sexuales-en-phoenix\/#primaryimage\"},\"image\":{\"@id\":\"https:\/\/ciccarelli.com\/arizona\/abogado-de-delitos-sexuales-en-phoenix\/#primaryimage\"},\"thumbnailUrl\":\"https:\/\/ciccarellilawoffices.kinsta.cloud\/arizona\/wp-content\/uploads\/2022\/01\/Ciccarelli-Flag-300x300.jpg\",\"datePublished\":\"2021-10-27T10:53:20+00:00\",\"dateModified\":\"2022-01-13T17:26:18+00:00\",\"breadcrumb\":{\"@id\":\"https:\/\/ciccarelli.com\/arizona\/abogado-de-delitos-sexuales-en-phoenix\/#breadcrumb\"},\"inLanguage\":\"en-US\",\"potentialAction\":[{\"@type\":\"ReadAction\",\"target\":[\"https:\/\/ciccarelli.com\/arizona\/abogado-de-delitos-sexuales-en-phoenix\/\"]}]},{\"@type\":\"ImageObject\",\"inLanguage\":\"en-US\",\"@id\":\"https:\/\/ciccarelli.com\/arizona\/abogado-de-delitos-sexuales-en-phoenix\/#primaryimage\",\"url\":\"https:\/\/ciccarellilawoffices.kinsta.cloud\/arizona\/wp-content\/uploads\/2022\/01\/Ciccarelli-Flag-300x300.jpg\",\"contentUrl\":\"https:\/\/ciccarellilawoffices.kinsta.cloud\/arizona\/wp-content\/uploads\/2022\/01\/Ciccarelli-Flag-300x300.jpg\"},{\"@type\":\"BreadcrumbList\",\"@id\":\"https:\/\/ciccarelli.com\/arizona\/abogado-de-delitos-sexuales-en-phoenix\/#breadcrumb\",\"itemListElement\":[{\"@type\":\"ListItem\",\"position\":1,\"name\":\"Home\",\"item\":\"https:\/\/ciccarelli.com\/arizona\/\"},{\"@type\":\"ListItem\",\"position\":2,\"name\":\"Abogado de Delitos Sexuales en Phoenix\"}]},{\"@type\":\"WebSite\",\"@id\":\"https:\/\/ciccarelli.com\/arizona\/#website\",\"url\":\"https:\/\/ciccarelli.com\/arizona\/\",\"name\":\"Ciccarelli Law Offices - AZ\",\"description\":\"Ciccarelli Law Offices - AZ\",\"potentialAction\":[{\"@type\":\"SearchAction\",\"target\":{\"@type\":\"EntryPoint\",\"urlTemplate\":\"https:\/\/ciccarelli.com\/arizona\/?s={search_term_string}\"},\"query-input\":{\"@type\":\"PropertyValueSpecification\",\"valueRequired\":true,\"valueName\":\"search_term_string\"}}],\"inLanguage\":\"en-US\"}]}<\/script>\n<!-- \/ Yoast SEO plugin. -->","yoast_head_json":{"title":"Abogado de Delitos Sexuales en Phoenix","robots":{"index":"index","follow":"follow","max-snippet":"max-snippet:-1","max-image-preview":"max-image-preview:large","max-video-preview":"max-video-preview:-1"},"canonical":"https:\/\/ciccarelli.com\/arizona\/abogado-de-delitos-sexuales-en-phoenix\/","og_locale":"en_US","og_type":"article","og_title":"Abogado de Delitos Sexuales en Phoenix","og_description":"Los cargos de delitos sexuales graves en Phoenix pueden comenzar con falsas acusaciones, llamadasde venganza de un ex compa\u00f1ero, una&#8221;solicitud&#8221; de entrevista de un detective o el golpe en la puerta que conduce a la presentaci\u00f3n de una orden de registro o arresto. Un arresto por delitos sexuales en Phoenix Arizona altera la vida y lassecuencias de estafa no pueden\u2026 READ MORE","og_url":"https:\/\/ciccarelli.com\/arizona\/abogado-de-delitos-sexuales-en-phoenix\/","og_site_name":"Ciccarelli Law Offices - AZ","article_modified_time":"2022-01-13T17:26:18+00:00","og_image":[{"url":"https:\/\/ciccarellilawoffices.kinsta.cloud\/arizona\/wp-content\/uploads\/2022\/01\/Ciccarelli-Flag-300x300.jpg","type":"","width":"","height":""}],"twitter_card":"summary_large_image","twitter_misc":{"Est. reading time":"7 minutes"},"schema":{"@context":"https:\/\/schema.org","@graph":[{"@type":"WebPage","@id":"https:\/\/ciccarelli.com\/arizona\/abogado-de-delitos-sexuales-en-phoenix\/","url":"https:\/\/ciccarelli.com\/arizona\/abogado-de-delitos-sexuales-en-phoenix\/","name":"Abogado de Delitos Sexuales en Phoenix","isPartOf":{"@id":"https:\/\/ciccarelli.com\/arizona\/#website"},"primaryImageOfPage":{"@id":"https:\/\/ciccarelli.com\/arizona\/abogado-de-delitos-sexuales-en-phoenix\/#primaryimage"},"image":{"@id":"https:\/\/ciccarelli.com\/arizona\/abogado-de-delitos-sexuales-en-phoenix\/#primaryimage"},"thumbnailUrl":"https:\/\/ciccarellilawoffices.kinsta.cloud\/arizona\/wp-content\/uploads\/2022\/01\/Ciccarelli-Flag-300x300.jpg","datePublished":"2021-10-27T10:53:20+00:00","dateModified":"2022-01-13T17:26:18+00:00","breadcrumb":{"@id":"https:\/\/ciccarelli.com\/arizona\/abogado-de-delitos-sexuales-en-phoenix\/#breadcrumb"},"inLanguage":"en-US","potentialAction":[{"@type":"ReadAction","target":["https:\/\/ciccarelli.com\/arizona\/abogado-de-delitos-sexuales-en-phoenix\/"]}]},{"@type":"ImageObject","inLanguage":"en-US","@id":"https:\/\/ciccarelli.com\/arizona\/abogado-de-delitos-sexuales-en-phoenix\/#primaryimage","url":"https:\/\/ciccarellilawoffices.kinsta.cloud\/arizona\/wp-content\/uploads\/2022\/01\/Ciccarelli-Flag-300x300.jpg","contentUrl":"https:\/\/ciccarellilawoffices.kinsta.cloud\/arizona\/wp-content\/uploads\/2022\/01\/Ciccarelli-Flag-300x300.jpg"},{"@type":"BreadcrumbList","@id":"https:\/\/ciccarelli.com\/arizona\/abogado-de-delitos-sexuales-en-phoenix\/#breadcrumb","itemListElement":[{"@type":"ListItem","position":1,"name":"Home","item":"https:\/\/ciccarelli.com\/arizona\/"},{"@type":"ListItem","position":2,"name":"Abogado de Delitos Sexuales en Phoenix"}]},{"@type":"WebSite","@id":"https:\/\/ciccarelli.com\/arizona\/#website","url":"https:\/\/ciccarelli.com\/arizona\/","name":"Ciccarelli Law Offices - AZ","description":"Ciccarelli Law Offices - AZ","potentialAction":[{"@type":"SearchAction","target":{"@type":"EntryPoint","urlTemplate":"https:\/\/ciccarelli.com\/arizona\/?s={search_term_string}"},"query-input":{"@type":"PropertyValueSpecification","valueRequired":true,"valueName":"search_term_string"}}],"inLanguage":"en-US"}]}},"_links":{"self":[{"href":"https:\/\/ciccarelli.com\/arizona\/wp-json\/wp\/v2\/pages\/47758","targetHints":{"allow":["GET"]}}],"collection":[{"href":"https:\/\/ciccarelli.com\/arizona\/wp-json\/wp\/v2\/pages"}],"about":[{"href":"https:\/\/ciccarelli.com\/arizona\/wp-json\/wp\/v2\/types\/page"}],"author":[{"embeddable":true,"href":"https:\/\/ciccarelli.com\/arizona\/wp-json\/wp\/v2\/users\/7"}],"replies":[{"embeddable":true,"href":"https:\/\/ciccarelli.com\/arizona\/wp-json\/wp\/v2\/comments?post=47758"}],"version-history":[{"count":4,"href":"https:\/\/ciccarelli.com\/arizona\/wp-json\/wp\/v2\/pages\/47758\/revisions"}],"predecessor-version":[{"id":49074,"href":"https:\/\/ciccarelli.com\/arizona\/wp-json\/wp\/v2\/pages\/47758\/revisions\/49074"}],"wp:attachment":[{"href":"https:\/\/ciccarelli.com\/arizona\/wp-json\/wp\/v2\/media?parent=47758"}],"curies":[{"name":"wp","href":"https:\/\/api.w.org\/{rel}","templated":true}]}}