{"id":47756,"date":"2021-10-27T06:39:46","date_gmt":"2021-10-27T10:39:46","guid":{"rendered":"https:\/\/ciccarellilawoffices.kinsta.cloud\/arizona\/?page_id=47756"},"modified":"2022-01-13T13:26:01","modified_gmt":"2022-01-13T17:26:01","slug":"abogado-de-defensa-de-delitos-de-armas-y-armas-de-fuego-de-phoenix","status":"publish","type":"page","link":"https:\/\/ciccarelli.com\/arizona\/abogado-de-defensa-de-delitos-de-armas-y-armas-de-fuego-de-phoenix\/","title":{"rendered":"Abogado de Defensa de Delitos de Armas y Armas de Fuego de Phoenix"},"content":{"rendered":"<p><img decoding=\"async\" class=\"alignright size-medium wp-image-48252\" src=\"https:\/\/ciccarellilawoffices.kinsta.cloud\/arizona\/wp-content\/uploads\/2022\/01\/Ciccarelli-Flag-300x300.jpg\" alt=\"\" width=\"300\" height=\"300\" srcset=\"https:\/\/ciccarelli.com\/arizona\/wp-content\/uploads\/2022\/01\/Ciccarelli-Flag-300x300.jpg 300w, https:\/\/ciccarelli.com\/arizona\/wp-content\/uploads\/2022\/01\/Ciccarelli-Flag-150x150.jpg 150w, https:\/\/ciccarelli.com\/arizona\/wp-content\/uploads\/2022\/01\/Ciccarelli-Flag.jpg 640w\" sizes=\"(max-width: 300px) 100vw, 300px\" \/>La revista Guns and Ammo recientemente nombr\u00f3 a Arizona como el mejor estado para poseer un arma en base a una falta percibida de restricciones en las leyes de porte abierto, no requerir un permiso, permitir la posesi\u00f3n de armas de fuego &#8220;negras&#8221; (las com\u00fanmente conocidas como rifles de asalto o con estilos de cuerpo superficial de aspecto m\u00e1s agresivo), reciprocidad con otros estados en t\u00e9rminos de aceptaci\u00f3n de permisos, la concesi\u00f3n de art\u00edculos como supresores, tambi\u00e9n conocidos como silenciadores, la disponibilidad de campos de tiro y clubes y las reglas del castillo, o las restricciones para defenderse. Ese puede ser el caso, but Arizona tambi\u00e9n tiene sanciones muy estrictas y graves por violaciones. Si enfrenta cargos por armas, armas de fuego o armas en Phoenix, Arizona, act\u00fae ahora para obtener el instrumento de su defensa: abogados de defensa criminal con experiencia en Ciccarelli Law Offices. Cont\u00e1ctenos ahora ya sea que est\u00e9 bajo sospecha, o si el Estado de Arizona lo est\u00e1 atacando y acusando de delitos en el <strong>\u00e1rea metropolitana<\/strong> de Phoenix y el Valle del Sol, incluidos <strong>Tempe, Chandler, Gilbert y Scottsdale<\/strong>.<\/p>\n<p>Hay numerosos cargos por armas que una persona puede enfrentar en Arizona. Independientemente del cargo, si usted o alguien que conoce ha sido arrestado por una violaci\u00f3n de armas o armas de fuego, comun\u00edquese con el equipo de las Oficinas Legales de Ciccarelli para obtener ayuda lo antes posible. Nuestros abogados defensores de armas y armas de fuego de Phoenix pueden investigar los cargos en su contra, trabajar con los fiscales y avanzar hacia un camino para reducir o desestimar los cargos en su contra.<\/p>\n<h2>Abogados de armas de Phoenix listos para luchar por usted. Cont\u00e1ctanos Ahora.<\/h2>\n<p>Lee Ciccarelli y lideran un equipo que aporta experiencia cr\u00edtica en la defensa de armas y cargos de armas de fuego en Arizona. Reconocidos por sus pares como <strong>Super Lawyers<\/strong> y nuestros clientes con cientos de <strong>rese\u00f1as<\/strong> de cinco <strong>estrellas<\/strong>,sabemos cu\u00e1n seria y devastadora ser\u00e1 una investigaci\u00f3n criminal, enjuiciamiento y \/ o una condena en Phoenix Arizona que involucre cargos por armas de fuego. Por supuesto, est\u00e1 buscando el mejor abogado de delitos con armas de fuego que pueda pagar en el \u00e1rea metropolitana de Phoenix y un equipo que est\u00e9 disponible para usted y su familia cuando m\u00e1s los necesite. En Ciccarelli Law Offices, <strong>su \u00e9xito es nuestra misi\u00f3n<\/strong>.<\/p>\n<h2>Abogado de defensa criminal de Phoenix: listo para luchar y una evaluaci\u00f3n gratuita de su caso<\/h2>\n<p>Ahora es el momento de actuar. Ahora es el momento de marcar la diferencia. SI usted o un miembro de su familia enfrenta cargos por armas de fuego en Phoenix o llega a un acuerdo con un arresto o encarcelamiento pendiente de fianza, se requiere acci\u00f3n. Entendemos que est\u00e1 buscando el mejor abogado penalista de Phoenix para usted y uno que sea respetado y temido por los fiscales. Cont\u00e1ctenos ahora para una <strong>evaluaci\u00f3n gratuita de su caso<\/strong>.<\/p>\n<h2>Por qu\u00e9 ciccarelli Law Offices es su mejor opci\u00f3n de ayuda<\/h2>\n<ul>\n<li>En las Oficinas Legales de Ciccarelli, somos un equipo agresivo de abogados que trabajan juntos para construir la defensa m\u00e1s s\u00f3lida posible para cada cliente que tomamos.<\/li>\n<li>Cada abogado de nuestra firma se dedica a velar por los mejores intereses de los clientes, y somos defensores tenaces y celosos que trabajan para garantizar la equidad.<\/li>\n<li>Lee Ciccarelli y el equipo legal de Ciccarelli Law Offices se esfuerzan por proporcionar el servicio legal que las personas necesitan a un precio razonable.<\/li>\n<\/ul>\n<h2>Entendiendo las armas y los cargos de armas de fuego en Phoenix<\/h2>\n<p>Hay varios cargos de armas y armas de fuego que una persona en el \u00e1rea de Phoenix podr\u00eda enfrentar, incluidos los siguientes:<\/p>\n<ul>\n<li><strong>Mala conducta con armas (<a href=\"https:\/\/www.azleg.gov\/ars\/13\/03102.htm\" target=\"_blank\" rel=\"noopener\">A.R.S. 13-3102<\/a>).<\/strong> Bajo esta ley, podemos ver que hay varias formas en que una persona podr\u00eda ser acusada, incluyendo:\n<ul>\n<li>Posesi\u00f3n de un arma de fuego con el n\u00famero de serie eliminado<\/li>\n<li>Poseer una escopeta recortada con un ca\u00f1\u00f3n de menos de 18 pulgadas<\/li>\n<li>Un crimen violento cometido mientras portaba un arma<\/li>\n<li>Posesi\u00f3n de un arma modificada ilegalmente<\/li>\n<li>Un delincuente convicto o extranjero ilegal que posee un arma de fuego<\/li>\n<\/ul>\n<\/li>\n<li><strong>Descarga ilegal de armas de fuego (<a href=\"https:\/\/www.azleg.gov\/ars\/13\/03107.htm\" target=\"_blank\" rel=\"noopener\">A.R.S. 13-3107<\/a>).<\/strong> Esta ley establece que es ilegal descargar un arma de fuego de manera criminalmente negligente dentro de un municipio.<\/li>\n<li><strong>Conducta desordenada con un arma (<a href=\"https:\/\/www.azleg.gov\/ars\/13\/02904.htm\" target=\"_blank\" rel=\"noopener\">A.R.S. 13-2904<\/a>).<\/strong> Las personas pueden enfrentar una conducta desordenada con un arma si a sabiendas e imprudentemente manejan, exhiben o descargan un arma de fuego con la intenci\u00f3n de perturbar la paz.<\/li>\n<li><strong>Disparos desde el autom\u00f3vil (<a href=\"https:\/\/www.azleg.gov\/ars\/13\/01209.htm\" target=\"_blank\" rel=\"noopener\">A.R.S. 13-1209<\/a>).<\/strong> Un tiroteo en un autom\u00f3vil es un delito grave, y una persona podr\u00eda enfrentar estos cargos si descarga intencionalmente un arma de fuego de un veh\u00edculo motorizado contra otra persona, una estructura ocupada o un veh\u00edculo ocupado.<\/li>\n<\/ul>\n<h2>\u00bfC\u00f3mo beneficiar\u00e1 un abogado su caso?<\/h2>\n<p>Dependiendo de las circunstancias que rodean el cargo de armas y armas de fuego en cuesti\u00f3n, una persona podr\u00eda enfrentar hasta 21 a\u00f1os de prisi\u00f3n si es condenada. Un abogado de defensa criminal con experiencia en Phoenix podr\u00e1 investigar todos los aspectos del presunto cargo de armas y formular una estrategia de defensa s\u00f3lida. Algunas de las posibles defensas que podr\u00edamos tener en estos casos son las siguientes:<\/p>\n<ul>\n<li>No hab\u00eda pruebas suficientes para probar los cargos<\/li>\n<li>Que las autoridades encargadas de hacer cumplir la ley no llevaron a cabo adecuadamente su investigaci\u00f3n<\/li>\n<li>Que la persona acusada no ten\u00eda la intenci\u00f3n de cometer el delito<\/li>\n<li>El caso estaba relacionado con la autodefensa<\/li>\n<\/ul>\n<h2>Llame a un abogado de defensa de delitos de armas y armas de fuego de Phoenix hoy<\/h2>\n<p>Si usted o alguien que ama se enfrenta a un cargo de armas o armas de fuego en o alrededor del \u00e1rea de Phoenix, comun\u00edquese con el equipo de las Oficinas Legales de Ciccarelli lo antes posible. Tenemos la experiencia y los recursos necesarios para investigar a fondo estos cargos y defenderlo en la corte. Nuestro abogado defensor de armas y delitos de armas de fuego de Phoenix no dejar\u00e1 piedra sin mover cuando trabaje para garantizar que todas las partes involucradas lo traten de manera justa. En Ciccarelli Law Offices, <strong>su \u00e9xito es nuestra misi\u00f3n<\/strong>.<\/p>\n","protected":false},"excerpt":{"rendered":"<p>La revista Guns and Ammo recientemente nombr\u00f3 a Arizona como el mejor estado para poseer un arma en base a una falta percibida de restricciones en las leyes de porte abierto, no requerir un permiso, permitir la posesi\u00f3n de armas de fuego &#8220;negras&#8221; (las com\u00fanmente conocidas como rifles de asalto o con estilos de cuerpo superficial de aspecto m\u00e1s agresivo),\u2026 <a href=\"https:\/\/ciccarelli.com\/arizona\/abogado-de-defensa-de-delitos-de-armas-y-armas-de-fuego-de-phoenix\/\">READ MORE<\/a><\/p>\n","protected":false},"author":7,"featured_media":0,"parent":0,"menu_order":0,"comment_status":"closed","ping_status":"closed","template":"","meta":{"_acf_changed":false,"footnotes":"","_content_optimizer_report_url":"","_content_optimizer_report_added":"","_content_optimizer_keyword_hide_used":false,"_content_optimizer_keyword_hide_above_average":false,"_content_optimizer_entities_hide_used":false,"_content_optimizer_entities_hide_above_average":false,"_content_optimizer_headings_hide_used":false,"_content_optimizer_questions_hide_used":false,"_content_optimizer_tab_active":"","_content_optimizer_report_url_ce":"","_content_optimizer_report_added_ce":"","_content_optimizer_keyword_hide_used_ce":false,"_content_optimizer_keyword_hide_above_average_ce":false,"_content_optimizer_entities_hide_used_ce":false,"_content_optimizer_entities_hide_above_average_ce":false,"_content_optimizer_headings_hide_used_ce":false,"_content_optimizer_questions_hide_used_ce":false,"_content_optimizer_tab_active_ce":""},"class_list":["post-47756","page","type-page","status-publish","hentry"],"acf":[],"yoast_head":"<!-- This site is optimized with the Yoast SEO plugin v27.1.1 - https:\/\/yoast.com\/product\/yoast-seo-wordpress\/ -->\n<title>Abogado de Defensa de Delitos de Armas y Armas de Fuego de Phoenix<\/title>\n<meta name=\"robots\" content=\"index, follow, max-snippet:-1, max-image-preview:large, max-video-preview:-1\" \/>\n<link rel=\"canonical\" href=\"https:\/\/ciccarelli.com\/arizona\/abogado-de-defensa-de-delitos-de-armas-y-armas-de-fuego-de-phoenix\/\" \/>\n<meta property=\"og:locale\" content=\"en_US\" \/>\n<meta property=\"og:type\" content=\"article\" \/>\n<meta property=\"og:title\" content=\"Abogado de Defensa de Delitos de Armas y Armas de Fuego de Phoenix\" \/>\n<meta property=\"og:description\" content=\"La revista Guns and Ammo recientemente nombr\u00f3 a Arizona como el mejor estado para poseer un arma en base a una falta percibida de restricciones en las leyes de porte abierto, no requerir un permiso, permitir la posesi\u00f3n de armas de fuego &#8220;negras&#8221; (las com\u00fanmente conocidas como rifles de asalto o con estilos de cuerpo superficial de aspecto m\u00e1s agresivo),\u2026 READ MORE\" \/>\n<meta property=\"og:url\" content=\"https:\/\/ciccarelli.com\/arizona\/abogado-de-defensa-de-delitos-de-armas-y-armas-de-fuego-de-phoenix\/\" \/>\n<meta property=\"og:site_name\" content=\"Ciccarelli Law Offices - AZ\" \/>\n<meta property=\"article:modified_time\" content=\"2022-01-13T17:26:01+00:00\" \/>\n<meta property=\"og:image\" content=\"https:\/\/ciccarellilawoffices.kinsta.cloud\/arizona\/wp-content\/uploads\/2022\/01\/Ciccarelli-Flag-300x300.jpg\" \/>\n<meta name=\"twitter:card\" content=\"summary_large_image\" \/>\n<meta name=\"twitter:label1\" content=\"Est. reading time\" \/>\n\t<meta name=\"twitter:data1\" content=\"5 minutes\" \/>\n<script type=\"application\/ld+json\" class=\"yoast-schema-graph\">{\"@context\":\"https:\/\/schema.org\",\"@graph\":[{\"@type\":\"WebPage\",\"@id\":\"https:\/\/ciccarelli.com\/arizona\/abogado-de-defensa-de-delitos-de-armas-y-armas-de-fuego-de-phoenix\/\",\"url\":\"https:\/\/ciccarelli.com\/arizona\/abogado-de-defensa-de-delitos-de-armas-y-armas-de-fuego-de-phoenix\/\",\"name\":\"Abogado de Defensa de Delitos de Armas y Armas de Fuego de Phoenix\",\"isPartOf\":{\"@id\":\"https:\/\/ciccarelli.com\/arizona\/#website\"},\"primaryImageOfPage\":{\"@id\":\"https:\/\/ciccarelli.com\/arizona\/abogado-de-defensa-de-delitos-de-armas-y-armas-de-fuego-de-phoenix\/#primaryimage\"},\"image\":{\"@id\":\"https:\/\/ciccarelli.com\/arizona\/abogado-de-defensa-de-delitos-de-armas-y-armas-de-fuego-de-phoenix\/#primaryimage\"},\"thumbnailUrl\":\"https:\/\/ciccarellilawoffices.kinsta.cloud\/arizona\/wp-content\/uploads\/2022\/01\/Ciccarelli-Flag-300x300.jpg\",\"datePublished\":\"2021-10-27T10:39:46+00:00\",\"dateModified\":\"2022-01-13T17:26:01+00:00\",\"breadcrumb\":{\"@id\":\"https:\/\/ciccarelli.com\/arizona\/abogado-de-defensa-de-delitos-de-armas-y-armas-de-fuego-de-phoenix\/#breadcrumb\"},\"inLanguage\":\"en-US\",\"potentialAction\":[{\"@type\":\"ReadAction\",\"target\":[\"https:\/\/ciccarelli.com\/arizona\/abogado-de-defensa-de-delitos-de-armas-y-armas-de-fuego-de-phoenix\/\"]}]},{\"@type\":\"ImageObject\",\"inLanguage\":\"en-US\",\"@id\":\"https:\/\/ciccarelli.com\/arizona\/abogado-de-defensa-de-delitos-de-armas-y-armas-de-fuego-de-phoenix\/#primaryimage\",\"url\":\"https:\/\/ciccarellilawoffices.kinsta.cloud\/arizona\/wp-content\/uploads\/2022\/01\/Ciccarelli-Flag-300x300.jpg\",\"contentUrl\":\"https:\/\/ciccarellilawoffices.kinsta.cloud\/arizona\/wp-content\/uploads\/2022\/01\/Ciccarelli-Flag-300x300.jpg\"},{\"@type\":\"BreadcrumbList\",\"@id\":\"https:\/\/ciccarelli.com\/arizona\/abogado-de-defensa-de-delitos-de-armas-y-armas-de-fuego-de-phoenix\/#breadcrumb\",\"itemListElement\":[{\"@type\":\"ListItem\",\"position\":1,\"name\":\"Home\",\"item\":\"https:\/\/ciccarelli.com\/arizona\/\"},{\"@type\":\"ListItem\",\"position\":2,\"name\":\"Abogado de Defensa de Delitos de Armas y Armas de Fuego de Phoenix\"}]},{\"@type\":\"WebSite\",\"@id\":\"https:\/\/ciccarelli.com\/arizona\/#website\",\"url\":\"https:\/\/ciccarelli.com\/arizona\/\",\"name\":\"Ciccarelli Law Offices - AZ\",\"description\":\"Ciccarelli Law Offices - AZ\",\"potentialAction\":[{\"@type\":\"SearchAction\",\"target\":{\"@type\":\"EntryPoint\",\"urlTemplate\":\"https:\/\/ciccarelli.com\/arizona\/?s={search_term_string}\"},\"query-input\":{\"@type\":\"PropertyValueSpecification\",\"valueRequired\":true,\"valueName\":\"search_term_string\"}}],\"inLanguage\":\"en-US\"}]}<\/script>\n<!-- \/ Yoast SEO plugin. -->","yoast_head_json":{"title":"Abogado de Defensa de Delitos de Armas y Armas de Fuego de Phoenix","robots":{"index":"index","follow":"follow","max-snippet":"max-snippet:-1","max-image-preview":"max-image-preview:large","max-video-preview":"max-video-preview:-1"},"canonical":"https:\/\/ciccarelli.com\/arizona\/abogado-de-defensa-de-delitos-de-armas-y-armas-de-fuego-de-phoenix\/","og_locale":"en_US","og_type":"article","og_title":"Abogado de Defensa de Delitos de Armas y Armas de Fuego de Phoenix","og_description":"La revista Guns and Ammo recientemente nombr\u00f3 a Arizona como el mejor estado para poseer un arma en base a una falta percibida de restricciones en las leyes de porte abierto, no requerir un permiso, permitir la posesi\u00f3n de armas de fuego &#8220;negras&#8221; (las com\u00fanmente conocidas como rifles de asalto o con estilos de cuerpo superficial de aspecto m\u00e1s agresivo),\u2026 READ MORE","og_url":"https:\/\/ciccarelli.com\/arizona\/abogado-de-defensa-de-delitos-de-armas-y-armas-de-fuego-de-phoenix\/","og_site_name":"Ciccarelli Law Offices - AZ","article_modified_time":"2022-01-13T17:26:01+00:00","og_image":[{"url":"https:\/\/ciccarellilawoffices.kinsta.cloud\/arizona\/wp-content\/uploads\/2022\/01\/Ciccarelli-Flag-300x300.jpg","type":"","width":"","height":""}],"twitter_card":"summary_large_image","twitter_misc":{"Est. reading time":"5 minutes"},"schema":{"@context":"https:\/\/schema.org","@graph":[{"@type":"WebPage","@id":"https:\/\/ciccarelli.com\/arizona\/abogado-de-defensa-de-delitos-de-armas-y-armas-de-fuego-de-phoenix\/","url":"https:\/\/ciccarelli.com\/arizona\/abogado-de-defensa-de-delitos-de-armas-y-armas-de-fuego-de-phoenix\/","name":"Abogado de Defensa de Delitos de Armas y Armas de Fuego de Phoenix","isPartOf":{"@id":"https:\/\/ciccarelli.com\/arizona\/#website"},"primaryImageOfPage":{"@id":"https:\/\/ciccarelli.com\/arizona\/abogado-de-defensa-de-delitos-de-armas-y-armas-de-fuego-de-phoenix\/#primaryimage"},"image":{"@id":"https:\/\/ciccarelli.com\/arizona\/abogado-de-defensa-de-delitos-de-armas-y-armas-de-fuego-de-phoenix\/#primaryimage"},"thumbnailUrl":"https:\/\/ciccarellilawoffices.kinsta.cloud\/arizona\/wp-content\/uploads\/2022\/01\/Ciccarelli-Flag-300x300.jpg","datePublished":"2021-10-27T10:39:46+00:00","dateModified":"2022-01-13T17:26:01+00:00","breadcrumb":{"@id":"https:\/\/ciccarelli.com\/arizona\/abogado-de-defensa-de-delitos-de-armas-y-armas-de-fuego-de-phoenix\/#breadcrumb"},"inLanguage":"en-US","potentialAction":[{"@type":"ReadAction","target":["https:\/\/ciccarelli.com\/arizona\/abogado-de-defensa-de-delitos-de-armas-y-armas-de-fuego-de-phoenix\/"]}]},{"@type":"ImageObject","inLanguage":"en-US","@id":"https:\/\/ciccarelli.com\/arizona\/abogado-de-defensa-de-delitos-de-armas-y-armas-de-fuego-de-phoenix\/#primaryimage","url":"https:\/\/ciccarellilawoffices.kinsta.cloud\/arizona\/wp-content\/uploads\/2022\/01\/Ciccarelli-Flag-300x300.jpg","contentUrl":"https:\/\/ciccarellilawoffices.kinsta.cloud\/arizona\/wp-content\/uploads\/2022\/01\/Ciccarelli-Flag-300x300.jpg"},{"@type":"BreadcrumbList","@id":"https:\/\/ciccarelli.com\/arizona\/abogado-de-defensa-de-delitos-de-armas-y-armas-de-fuego-de-phoenix\/#breadcrumb","itemListElement":[{"@type":"ListItem","position":1,"name":"Home","item":"https:\/\/ciccarelli.com\/arizona\/"},{"@type":"ListItem","position":2,"name":"Abogado de Defensa de Delitos de Armas y Armas de Fuego de Phoenix"}]},{"@type":"WebSite","@id":"https:\/\/ciccarelli.com\/arizona\/#website","url":"https:\/\/ciccarelli.com\/arizona\/","name":"Ciccarelli Law Offices - AZ","description":"Ciccarelli Law Offices - AZ","potentialAction":[{"@type":"SearchAction","target":{"@type":"EntryPoint","urlTemplate":"https:\/\/ciccarelli.com\/arizona\/?s={search_term_string}"},"query-input":{"@type":"PropertyValueSpecification","valueRequired":true,"valueName":"search_term_string"}}],"inLanguage":"en-US"}]}},"_links":{"self":[{"href":"https:\/\/ciccarelli.com\/arizona\/wp-json\/wp\/v2\/pages\/47756","targetHints":{"allow":["GET"]}}],"collection":[{"href":"https:\/\/ciccarelli.com\/arizona\/wp-json\/wp\/v2\/pages"}],"about":[{"href":"https:\/\/ciccarelli.com\/arizona\/wp-json\/wp\/v2\/types\/page"}],"author":[{"embeddable":true,"href":"https:\/\/ciccarelli.com\/arizona\/wp-json\/wp\/v2\/users\/7"}],"replies":[{"embeddable":true,"href":"https:\/\/ciccarelli.com\/arizona\/wp-json\/wp\/v2\/comments?post=47756"}],"version-history":[{"count":4,"href":"https:\/\/ciccarelli.com\/arizona\/wp-json\/wp\/v2\/pages\/47756\/revisions"}],"predecessor-version":[{"id":48348,"href":"https:\/\/ciccarelli.com\/arizona\/wp-json\/wp\/v2\/pages\/47756\/revisions\/48348"}],"wp:attachment":[{"href":"https:\/\/ciccarelli.com\/arizona\/wp-json\/wp\/v2\/media?parent=47756"}],"curies":[{"name":"wp","href":"https:\/\/api.w.org\/{rel}","templated":true}]}}