{"id":47753,"date":"2021-10-27T06:28:57","date_gmt":"2021-10-27T10:28:57","guid":{"rendered":"https:\/\/ciccarellilawoffices.kinsta.cloud\/arizona\/?page_id=47753"},"modified":"2022-01-13T13:25:39","modified_gmt":"2022-01-13T17:25:39","slug":"abogado-de-defensa-de-asesinato-y-crimenes-violentos-de-phoenix","status":"publish","type":"page","link":"https:\/\/ciccarelli.com\/arizona\/abogado-de-defensa-de-asesinato-y-crimenes-violentos-de-phoenix\/","title":{"rendered":"Abogado de Defensa de Asesinato y Cr\u00edmenes Violentos de Phoenix"},"content":{"rendered":"<p><img decoding=\"async\" class=\"alignright size-medium wp-image-48252\" src=\"https:\/\/ciccarellilawoffices.kinsta.cloud\/arizona\/wp-content\/uploads\/2022\/01\/Ciccarelli-Flag-300x300.jpg\" alt=\"\" width=\"300\" height=\"300\" srcset=\"https:\/\/ciccarelli.com\/arizona\/wp-content\/uploads\/2022\/01\/Ciccarelli-Flag-300x300.jpg 300w, https:\/\/ciccarelli.com\/arizona\/wp-content\/uploads\/2022\/01\/Ciccarelli-Flag-150x150.jpg 150w, https:\/\/ciccarelli.com\/arizona\/wp-content\/uploads\/2022\/01\/Ciccarelli-Flag.jpg 640w\" sizes=\"(max-width: 300px) 100vw, 300px\" \/>Estar all\u00ed para un miembro de la familia que es blanco de cargos de homicidio o asesinato requiere acci\u00f3n y abogados con experiencia en asumir casos de delitos mayores. Lee Ciccarelli y lideran un equipo que aporta m\u00e1s de cien a\u00f1os de experiencia nacional combinada en la defensa de cargos de homicidio y asesinato a Arizona. Reconocidos por sus pares como Super <strong>Lawyers<\/strong> y nuestros clientes con cientos de <strong>rese\u00f1as<\/strong> de <strong>cinco estrellas<\/strong>,entendemos la implicaci\u00f3n y las consecuencias de una investigaci\u00f3n criminal de Arizona, enjuiciamiento y \/ o una condena por homicidio y asesinato. Defendemos a clientes que enfrentan cargos de asesinato en Arizona en Phoenix, Gilbert, Chandler, Tempe y Scottsdale Arizona.<\/p>\n<p>Entendemos que est\u00e1 buscando los mejores abogados penalistas de Phoenix que pueda pagar y un equipo que est\u00e9 disponible para usted y su familia cuando m\u00e1s los necesite. En Ciccarelli Law Offices, <strong>su \u00e9xito es nuestra misi\u00f3n<\/strong>.<\/p>\n<p>Cualquier persona que enfrente un cargo de asesinato o cr\u00edmenes violentos en Phoenix debe buscar asistencia inmediata de un abogado. Estos casos se vuelven muy complicados muy r\u00e1pidamente, y aquellos que enfrentan este tipo de cargos no deben hablar con funcionarios encargados de hacer cumplir la ley o fiscales sin un asesor legal a su lado. En las Oficinas Legales de Ciccarelli, estamos aqu\u00ed para ayudarlo si necesita un abogado de defensa de asesinato o cr\u00edmenes violentos en Phoenix. Tenemos los recursos necesarios para investigar a fondo estos casos y ayudar a nuestros clientes a enfrentarse a los fiscales agresivos.<\/p>\n<h2>Abogado Defensor de Homicidios de Phoenix: Listo para Luchar y una Evaluaci\u00f3n Gratuita de Su Caso<\/h2>\n<p>Ahora es el momento de actuar. Ahora es el momento de marcar la diferencia. Ya sea que usted o un miembro de su familia tengan razones para creer que est\u00e1 bajo sospecha por un cargo criminal en Phoenix o por aceptar un arresto o encarcelamiento pendiente de fianza, se requiere acci\u00f3n. Entendemos que est\u00e1 buscando el mejor abogado penalista de Phoenix para usted y uno que sea respetado y temido por los fiscales. Cont\u00e1ctenos ahora para una <strong>evaluaci\u00f3n gratuita de su caso<\/strong>.<\/p>\n<p>Necesita abogados que entiendan que en una crisis, necesita un equipo legal con el coraje y la convicci\u00f3n para marcar la diferencia. Deja que Lee Ciccarelli, y su equipo est\u00e9n all\u00ed cuando m\u00e1s los necesites. Encontrar\u00e1 en nuestro equipo de abogados de defensa criminal inteligentes y agresivos de Phoenix, un deseo y deseo de ser agresivo y razonable, reflexivo y decidido. Est\u00e1 en nuestro ADN tener la espalda.<\/p>\n<ul>\n<li>Aportamos experiencia en defensa criminal en grandes ciudades defendiendo casos de delitos graves de alto perfil, incluidos asesinato, triple homicidio, intento de homicidio, intento de asesinato en primer grado, asesinato en segundo grado, asesinato en tercer grado, homicidio vehicular y homicidio relacionado con la entrega de drogas y narc\u00f3ticos.<\/li>\n<li>Tambi\u00e9n servimos a nuestros clientes que necesitan la delicadeza de sus abogados de defensa criminal de Arizona para desactivar silenciosamente posibles investigaciones criminales sensibles antes de que se conviertan en cargos criminales.<\/li>\n<li>Las Oficinas Legales de Ciccarelli se dedican a luchar por los derechos de los acusados injustamente de homicidio y cargos de asesinato y se esfuerzan por obtener su liberaci\u00f3n, obtener la fianza y impugnar sus cargos cuando enfrentan acusaciones de homicidio y asesinato.<\/li>\n<li>Nos esforzamos por marcar la diferencia para los clientes, independientemente de qui\u00e9nes sean, de d\u00f3nde sean o cu\u00e1nto dinero tengan.<\/li>\n<li>Hemos representado con \u00e9xito a miles de clientes en todo el pa\u00eds.<\/li>\n<li>Tenemos cientos de rese\u00f1as de cinco estrellas de clientes.<\/li>\n<li>Lee Ciccarelli y han sido reconocidos como Super Lawyers y Lee tambi\u00e9n ha sido calificado por AVVO con su calificaci\u00f3n m\u00e1s alta (10. 0) y como uno de los 100 mejores abogados litigantes por la Asociaci\u00f3n Nacional de Abogados Litigantes, y como uno de los 100 mejores abogados litigantes por la Sociedad Americana de Abogados Legales.<\/li>\n<\/ul>\n<h2>Obteniendo nuestro Equipo de Defensa de Homicidios en Ciccarelli Law Offices<\/h2>\n<ul>\n<li>En las Oficinas Legales de Ciccarelli, somos un equipo de abogados agresivos y tenaces que no se detienen ante nada para descubrir la verdad sobre los cargos que enfrentan nuestros clientes.<\/li>\n<li>Nunca hemos tenido problemas para llevar un caso hasta el juicio, lo necesario para garantizar que nuestro cliente sea tratado de manera justa durante todo el proceso.<\/li>\n<li>No dejamos piedra sin mover cuando se trata de descubrir pruebas, y tenemos los recursos necesarios para llegar al fondo de cada situaci\u00f3n de asesinato o crimen violento.<\/li>\n<\/ul>\n<h2>Por qu\u00e9 necesita un abogado para cargos de asesinato y cr\u00edmenes violentos<\/h2>\n<p>Un abogado de defensa criminal en Phoenix ser\u00e1 absolutamente necesario para cualquier persona que enfrente un cargo de asesinato o cr\u00edmenes violentos. Un abogado puede usar sus recursos para:<\/p>\n<ul>\n<li>Llevar a cabo una investigaci\u00f3n completa sobre los cargos que enfrenta un cliente. Esto incluye obtener todas las pruebas utilizadas por los fiscales y al mismo tiempo llevar a cabo una investigaci\u00f3n independiente para obtener pruebas e informaci\u00f3n adicionales.<\/li>\n<li>Permanezca en contacto continuo con los fiscales y otras partes involucradas en un esfuerzo por reducir o desestimar los cargos en nombre de su cliente.<\/li>\n<li>Participar en negociaciones de buena fe con respecto a un acuerdo de culpabilidad si es necesario y justificado.<\/li>\n<li>Prep\u00e1rese completamente para llevar un caso a juicio si es necesario para garantizar el trato justo del cliente.<\/li>\n<\/ul>\n<h2>Sanciones por delitos de asesinato y delitos violentos en Phoenix<\/h2>\n<p>En Arizona, hay varios tipos de cargos de homicidio que una persona podr\u00eda enfrentar. Esto incluye lo siguiente (con una breve explicaci\u00f3n de las sanciones adjunta):<\/p>\n<ul>\n<li>Asesinato en primergrado. Una persona enfrentar\u00e1 este cargo si se cree que los fiscales creen que mataron a alguien y que el asesinato fue planeado. Este es un delito grave de Clase 1 punible con cadena perpetua o muerte.<\/li>\n<li>Asesinato en segundogrado. Una persona generalmente enfrentar\u00e1 este cargo si los fiscales creen que mataron a una persona, pero no hubo premeditaci\u00f3n involucrada. Este es un delito grave de Clase 1, y una persona podr\u00eda enfrentar de 10 a 25 a\u00f1os de prisi\u00f3n.<\/li>\n<li>Homicidio negligente. Estos cargos generalmente se aplican si los fiscales creen que el acusado caus\u00f3 una muerte debido a su acto criminalmente negligente. Este es un delito grave de Clase 4, y una persona podr\u00eda enfrentar de 1.5 a 4 a\u00f1os de prisi\u00f3n.<\/li>\n<li>Homicidioinvoluntario. Este cargo generalmente se aplica si los fiscales creen que una persona caus\u00f3 la muerte debido a sus acciones imprudentes. Este es un delito grave de Clase 2 punible con 4 a 10 a\u00f1os de prisi\u00f3n.<\/li>\n<\/ul>\n<p>Adem\u00e1s de los cargos de asesinato, hay varios otros cr\u00edmenes violentos por los que una persona podr\u00eda enfrentar cargos en o alrededor del \u00e1rea de Phoenix. Algunos de estos delitos incluyen los siguientes:<\/p>\n<ul>\n<li>Violencia dom\u00e9stica<\/li>\n<li>Asalto y agresi\u00f3n<\/li>\n<li>Robo a mano armada<\/li>\n<li>Robo de coches<\/li>\n<li>Robo a bancos<\/li>\n<\/ul>\n<p>Esta ciertamente no es una lista completa de los cargos de delitos violentos que una persona podr\u00eda enfrentar en Phoenix, Arizona. Le recomendamos encarecidamente que se comunique con uno de nuestros abogados de defensa criminal que puede ayudarlo a guiarlo a trav\u00e9s de los pr\u00f3ximos pasos que debe tomar.<\/p>\n<h2>Llame a un abogado de defensa de asesinato y cr\u00edmenes violentos de Phoenix hoy<\/h2>\n<p>Si usted o alguien que ama enfrenta cargos de asesinato o cargos relacionados con cr\u00edmenes violentos en Phoenix o las \u00e1reas circundantes, debe comunicarse con un abogado de inmediato. Ning\u00fan abogado lo har\u00e1 y es probable que necesite un equipo de abogados inteligentes, experimentados, agresivos y decididos que luchen contra los cargos de homicidio y asesinato. Ahora es el momento de la acci\u00f3n y el momento de Lee Ciccarelli y . No hable con funcionarios encargados de hacer cumplir la ley o fiscales hasta que tenga un asesor legal a su lado. En las Oficinas Legales de Ciccarelli, nuestro equipo tiene un historial de \u00e9xito ayudando a los clientes a superar casos de defensa criminal incre\u00edblemente complejos. Sabemos que hay mucho en juego y utilizaremos todos nuestros recursos para asegurarnos de que sea tratado de manera justa. Cuando necesite un abogado de defensa de asesinato o cr\u00edmenes violentos en Phoenix, comun\u00edquese con nuestro equipo hoy. Estamos decididos a luchar por nuestros clientes. Est\u00e1 en nuestro ADN tener su espalda y su \u00e9xito es nuestra <strong>misi\u00f3n<\/strong>.<\/p>\n","protected":false},"excerpt":{"rendered":"<p>Estar all\u00ed para un miembro de la familia que es blanco de cargos de homicidio o asesinato requiere acci\u00f3n y abogados con experiencia en asumir casos de delitos mayores. Lee Ciccarelli y lideran un equipo que aporta m\u00e1s de cien a\u00f1os de experiencia nacional combinada en la defensa de cargos de homicidio y asesinato a Arizona. Reconocidos por sus pares\u2026 <a href=\"https:\/\/ciccarelli.com\/arizona\/abogado-de-defensa-de-asesinato-y-crimenes-violentos-de-phoenix\/\">READ MORE<\/a><\/p>\n","protected":false},"author":7,"featured_media":0,"parent":0,"menu_order":0,"comment_status":"closed","ping_status":"closed","template":"","meta":{"_acf_changed":false,"footnotes":"","_content_optimizer_report_url":"","_content_optimizer_report_added":"","_content_optimizer_keyword_hide_used":false,"_content_optimizer_keyword_hide_above_average":false,"_content_optimizer_entities_hide_used":false,"_content_optimizer_entities_hide_above_average":false,"_content_optimizer_headings_hide_used":false,"_content_optimizer_questions_hide_used":false,"_content_optimizer_tab_active":"","_content_optimizer_report_url_ce":"","_content_optimizer_report_added_ce":"","_content_optimizer_keyword_hide_used_ce":false,"_content_optimizer_keyword_hide_above_average_ce":false,"_content_optimizer_entities_hide_used_ce":false,"_content_optimizer_entities_hide_above_average_ce":false,"_content_optimizer_headings_hide_used_ce":false,"_content_optimizer_questions_hide_used_ce":false,"_content_optimizer_tab_active_ce":""},"class_list":["post-47753","page","type-page","status-publish","hentry"],"acf":[],"yoast_head":"<!-- This site is optimized with the Yoast SEO plugin v27.1.1 - https:\/\/yoast.com\/product\/yoast-seo-wordpress\/ -->\n<title>Abogado de Defensa de Asesinato y Cr\u00edmenes Violentos de Phoenix<\/title>\n<meta name=\"robots\" content=\"index, follow, max-snippet:-1, max-image-preview:large, max-video-preview:-1\" \/>\n<link rel=\"canonical\" href=\"https:\/\/ciccarelli.com\/arizona\/abogado-de-defensa-de-asesinato-y-crimenes-violentos-de-phoenix\/\" \/>\n<meta property=\"og:locale\" content=\"en_US\" \/>\n<meta property=\"og:type\" content=\"article\" \/>\n<meta property=\"og:title\" content=\"Abogado de Defensa de Asesinato y Cr\u00edmenes Violentos de Phoenix\" \/>\n<meta property=\"og:description\" content=\"Estar all\u00ed para un miembro de la familia que es blanco de cargos de homicidio o asesinato requiere acci\u00f3n y abogados con experiencia en asumir casos de delitos mayores. Lee Ciccarelli y lideran un equipo que aporta m\u00e1s de cien a\u00f1os de experiencia nacional combinada en la defensa de cargos de homicidio y asesinato a Arizona. Reconocidos por sus pares\u2026 READ MORE\" \/>\n<meta property=\"og:url\" content=\"https:\/\/ciccarelli.com\/arizona\/abogado-de-defensa-de-asesinato-y-crimenes-violentos-de-phoenix\/\" \/>\n<meta property=\"og:site_name\" content=\"Ciccarelli Law Offices - AZ\" \/>\n<meta property=\"article:modified_time\" content=\"2022-01-13T17:25:39+00:00\" \/>\n<meta property=\"og:image\" content=\"https:\/\/ciccarellilawoffices.kinsta.cloud\/arizona\/wp-content\/uploads\/2022\/01\/Ciccarelli-Flag-300x300.jpg\" \/>\n<meta name=\"twitter:card\" content=\"summary_large_image\" \/>\n<meta name=\"twitter:label1\" content=\"Est. reading time\" \/>\n\t<meta name=\"twitter:data1\" content=\"7 minutes\" \/>\n<script type=\"application\/ld+json\" class=\"yoast-schema-graph\">{\"@context\":\"https:\/\/schema.org\",\"@graph\":[{\"@type\":\"WebPage\",\"@id\":\"https:\/\/ciccarelli.com\/arizona\/abogado-de-defensa-de-asesinato-y-crimenes-violentos-de-phoenix\/\",\"url\":\"https:\/\/ciccarelli.com\/arizona\/abogado-de-defensa-de-asesinato-y-crimenes-violentos-de-phoenix\/\",\"name\":\"Abogado de Defensa de Asesinato y Cr\u00edmenes Violentos de Phoenix\",\"isPartOf\":{\"@id\":\"https:\/\/ciccarelli.com\/arizona\/#website\"},\"primaryImageOfPage\":{\"@id\":\"https:\/\/ciccarelli.com\/arizona\/abogado-de-defensa-de-asesinato-y-crimenes-violentos-de-phoenix\/#primaryimage\"},\"image\":{\"@id\":\"https:\/\/ciccarelli.com\/arizona\/abogado-de-defensa-de-asesinato-y-crimenes-violentos-de-phoenix\/#primaryimage\"},\"thumbnailUrl\":\"https:\/\/ciccarellilawoffices.kinsta.cloud\/arizona\/wp-content\/uploads\/2022\/01\/Ciccarelli-Flag-300x300.jpg\",\"datePublished\":\"2021-10-27T10:28:57+00:00\",\"dateModified\":\"2022-01-13T17:25:39+00:00\",\"breadcrumb\":{\"@id\":\"https:\/\/ciccarelli.com\/arizona\/abogado-de-defensa-de-asesinato-y-crimenes-violentos-de-phoenix\/#breadcrumb\"},\"inLanguage\":\"en-US\",\"potentialAction\":[{\"@type\":\"ReadAction\",\"target\":[\"https:\/\/ciccarelli.com\/arizona\/abogado-de-defensa-de-asesinato-y-crimenes-violentos-de-phoenix\/\"]}]},{\"@type\":\"ImageObject\",\"inLanguage\":\"en-US\",\"@id\":\"https:\/\/ciccarelli.com\/arizona\/abogado-de-defensa-de-asesinato-y-crimenes-violentos-de-phoenix\/#primaryimage\",\"url\":\"https:\/\/ciccarellilawoffices.kinsta.cloud\/arizona\/wp-content\/uploads\/2022\/01\/Ciccarelli-Flag-300x300.jpg\",\"contentUrl\":\"https:\/\/ciccarellilawoffices.kinsta.cloud\/arizona\/wp-content\/uploads\/2022\/01\/Ciccarelli-Flag-300x300.jpg\"},{\"@type\":\"BreadcrumbList\",\"@id\":\"https:\/\/ciccarelli.com\/arizona\/abogado-de-defensa-de-asesinato-y-crimenes-violentos-de-phoenix\/#breadcrumb\",\"itemListElement\":[{\"@type\":\"ListItem\",\"position\":1,\"name\":\"Home\",\"item\":\"https:\/\/ciccarelli.com\/arizona\/\"},{\"@type\":\"ListItem\",\"position\":2,\"name\":\"Abogado de Defensa de Asesinato y Cr\u00edmenes Violentos de Phoenix\"}]},{\"@type\":\"WebSite\",\"@id\":\"https:\/\/ciccarelli.com\/arizona\/#website\",\"url\":\"https:\/\/ciccarelli.com\/arizona\/\",\"name\":\"Ciccarelli Law Offices - AZ\",\"description\":\"Ciccarelli Law Offices - AZ\",\"potentialAction\":[{\"@type\":\"SearchAction\",\"target\":{\"@type\":\"EntryPoint\",\"urlTemplate\":\"https:\/\/ciccarelli.com\/arizona\/?s={search_term_string}\"},\"query-input\":{\"@type\":\"PropertyValueSpecification\",\"valueRequired\":true,\"valueName\":\"search_term_string\"}}],\"inLanguage\":\"en-US\"}]}<\/script>\n<!-- \/ Yoast SEO plugin. -->","yoast_head_json":{"title":"Abogado de Defensa de Asesinato y Cr\u00edmenes Violentos de Phoenix","robots":{"index":"index","follow":"follow","max-snippet":"max-snippet:-1","max-image-preview":"max-image-preview:large","max-video-preview":"max-video-preview:-1"},"canonical":"https:\/\/ciccarelli.com\/arizona\/abogado-de-defensa-de-asesinato-y-crimenes-violentos-de-phoenix\/","og_locale":"en_US","og_type":"article","og_title":"Abogado de Defensa de Asesinato y Cr\u00edmenes Violentos de Phoenix","og_description":"Estar all\u00ed para un miembro de la familia que es blanco de cargos de homicidio o asesinato requiere acci\u00f3n y abogados con experiencia en asumir casos de delitos mayores. Lee Ciccarelli y lideran un equipo que aporta m\u00e1s de cien a\u00f1os de experiencia nacional combinada en la defensa de cargos de homicidio y asesinato a Arizona. Reconocidos por sus pares\u2026 READ MORE","og_url":"https:\/\/ciccarelli.com\/arizona\/abogado-de-defensa-de-asesinato-y-crimenes-violentos-de-phoenix\/","og_site_name":"Ciccarelli Law Offices - AZ","article_modified_time":"2022-01-13T17:25:39+00:00","og_image":[{"url":"https:\/\/ciccarellilawoffices.kinsta.cloud\/arizona\/wp-content\/uploads\/2022\/01\/Ciccarelli-Flag-300x300.jpg","type":"","width":"","height":""}],"twitter_card":"summary_large_image","twitter_misc":{"Est. reading time":"7 minutes"},"schema":{"@context":"https:\/\/schema.org","@graph":[{"@type":"WebPage","@id":"https:\/\/ciccarelli.com\/arizona\/abogado-de-defensa-de-asesinato-y-crimenes-violentos-de-phoenix\/","url":"https:\/\/ciccarelli.com\/arizona\/abogado-de-defensa-de-asesinato-y-crimenes-violentos-de-phoenix\/","name":"Abogado de Defensa de Asesinato y Cr\u00edmenes Violentos de Phoenix","isPartOf":{"@id":"https:\/\/ciccarelli.com\/arizona\/#website"},"primaryImageOfPage":{"@id":"https:\/\/ciccarelli.com\/arizona\/abogado-de-defensa-de-asesinato-y-crimenes-violentos-de-phoenix\/#primaryimage"},"image":{"@id":"https:\/\/ciccarelli.com\/arizona\/abogado-de-defensa-de-asesinato-y-crimenes-violentos-de-phoenix\/#primaryimage"},"thumbnailUrl":"https:\/\/ciccarellilawoffices.kinsta.cloud\/arizona\/wp-content\/uploads\/2022\/01\/Ciccarelli-Flag-300x300.jpg","datePublished":"2021-10-27T10:28:57+00:00","dateModified":"2022-01-13T17:25:39+00:00","breadcrumb":{"@id":"https:\/\/ciccarelli.com\/arizona\/abogado-de-defensa-de-asesinato-y-crimenes-violentos-de-phoenix\/#breadcrumb"},"inLanguage":"en-US","potentialAction":[{"@type":"ReadAction","target":["https:\/\/ciccarelli.com\/arizona\/abogado-de-defensa-de-asesinato-y-crimenes-violentos-de-phoenix\/"]}]},{"@type":"ImageObject","inLanguage":"en-US","@id":"https:\/\/ciccarelli.com\/arizona\/abogado-de-defensa-de-asesinato-y-crimenes-violentos-de-phoenix\/#primaryimage","url":"https:\/\/ciccarellilawoffices.kinsta.cloud\/arizona\/wp-content\/uploads\/2022\/01\/Ciccarelli-Flag-300x300.jpg","contentUrl":"https:\/\/ciccarellilawoffices.kinsta.cloud\/arizona\/wp-content\/uploads\/2022\/01\/Ciccarelli-Flag-300x300.jpg"},{"@type":"BreadcrumbList","@id":"https:\/\/ciccarelli.com\/arizona\/abogado-de-defensa-de-asesinato-y-crimenes-violentos-de-phoenix\/#breadcrumb","itemListElement":[{"@type":"ListItem","position":1,"name":"Home","item":"https:\/\/ciccarelli.com\/arizona\/"},{"@type":"ListItem","position":2,"name":"Abogado de Defensa de Asesinato y Cr\u00edmenes Violentos de Phoenix"}]},{"@type":"WebSite","@id":"https:\/\/ciccarelli.com\/arizona\/#website","url":"https:\/\/ciccarelli.com\/arizona\/","name":"Ciccarelli Law Offices - AZ","description":"Ciccarelli Law Offices - AZ","potentialAction":[{"@type":"SearchAction","target":{"@type":"EntryPoint","urlTemplate":"https:\/\/ciccarelli.com\/arizona\/?s={search_term_string}"},"query-input":{"@type":"PropertyValueSpecification","valueRequired":true,"valueName":"search_term_string"}}],"inLanguage":"en-US"}]}},"_links":{"self":[{"href":"https:\/\/ciccarelli.com\/arizona\/wp-json\/wp\/v2\/pages\/47753","targetHints":{"allow":["GET"]}}],"collection":[{"href":"https:\/\/ciccarelli.com\/arizona\/wp-json\/wp\/v2\/pages"}],"about":[{"href":"https:\/\/ciccarelli.com\/arizona\/wp-json\/wp\/v2\/types\/page"}],"author":[{"embeddable":true,"href":"https:\/\/ciccarelli.com\/arizona\/wp-json\/wp\/v2\/users\/7"}],"replies":[{"embeddable":true,"href":"https:\/\/ciccarelli.com\/arizona\/wp-json\/wp\/v2\/comments?post=47753"}],"version-history":[{"count":4,"href":"https:\/\/ciccarelli.com\/arizona\/wp-json\/wp\/v2\/pages\/47753\/revisions"}],"predecessor-version":[{"id":48346,"href":"https:\/\/ciccarelli.com\/arizona\/wp-json\/wp\/v2\/pages\/47753\/revisions\/48346"}],"wp:attachment":[{"href":"https:\/\/ciccarelli.com\/arizona\/wp-json\/wp\/v2\/media?parent=47753"}],"curies":[{"name":"wp","href":"https:\/\/api.w.org\/{rel}","templated":true}]}}