{"id":47749,"date":"2021-10-27T06:08:35","date_gmt":"2021-10-27T10:08:35","guid":{"rendered":"https:\/\/ciccarellilawoffices.kinsta.cloud\/arizona\/?page_id=47749"},"modified":"2022-01-13T13:30:21","modified_gmt":"2022-01-13T17:30:21","slug":"abogados-de-defensa-criminal-de-arizona","status":"publish","type":"page","link":"https:\/\/ciccarelli.com\/arizona\/abogados-de-defensa-criminal-de-arizona\/","title":{"rendered":"Abogados de Defensa Criminal de Arizona"},"content":{"rendered":"<p><img decoding=\"async\" class=\"alignright size-medium wp-image-48252\" src=\"https:\/\/ciccarellilawoffices.kinsta.cloud\/arizona\/wp-content\/uploads\/2022\/01\/Ciccarelli-Flag-300x300.jpg\" alt=\"\" width=\"300\" height=\"300\" srcset=\"https:\/\/ciccarelli.com\/arizona\/wp-content\/uploads\/2022\/01\/Ciccarelli-Flag-300x300.jpg 300w, https:\/\/ciccarelli.com\/arizona\/wp-content\/uploads\/2022\/01\/Ciccarelli-Flag-150x150.jpg 150w, https:\/\/ciccarelli.com\/arizona\/wp-content\/uploads\/2022\/01\/Ciccarelli-Flag.jpg 640w\" sizes=\"(max-width: 300px) 100vw, 300px\" \/>Ya sea que lo acusen falsamente o hayan cometido un error de juicio en Phoenix, Arizona, necesita un equipo experimentado de abogados de defensa criminal probados, compasivos y agresivos que lo respalden. Es hora de abogados de defensa criminal que luchan por usted como si estuvieran luchando por su propia familia. Elsombrero ser\u00eda el Equipo de Defensa Criminal de Phoenix Arizona en Ciccarelli Law Offices. Somos un equipo experimentado de abogados litigantes decididos a luchar por usted. Cont\u00e1ctenos ahora si est\u00e1 bajo sospecha o si el Estado de Arizona lo est\u00e1 atacando y acusando de delitos en el \u00e1rea metropolitana de Phoenix y el Valle del Sol, incluidos Tempe, Chandler, Gilbert y Scottsdale.<\/p>\n<h2>Abogados penalistas de Phoenix listos para luchar por usted. Cont\u00e1ctanos Ahora.<\/h2>\n<p>Lee Ciccarelli y lideran un equipo que aporta m\u00e1s de cien a\u00f1os de experiencia combinada en defensa criminal nacional en tribunales estatales y federales. Reconocidospor colegas como Super Lawyers y nuestros clientes con cientos de rese\u00f1as de cinco estrellas,entendemos la implicaci\u00f3n y las consecuencias de una investigaci\u00f3n criminal, enjuiciamiento y \/ o condena en Arizona. Entendemos que est\u00e1 buscando los mejores Phoenix de derecho penalque pueda pagar y un equipo que est\u00e9 disponible para usted y su familia cuando m\u00e1s los necesite. En Ciccarelli Law Offices, su \u00e9xito es nuestra misi\u00f3n.<\/p>\n<h2>Abogado de defensa criminal de Phoenix: Listo para luchar y una evaluaci\u00f3n gratuita del caso<\/h2>\n<p>Ahora es el momento de actuar. Ahora es el momento de marcar la diferencia. Ya sea que usted o un miembro de su familia tengan razones para creer que est\u00e1 bajo sospecha por un cargo criminal en Phoenix o por aceptar un arresto o encarcelamiento pendiente de fianza, se requiere acci\u00f3n. Entendemos que est\u00e1 buscando el mejor abogado penalista de Phoenix para usted y uno que sea respetado y temido por los fiscales. Contact us now for a Free Case Evaluation.<\/p>\n<p>Necesita abogados que entiendan que en una crisis, necesita un equipo legal con el coraje y la convicci\u00f3n para marcar la diferencia. Deja que Lee Ciccarelli, y su equipo est\u00e9n all\u00ed cuando m\u00e1s los necesites. Encontrar\u00e1 en nuestro equipo de abogados de defensa criminal inteligentes y agresivos de Phoenix, un deseo y deseo de ser agresivo y razonable, reflexivo y decidido. Est\u00e1 en nuestro ADN tener la espalda.<\/p>\n<ul>\n<li>Traemos experiencia en defensa criminal en grandes ciudades defendiendo casos de delitos graves de alto perfil, incluidos Asesinato, Triple Homicide, Intento de Homicidio, Agresi\u00f3n Sexual, Imagen Ilegal, Delitos Sexuales y Malversaci\u00f3nde Fondos Multimillonarios.<\/li>\n<li>Tambi\u00e9n servimos a nuestros clientes que necesitan la delicadeza de sus abogados de defensa criminal de Arizona para desactivar silenciosamente posibles investigaciones criminales sensibles antes de que se conviertan en cargos criminales.<\/li>\n<li>Aportamos nuestros m\u00e1s de 100 a\u00f1os de experiencia nacional a clientes profesionales y comerciales de Phoenix Arizona que necesitan abogados con experiencia en representar sus intereses o los intereses de un miembro de la familia de una manera cari\u00f1osa, agresiva y decidida.<\/li>\n<li>Las Oficinas Legales ciccarelli se dedican a luchar por los derechos de aquellos cuya libertad est\u00e1 en juego cuando enfrentan acusaciones penales.<\/li>\n<li>Nos esforzamos pormarcar la diferencia para los clientes, independientemente de qui\u00e9nes sean, de d\u00f3nde sean o cu\u00e1nto dinero tengan.<\/li>\n<li>Hemos representado con \u00e9xito a miles de clientes en todo el pa\u00eds.<\/li>\n<li>Tenemos cientos de rese\u00f1as de cinco estrellas de clientes.<\/li>\n<li>Lee Ciccarelli y han sido reconocidos como Super Lawyers y Lee tambi\u00e9n ha sido calificado por AVVO con su calificaci\u00f3n m\u00e1s alta (10. 0) y como uno de los 100 mejores abogados litigantes por la Asociaci\u00f3n Nacional de Abogados Litigantes, el premio TEN Best Client Satisfaction por el Instituto American de Abogados DUI \/ DWI y como uno de los 100 mejores abogados litigantes por la Sociedad Americana de Abogados Legales.<\/li>\n<li>Top 100 Trial Lawyer por the National Trial Lawyers Association, recibi\u00f3 el premio Ten Best client satisfaction award por el American Institute of DUI\/DWI Attorneys y fue reconocido como uno de los 100 mejores abogados litigantes por la American Society of Legal Advocates. Lee tambi\u00e9n ha sido miembro del Colegio Nacional para la Defensa de DUI y reconocido como miembro Premier 100 de la Academia Nacional de Jurisprudencia, as\u00ed como miembro delForo de Defensores de Million Dollar.<\/li>\n<\/ul>\n<h2>Tipos de casos que manejamos en Phoenix Arizona<\/h2>\n<p>Nuestra pr\u00e1ctica maneja casos de Arizona que involucran cargos criminales, quejas penales y arrestos criminales. Algunos de los tipos de casos que manejamos en nombre de clientes en todo el estado incluyen, entre otros, los siguientes:<\/p>\n<ul>\n<li>Delitos de drogas<\/li>\n<li>Cargos por DUI<\/li>\n<li>Delitos sexuales<\/li>\n<li>Violencia dom\u00e9stica<\/li>\n<li>Cargos por fraude y robo<\/li>\n<li>Armas y cargos por armas de fuego<\/li>\n<li>Asalto y asalto agravado<\/li>\n<li>Cargos de asesinato<\/li>\n<li>Cr\u00edmenes violentos<\/li>\n<li>Causas penales juveniles<\/li>\n<li>Agresi\u00f3n sexual<\/li>\n<li>Violencia dom\u00e9stica<\/li>\n<li>Delitos de cuello blanco<\/li>\n<li>Cargos federales<\/li>\n<li>Casos de delitos universitarios<\/li>\n<li>Eliminaci\u00f3n de adultos y juveniles<\/li>\n<\/ul>\n<p>De ninguna manera pretende ser una lista completa de los tipos de casos que manejamos en nombre de nuestros clientes. Si no ve el cargo espec\u00edfico que enfrenta en esta lista, comun\u00edquese con uno de nuestros abogados de defensa criminal de Arizona para que podamos analizar los hechos de su caso y determinar los mejores pasos para avanzar.<\/p>\n<p>Si tiene un cargo penal pasado de adulto o menor que est\u00e1 buscando que se elimine o elimine de su registro, nuestro equipo est\u00e1 listo para ayudarlo hoy. Tenemos experiencia en el manejo del proceso de eliminaci\u00f3n, y trabajaremos para que estos cargos se eliminen de sus antecedentes penales para que pueda seguir adelante con su vida.<\/p>\n<h3>C\u00d3MO ESTE EQUIPO DE DEFENSA CRIMINAL HACE UNA DIFERENCIA PARA USTED<\/h3>\n<h2>SU \u00c9XITO ES NUESTRA MISI\u00d3N<\/h2>\n<p>T\u00fa importas y queremos marcar la diferencia. Entendemos que usted y su familia est\u00e1n en una crisis y necesitan un liderazgo que sea reflexivo, inteligente, agresivo y cari\u00f1oso. Entendemos c\u00f3mo la perspectiva de ser blanco de un enjuiciamiento y ser objeto de condena y castigo puede cambiar la vida. que enfrentar cargos criminales puede ser inquietante y frustrante. Tenemos la intenci\u00f3n de brindarle la comodidad, la comunicaci\u00f3n que esperar\u00eda de un asesor legal de primer nivel y de primer nivel. Lee y nuestro equipo est\u00e1n dedicados a tratarlo con respeto y compasi\u00f3n mientras luchamos por su futuro y usted puede esperar:<\/p>\n<ul>\n<li>Atenci\u00f3n personalizada por nuestra parte durante todo su caso para que tenga nuestra atenci\u00f3n ya que le brindamos el asesoramiento y la direcci\u00f3n que necesita.<\/li>\n<li>Una revisi\u00f3n y ataque exhaustivo, detallado y creativo del caso de lafiscal\u00edacon entrevistas e investigaci\u00f3n.<\/li>\n<li>Investigaremos la ciencia forense que se est\u00e1 utilizando en cualquier caso y le proporcionaremos opciones en t\u00e9rminos de defensa experta.<\/li>\n<li>Consideraci\u00f3n de teor\u00edas alternativas impulsadas hacia una absoluci\u00f3n o destituci\u00f3n no culpable o reducci\u00f3n de los cargos.<\/li>\n<li>Una revisi\u00f3n del caso se centr\u00f3 en suprimir la evidencia que fue el resultado de la mala conducta policial y las violaciones de sus derechos.<\/li>\n<li>Acceso a recursos cr\u00edticos, incluidos investigadores forenses, investigadores privados para contactar y entrevistar a testigos para apoyar su caso de defensa.<\/li>\n<\/ul>\n<h2>Buscando un abogado litigante penal respetado en Arizona en Phoenix, Arizona<\/h2>\n<p>Si usted o alguien que le importa se enfrenta a cualquier tipo de cargo criminal, arresto o investigaci\u00f3n en el \u00e1rea metropolitana de Phoenix, incluidos Tempe, Scottsdale, Chandler o Gilbert, necesita abogados en los que pueda confiar y listos para luchar por usted y su familia. Cont\u00e1ctenos ahora en Ciccarelli Law Offices. Nuestro equipo tiene el historial de \u00e9xito en la toma de casos complejos de defensa criminal. Cobramos tarifas razonables y trabajamos con usted cuando necesita nuestro help. Tenemos los recursos necesarios para investigar estos casos y asegurarnos de que usted sea tratado de manera justa durante todo el proceso. Nuestro objetivo es reducir o desestimar los cargos en su contra para que pueda volver a vivir su vida y mantenerse a s\u00ed mismo y a su familia. Su \u00e9xito es nuestra misi\u00f3n.<\/p>\n","protected":false},"excerpt":{"rendered":"<p>Ya sea que lo acusen falsamente o hayan cometido un error de juicio en Phoenix, Arizona, necesita un equipo experimentado de abogados de defensa criminal probados, compasivos y agresivos que lo respalden. Es hora de abogados de defensa criminal que luchan por usted como si estuvieran luchando por su propia familia. Elsombrero ser\u00eda el Equipo de Defensa Criminal de Phoenix\u2026 <a href=\"https:\/\/ciccarelli.com\/arizona\/abogados-de-defensa-criminal-de-arizona\/\">READ MORE<\/a><\/p>\n","protected":false},"author":7,"featured_media":0,"parent":0,"menu_order":0,"comment_status":"closed","ping_status":"closed","template":"","meta":{"_acf_changed":false,"footnotes":"","_content_optimizer_report_url":"","_content_optimizer_report_added":"","_content_optimizer_keyword_hide_used":false,"_content_optimizer_keyword_hide_above_average":false,"_content_optimizer_entities_hide_used":false,"_content_optimizer_entities_hide_above_average":false,"_content_optimizer_headings_hide_used":false,"_content_optimizer_questions_hide_used":false,"_content_optimizer_tab_active":"","_content_optimizer_report_url_ce":"","_content_optimizer_report_added_ce":"","_content_optimizer_keyword_hide_used_ce":false,"_content_optimizer_keyword_hide_above_average_ce":false,"_content_optimizer_entities_hide_used_ce":false,"_content_optimizer_entities_hide_above_average_ce":false,"_content_optimizer_headings_hide_used_ce":false,"_content_optimizer_questions_hide_used_ce":false,"_content_optimizer_tab_active_ce":""},"class_list":["post-47749","page","type-page","status-publish","hentry"],"acf":[],"yoast_head":"<!-- This site is optimized with the Yoast SEO plugin v27.1.1 - https:\/\/yoast.com\/product\/yoast-seo-wordpress\/ -->\n<title>Abogados de Defensa Criminal de Arizona<\/title>\n<meta name=\"robots\" content=\"index, follow, max-snippet:-1, max-image-preview:large, max-video-preview:-1\" \/>\n<link rel=\"canonical\" href=\"https:\/\/ciccarelli.com\/arizona\/abogados-de-defensa-criminal-de-arizona\/\" \/>\n<meta property=\"og:locale\" content=\"en_US\" \/>\n<meta property=\"og:type\" content=\"article\" \/>\n<meta property=\"og:title\" content=\"Abogados de Defensa Criminal de Arizona\" \/>\n<meta property=\"og:description\" content=\"Ya sea que lo acusen falsamente o hayan cometido un error de juicio en Phoenix, Arizona, necesita un equipo experimentado de abogados de defensa criminal probados, compasivos y agresivos que lo respalden. Es hora de abogados de defensa criminal que luchan por usted como si estuvieran luchando por su propia familia. Elsombrero ser\u00eda el Equipo de Defensa Criminal de Phoenix\u2026 READ MORE\" \/>\n<meta property=\"og:url\" content=\"https:\/\/ciccarelli.com\/arizona\/abogados-de-defensa-criminal-de-arizona\/\" \/>\n<meta property=\"og:site_name\" content=\"Ciccarelli Law Offices - AZ\" \/>\n<meta property=\"article:modified_time\" content=\"2022-01-13T17:30:21+00:00\" \/>\n<meta property=\"og:image\" content=\"https:\/\/ciccarellilawoffices.kinsta.cloud\/arizona\/wp-content\/uploads\/2022\/01\/Ciccarelli-Flag-300x300.jpg\" \/>\n<meta name=\"twitter:card\" content=\"summary_large_image\" \/>\n<meta name=\"twitter:label1\" content=\"Est. reading time\" \/>\n\t<meta name=\"twitter:data1\" content=\"6 minutes\" \/>\n<script type=\"application\/ld+json\" class=\"yoast-schema-graph\">{\"@context\":\"https:\/\/schema.org\",\"@graph\":[{\"@type\":\"WebPage\",\"@id\":\"https:\/\/ciccarelli.com\/arizona\/abogados-de-defensa-criminal-de-arizona\/\",\"url\":\"https:\/\/ciccarelli.com\/arizona\/abogados-de-defensa-criminal-de-arizona\/\",\"name\":\"Abogados de Defensa Criminal de Arizona\",\"isPartOf\":{\"@id\":\"https:\/\/ciccarelli.com\/arizona\/#website\"},\"primaryImageOfPage\":{\"@id\":\"https:\/\/ciccarelli.com\/arizona\/abogados-de-defensa-criminal-de-arizona\/#primaryimage\"},\"image\":{\"@id\":\"https:\/\/ciccarelli.com\/arizona\/abogados-de-defensa-criminal-de-arizona\/#primaryimage\"},\"thumbnailUrl\":\"https:\/\/ciccarellilawoffices.kinsta.cloud\/arizona\/wp-content\/uploads\/2022\/01\/Ciccarelli-Flag-300x300.jpg\",\"datePublished\":\"2021-10-27T10:08:35+00:00\",\"dateModified\":\"2022-01-13T17:30:21+00:00\",\"breadcrumb\":{\"@id\":\"https:\/\/ciccarelli.com\/arizona\/abogados-de-defensa-criminal-de-arizona\/#breadcrumb\"},\"inLanguage\":\"en-US\",\"potentialAction\":[{\"@type\":\"ReadAction\",\"target\":[\"https:\/\/ciccarelli.com\/arizona\/abogados-de-defensa-criminal-de-arizona\/\"]}]},{\"@type\":\"ImageObject\",\"inLanguage\":\"en-US\",\"@id\":\"https:\/\/ciccarelli.com\/arizona\/abogados-de-defensa-criminal-de-arizona\/#primaryimage\",\"url\":\"https:\/\/ciccarellilawoffices.kinsta.cloud\/arizona\/wp-content\/uploads\/2022\/01\/Ciccarelli-Flag-300x300.jpg\",\"contentUrl\":\"https:\/\/ciccarellilawoffices.kinsta.cloud\/arizona\/wp-content\/uploads\/2022\/01\/Ciccarelli-Flag-300x300.jpg\"},{\"@type\":\"BreadcrumbList\",\"@id\":\"https:\/\/ciccarelli.com\/arizona\/abogados-de-defensa-criminal-de-arizona\/#breadcrumb\",\"itemListElement\":[{\"@type\":\"ListItem\",\"position\":1,\"name\":\"Home\",\"item\":\"https:\/\/ciccarelli.com\/arizona\/\"},{\"@type\":\"ListItem\",\"position\":2,\"name\":\"Abogados de Defensa Criminal de Arizona\"}]},{\"@type\":\"WebSite\",\"@id\":\"https:\/\/ciccarelli.com\/arizona\/#website\",\"url\":\"https:\/\/ciccarelli.com\/arizona\/\",\"name\":\"Ciccarelli Law Offices - AZ\",\"description\":\"Ciccarelli Law Offices - AZ\",\"potentialAction\":[{\"@type\":\"SearchAction\",\"target\":{\"@type\":\"EntryPoint\",\"urlTemplate\":\"https:\/\/ciccarelli.com\/arizona\/?s={search_term_string}\"},\"query-input\":{\"@type\":\"PropertyValueSpecification\",\"valueRequired\":true,\"valueName\":\"search_term_string\"}}],\"inLanguage\":\"en-US\"}]}<\/script>\n<!-- \/ Yoast SEO plugin. -->","yoast_head_json":{"title":"Abogados de Defensa Criminal de Arizona","robots":{"index":"index","follow":"follow","max-snippet":"max-snippet:-1","max-image-preview":"max-image-preview:large","max-video-preview":"max-video-preview:-1"},"canonical":"https:\/\/ciccarelli.com\/arizona\/abogados-de-defensa-criminal-de-arizona\/","og_locale":"en_US","og_type":"article","og_title":"Abogados de Defensa Criminal de Arizona","og_description":"Ya sea que lo acusen falsamente o hayan cometido un error de juicio en Phoenix, Arizona, necesita un equipo experimentado de abogados de defensa criminal probados, compasivos y agresivos que lo respalden. Es hora de abogados de defensa criminal que luchan por usted como si estuvieran luchando por su propia familia. Elsombrero ser\u00eda el Equipo de Defensa Criminal de Phoenix\u2026 READ MORE","og_url":"https:\/\/ciccarelli.com\/arizona\/abogados-de-defensa-criminal-de-arizona\/","og_site_name":"Ciccarelli Law Offices - AZ","article_modified_time":"2022-01-13T17:30:21+00:00","og_image":[{"url":"https:\/\/ciccarellilawoffices.kinsta.cloud\/arizona\/wp-content\/uploads\/2022\/01\/Ciccarelli-Flag-300x300.jpg","type":"","width":"","height":""}],"twitter_card":"summary_large_image","twitter_misc":{"Est. reading time":"6 minutes"},"schema":{"@context":"https:\/\/schema.org","@graph":[{"@type":"WebPage","@id":"https:\/\/ciccarelli.com\/arizona\/abogados-de-defensa-criminal-de-arizona\/","url":"https:\/\/ciccarelli.com\/arizona\/abogados-de-defensa-criminal-de-arizona\/","name":"Abogados de Defensa Criminal de Arizona","isPartOf":{"@id":"https:\/\/ciccarelli.com\/arizona\/#website"},"primaryImageOfPage":{"@id":"https:\/\/ciccarelli.com\/arizona\/abogados-de-defensa-criminal-de-arizona\/#primaryimage"},"image":{"@id":"https:\/\/ciccarelli.com\/arizona\/abogados-de-defensa-criminal-de-arizona\/#primaryimage"},"thumbnailUrl":"https:\/\/ciccarellilawoffices.kinsta.cloud\/arizona\/wp-content\/uploads\/2022\/01\/Ciccarelli-Flag-300x300.jpg","datePublished":"2021-10-27T10:08:35+00:00","dateModified":"2022-01-13T17:30:21+00:00","breadcrumb":{"@id":"https:\/\/ciccarelli.com\/arizona\/abogados-de-defensa-criminal-de-arizona\/#breadcrumb"},"inLanguage":"en-US","potentialAction":[{"@type":"ReadAction","target":["https:\/\/ciccarelli.com\/arizona\/abogados-de-defensa-criminal-de-arizona\/"]}]},{"@type":"ImageObject","inLanguage":"en-US","@id":"https:\/\/ciccarelli.com\/arizona\/abogados-de-defensa-criminal-de-arizona\/#primaryimage","url":"https:\/\/ciccarellilawoffices.kinsta.cloud\/arizona\/wp-content\/uploads\/2022\/01\/Ciccarelli-Flag-300x300.jpg","contentUrl":"https:\/\/ciccarellilawoffices.kinsta.cloud\/arizona\/wp-content\/uploads\/2022\/01\/Ciccarelli-Flag-300x300.jpg"},{"@type":"BreadcrumbList","@id":"https:\/\/ciccarelli.com\/arizona\/abogados-de-defensa-criminal-de-arizona\/#breadcrumb","itemListElement":[{"@type":"ListItem","position":1,"name":"Home","item":"https:\/\/ciccarelli.com\/arizona\/"},{"@type":"ListItem","position":2,"name":"Abogados de Defensa Criminal de Arizona"}]},{"@type":"WebSite","@id":"https:\/\/ciccarelli.com\/arizona\/#website","url":"https:\/\/ciccarelli.com\/arizona\/","name":"Ciccarelli Law Offices - AZ","description":"Ciccarelli Law Offices - AZ","potentialAction":[{"@type":"SearchAction","target":{"@type":"EntryPoint","urlTemplate":"https:\/\/ciccarelli.com\/arizona\/?s={search_term_string}"},"query-input":{"@type":"PropertyValueSpecification","valueRequired":true,"valueName":"search_term_string"}}],"inLanguage":"en-US"}]}},"_links":{"self":[{"href":"https:\/\/ciccarelli.com\/arizona\/wp-json\/wp\/v2\/pages\/47749","targetHints":{"allow":["GET"]}}],"collection":[{"href":"https:\/\/ciccarelli.com\/arizona\/wp-json\/wp\/v2\/pages"}],"about":[{"href":"https:\/\/ciccarelli.com\/arizona\/wp-json\/wp\/v2\/types\/page"}],"author":[{"embeddable":true,"href":"https:\/\/ciccarelli.com\/arizona\/wp-json\/wp\/v2\/users\/7"}],"replies":[{"embeddable":true,"href":"https:\/\/ciccarelli.com\/arizona\/wp-json\/wp\/v2\/comments?post=47749"}],"version-history":[{"count":10,"href":"https:\/\/ciccarelli.com\/arizona\/wp-json\/wp\/v2\/pages\/47749\/revisions"}],"predecessor-version":[{"id":48360,"href":"https:\/\/ciccarelli.com\/arizona\/wp-json\/wp\/v2\/pages\/47749\/revisions\/48360"}],"wp:attachment":[{"href":"https:\/\/ciccarelli.com\/arizona\/wp-json\/wp\/v2\/media?parent=47749"}],"curies":[{"name":"wp","href":"https:\/\/api.w.org\/{rel}","templated":true}]}}